{"id":19128,"date":"2022-10-23T22:12:56","date_gmt":"2022-10-24T02:12:56","guid":{"rendered":"https:\/\/420now.co\/product\/pineapple-express-meds-vape-pen-kit-1-gramme\/"},"modified":"2026-02-08T08:23:48","modified_gmt":"2026-02-08T13:23:48","slug":"pineapple-express-meds-vape-pen-kit-1-gramme","status":"publish","type":"product","link":"https:\/\/420now.co\/fr-ca\/product\/pineapple-express-meds-vape-pen-kit-1-gramme\/","title":{"rendered":"Pineapple Express Meds Vape Pen Kit 1 gramme"},"content":{"rendered":"<p>Pineapple Express Meds a un \u00e9norme public ainsi que sa grande r\u00e9putation dans la production de produits de haute qualit\u00e9, et vous ne vous tromperez pas avec leur kit de vapotage \u00e0 ar\u00f4me naturel. En plus d\u2019un distillat pur \u00e0 95% de THC, ce kit est livr\u00e9 avec du mat\u00e9riel de technologie CCEL. <\/p>\n<p>Quatre-vingt-quinze pour cent de THC avec sauce terp\u00e9nique diamant ajout\u00e9e &#8211; vous appr\u00e9cierez les effets euphoriques et relaxants que cette combinaison donnera, et connaissez votre vapotage avec un produit auquel vous pouvez avoir confiance.<\/p>\n<p>Pineapple Express Les kits de stylos \u00e0 vape ne contiennent aucun additif. Il n\u2019y a pas de PG, de VG ou d\u2019ac\u00e9tate de vitamine E. <\/p>\n<p>Livr\u00e9 avec une batterie et un chargeur r\u00e9utilisables et rechargeables \u00e0 fil 510 et est compatible avec toutes les cartouches \u00e0 filetage 510.<\/p>\n<h2>En savoir plus sur les vaporisateurs PEX\/PEM de Pineapple Express Meds<\/h2>\n<p>Pineapple Express Meds est une entreprise canadienne \u00e9tablie dans la r\u00e9gion du Grand Toronto qui fabrique des produits de cannabis de haute qualit\u00e9 depuis plusieurs ann\u00e9es. Leurs proc\u00e9d\u00e9s internes r\u00e9pondent \u00e0 des normes \u00e9lev\u00e9es, y compris leurs m\u00e9thodes de distillation. <\/p>\n<p>Pour vous offrir un produit que vous aimerez utiliser, l\u2019entreprise a conclu des accords avec CCEL, \u00e9tabli en 2016 dans le but d\u2019am\u00e9liorer la technologie de vapotage. L\u2019une de leurs plus grandes r\u00e9alisations a \u00e9t\u00e9 de cr\u00e9er un composant chauffant en c\u00e9ramique pour les stylos \u00e0 vape. S\u2019associer \u00e0 la meilleure technologie \u00e9tait l\u2019objectif de Pineapple Express Meds, pour s\u2019assurer qu\u2019ils livraient un excellent produit avec leur distillat de THC pur avec Diamond Terpene Sauce.  <\/p>\n<p>L\u2019ajout de leur sauce terp\u00e9nique Diamond est ce que de nombreux fans aiment vraiment chez Pineapple Express. Vous obtenez une combinaison fantastique de terp\u00e8nes et de cannabino\u00efdes pour aider le THC \u00e0 cr\u00e9er le bonheur euphorisant que vous recherchez. <\/p>\n<p>Il n\u2019y a pas de solvants ni d\u2019additifs dans les produits de Pineapple Express Med; vous obtenez la puret\u00e9 que vous allez aimer!<\/p>\n<h2>Entreposage et manutention<\/h2>\n<p>Tenir \u00e0 l\u2019\u00e9cart et hors de port\u00e9e des enfants.<\/p>\n<p>Ce vaporisateur (et toutes les cartouches contenant du distillat, d\u2019ailleurs) doit \u00eatre conserv\u00e9 \u00e0 temp\u00e9rature ambiante et ne pas congeler. Pour de meilleurs r\u00e9sultats, ils doivent \u00eatre rang\u00e9s verticalement et \u00e0 l\u2019abri de la lumi\u00e8re directe du soleil, de pr\u00e9f\u00e9rence dans une armoire sombre entre deux utilisations.   <\/p>\n<p>Comme le distillat est expos\u00e9 \u00e0 des temp\u00e9ratures plus basses, il peut s\u2019\u00e9paissir et provoquer des colmatages. Si cela vous arrive, r\u00e9chauffez-le avec vos mains pendant 5 \u00e0 10 minutes. <\/p>\n<h2>Livraison de trousses de vapotage Pineapple Express Meds dans la r\u00e9gion de Toronto<\/h2>\n<p>Si vous \u00eates dans la r\u00e9gion du Grand Toronto (RGT), vous pouvez vous procurer Pineapple Express Meds (PEM\/PEX) dans les 2 heures* \u00e0 votre porte! Commandez avant 20 h et l\u2019un de nos chauffeurs vous livrera le jour m\u00eame, 2 heures gratuitement, lorsque vous commandez un minimum de 100,00 $ de l\u2019un des produits sur notre site Web.<\/p>\n<p>*Livraison en deux heures \u00e0 Toronto (Scarborough, North York, Etobicoke, DownTown, York \u2013 toutes les r\u00e9gions \u00e0 l\u2019int\u00e9rieur des fronti\u00e8res de la ville de Toronto), Richmond Hill, King, Aurora, Newmarket, Woodbridge, Vaughan et Markham.<\/p>\n<p>Pour les r\u00e9gions p\u00e9riph\u00e9riques telles que Brampton, Caledon, Mississauga, Pickering, Ajax, Whitby, Oshawa, Clarington, Scugog, Uxbridge, East Gwillimbury, Georgina et Brock, veuillez nous appeler avant de commander pour d\u00e9terminer la disponibilit\u00e9 des chauffeurs.<\/p>\n<p>Nous exp\u00e9dions \u00e9galement partout au Canada et dans des r\u00e9gions \u00e9loign\u00e9es en dehors de notre zone de livraison gratuite habituelle.<\/p>\n","protected":false},"excerpt":{"rendered":"<p>Pineapple Express Meds a un \u00e9norme public ainsi que sa grande r\u00e9putation dans la production de produits de haute qualit\u00e9, et vous ne vous tromperez pas avec leur kit de vapotage \u00e0 ar\u00f4me naturel. En plus d\u2019un distillat pur \u00e0 95% de THC, ce kit est livr\u00e9 avec du mat\u00e9riel de technologie CCEL. <\/p>\n<p>Quatre-vingt-quinze pour cent de THC avec sauce terp\u00e9nique diamant ajout\u00e9e &#8211; vous appr\u00e9cierez les effets euphoriques et relaxants que cette combinaison donnera, et connaissez votre vapotage avec un produit auquel vous pouvez avoir confiance.<\/p>\n<p>Pineapple Express Les kits de stylos \u00e0 vape ne contiennent aucun additif. Il n\u2019y a pas de PG, de VG ou d\u2019ac\u00e9tate de vitamine E. <\/p>\n<p>Livr\u00e9 avec une batterie et un chargeur r\u00e9utilisables et rechargeables \u00e0 fil 510 et est compatible avec toutes les cartouches \u00e0 filetage 510.<\/p>\n","protected":false},"featured_media":17285,"comment_status":"open","ping_status":"closed","template":"","meta":{"_acf_changed":false},"product_brand":[365],"product_cat":[282],"product_tag":[],"class_list":{"0":"post-19128","1":"product","2":"type-product","3":"status-publish","4":"has-post-thumbnail","6":"product_brand-pineapple-express-meds-pem","7":"product_cat-trousse-de-demarrage","9":"first","10":"instock","11":"shipping-taxable","12":"purchasable","13":"product-type-simple"},"acf":[],"_links":{"self":[{"href":"https:\/\/420now.co\/fr-ca\/wp-json\/wp\/v2\/product\/19128","targetHints":{"allow":["GET"]}}],"collection":[{"href":"https:\/\/420now.co\/fr-ca\/wp-json\/wp\/v2\/product"}],"about":[{"href":"https:\/\/420now.co\/fr-ca\/wp-json\/wp\/v2\/types\/product"}],"replies":[{"embeddable":true,"href":"https:\/\/420now.co\/fr-ca\/wp-json\/wp\/v2\/comments?post=19128"}],"wp:featuredmedia":[{"embeddable":true,"href":"https:\/\/420now.co\/fr-ca\/wp-json\/wp\/v2\/media\/17285"}],"wp:attachment":[{"href":"https:\/\/420now.co\/fr-ca\/wp-json\/wp\/v2\/media?parent=19128"}],"wp:term":[{"taxonomy":"product_brand","embeddable":true,"href":"https:\/\/420now.co\/fr-ca\/wp-json\/wp\/v2\/product_brand?post=19128"},{"taxonomy":"product_cat","embeddable":true,"href":"https:\/\/420now.co\/fr-ca\/wp-json\/wp\/v2\/product_cat?post=19128"},{"taxonomy":"product_tag","embeddable":true,"href":"https:\/\/420now.co\/fr-ca\/wp-json\/wp\/v2\/product_tag?post=19128"}],"curies":[{"name":"wp","href":"https:\/\/api.w.org\/{rel}","templated":true}]}}