{"id":19129,"date":"2022-10-25T05:33:29","date_gmt":"2022-10-25T09:33:29","guid":{"rendered":"https:\/\/420now.co\/product\/mechants-bleus\/"},"modified":"2026-02-08T15:10:00","modified_gmt":"2026-02-08T20:10:00","slug":"mechants-bleus","status":"publish","type":"product","link":"https:\/\/420now.co\/fr-ca\/product\/mechants-bleus\/","title":{"rendered":"Blue Meanies"},"content":{"rendered":"<p>Cette vari\u00e9t\u00e9 de champignons magiques n\u2019est pas recommand\u00e9e pour les d\u00e9butants crus, mais nous l\u2019offrons \u00e0 nos clients qui sont des v\u00e9t\u00e9rans dans le monde des champignons. Les Blue Meanies peuvent \u00eatre tr\u00e8s puissants, et bien qu\u2019ils sugg\u00e8rent qu\u2019ils sont m\u00e9chants, ceux qui aiment les voyages avec Blue Meanies ressentiront une euphorie tr\u00e8s intense. <\/p>\n<p>Le nom de cette vari\u00e9t\u00e9 vient du fait que lorsque ces champignons subissent un impact quelconque, la zone d\u2019impact devient bleue.<\/p>\n<p>Commencez par de petites quantit\u00e9s &#8211; et attendez-vous \u00e0 ce que votre exp\u00e9rience dure jusqu\u2019\u00e0 8 heures, bien qu\u2019elle puisse \u00eatre aussi faible que 4. Pendant cette p\u00e9riode, vos exp\u00e9riences peuvent \u00eatre tr\u00e8s intenses, affectant \u00e0 la fois vos sens visuel et auditif, modifiant l\u2019esprit tout en procurant un bourdonnement corporel intense. <\/p>\n<h2>Histoire des Blue Meanies<\/h2>\n<p>Les champignons psychoactifs ont \u00e9t\u00e9 utilis\u00e9s tout au long de l\u2019histoire et dans le monde entier \u00e0 de nombreuses fins. Comme beaucoup d\u2019aujourd\u2019hui, certains des anciens pr\u00eatres et chefs spirituels ont d\u00e9couvert des v\u00e9rit\u00e9s et des id\u00e9es mystiques et transcendantes en consommant des champignons magiques. Ils ont \u00e9galement \u00e9t\u00e9 utilis\u00e9s \u00e0 des fins de gu\u00e9rison ou \u00e0 des fins r\u00e9cr\u00e9atives consistant \u00e0 glisser dans un \u00e9tat alt\u00e9r\u00e9 et \u00e0 entendre et voir les choses diff\u00e9remment. Cela inclut souvent un sentiment d\u2019euphorie en m\u00eame temps.   <\/p>\n<p>Les Blue Meanies sont probablement originaires d\u2019Australie, o\u00f9 il est bien connu que les autochtones de ce continent consid\u00e9raient les champignons magiques comme extr\u00eamement sacr\u00e9s. Aujourd\u2019hui, il existe plus de 20 vari\u00e9t\u00e9s diff\u00e9rentes de champignons magiques en Australie, bien que toutes ne soient pas indig\u00e8nes. D\u2019autre part, certains des champignons indig\u00e8nes d\u2019Australie ont \u00e9t\u00e9 import\u00e9s en Europe et en Am\u00e9rique du Nord, o\u00f9 ils ont probablement \u00e9volu\u00e9.  <\/p>\n<h2>Avantages et effets des Blue Meanies<\/h2>\n<p>Comme tous les champignons \u00e0 base de psilocybine, les Blue Meanies peuvent avoir une vari\u00e9t\u00e9 d\u2019avantages pour la sant\u00e9 que la recherche continue d\u2019examiner. Ces petites beaut\u00e9s semblent avoir un effet significatif sur le bien-\u00eatre mental de ceux qui souffrent d\u2019anxi\u00e9t\u00e9 et de d\u00e9pression. Des \u00e9tudes men\u00e9es en 2016 dans deux universit\u00e9s am\u00e9ricaines, John Hopkins et New York University, ont r\u00e9v\u00e9l\u00e9 une augmentation \u00e9tonnante de 80% du bien-\u00eatre des patients concern\u00e9s et ont re\u00e7u de la psilocybine!  <\/p>\n<p>Avec une exp\u00e9rience hallucinatoire mais \u00e9nergisante, les champignons magiques, y compris les Blue Meanies, peuvent avoir des effets positifs \u00e0 long terme sur l\u2019am\u00e9lioration de l\u2019humeur, tout en combattant l\u2019anxi\u00e9t\u00e9 et la d\u00e9pression. Il est prometteur que les champignons comme Blue Meanies pourraient donner de l\u2019espoir aux personnes souffrant d\u2019autres troubles psychologiques et mentaux. Leur utilisation comme moyen de traiter la toxicomanie, y compris la d\u00e9pendance \u00e0 l\u2019alcool, semble \u00e9galement prometteuse.  <\/p>\n<p>Mais vous serez peut-\u00eatre plus int\u00e9ress\u00e9 par leur utilisation r\u00e9cr\u00e9ative, y compris l\u2019exp\u00e9rience rapide et durable que vous obtiendrez de nos Blue Meanies! Peut-\u00eatre voulez-vous simplement vous connecter \u00e0 votre c\u00f4t\u00e9 mystique ou spirituel profond. <\/p>\n<h2>Livraison gratuite de champignons Blue Meanies dans la r\u00e9gion du Grand Toronto<\/h2>\n<p>Si vous \u00eates dans la r\u00e9gion du Grand Toronto (RGT), vous pouvez vous procurer des champignons d\u2019Amazonie en 2 heures* \u00e0 votre porte! Commandez avant 20 h et l\u2019un de nos chauffeurs vous livrera le jour m\u00eame, 2 heures gratuitement, lorsque vous commandez un minimum de 100,00 $ de l\u2019un des produits sur notre site Web.<\/p>\n<p>*Livraison en deux heures \u00e0 Toronto (Scarborough, North York, Etobicoke, DownTown, York \u2013 toutes les r\u00e9gions \u00e0 l\u2019int\u00e9rieur des fronti\u00e8res de la ville de Toronto), Richmond Hill, King, Aurora, Newmarket, Woodbridge, Vaughan et Markham.<\/p>\n<p>Pour les r\u00e9gions p\u00e9riph\u00e9riques telles que Brampton, Caledon, Mississauga, Pickering, Ajax, Whitby, Oshawa, Clarington, Scugog, Uxbridge, East Gwillimbury, Georgina et Brock, veuillez appeler \u00e0 l\u2019avance avant de passer votre commande afin que nous puissions v\u00e9rifier la disponibilit\u00e9 de notre chauffeur-livreur dans votre r\u00e9gion ce jour-l\u00e0.<\/p>\n<p>Si nous ne sommes pas disponibles pour livrer, nous pouvons prendre des dispositions pour d\u2019autres m\u00e9thodes d\u2019exp\u00e9dition rapides, y compris dans toutes les autres r\u00e9gions du Canada.<\/p>\n","protected":false},"excerpt":{"rendered":"<p>Cette vari\u00e9t\u00e9 de champignons magiques n\u2019est pas recommand\u00e9e pour les d\u00e9butants crus, mais nous l\u2019offrons \u00e0 nos clients qui sont des v\u00e9t\u00e9rans dans le monde des champignons. Les Blue Meanies peuvent \u00eatre tr\u00e8s puissants, et bien qu\u2019ils sugg\u00e8rent qu\u2019ils sont m\u00e9chants, ceux qui aiment les voyages avec Blue Meanies ressentiront une euphorie tr\u00e8s intense. <\/p>\n<p>Le nom de cette vari\u00e9t\u00e9 vient du fait que lorsque ces champignons subissent un impact quelconque, la zone d\u2019impact devient bleue.<\/p>\n<p>Commencez par de petites quantit\u00e9s &#8211; et attendez-vous \u00e0 ce que votre exp\u00e9rience dure jusqu\u2019\u00e0 8 heures, bien qu\u2019elle puisse \u00eatre aussi faible que 4. Pendant cette p\u00e9riode, vos exp\u00e9riences peuvent \u00eatre tr\u00e8s intenses, affectant \u00e0 la fois vos sens visuel et auditif, modifiant l\u2019esprit tout en procurant un bourdonnement corporel intense. <\/p>\n","protected":false},"featured_media":17288,"comment_status":"open","ping_status":"closed","template":"","meta":{"_acf_changed":false},"product_brand":[],"product_cat":[237],"product_tag":[],"class_list":{"0":"post-19129","1":"product","2":"type-product","3":"status-publish","4":"has-post-thumbnail","6":"product_cat-champignons-secs","8":"first","9":"instock","10":"shipping-taxable","11":"purchasable","12":"product-type-variable"},"acf":[],"_links":{"self":[{"href":"https:\/\/420now.co\/fr-ca\/wp-json\/wp\/v2\/product\/19129","targetHints":{"allow":["GET"]}}],"collection":[{"href":"https:\/\/420now.co\/fr-ca\/wp-json\/wp\/v2\/product"}],"about":[{"href":"https:\/\/420now.co\/fr-ca\/wp-json\/wp\/v2\/types\/product"}],"replies":[{"embeddable":true,"href":"https:\/\/420now.co\/fr-ca\/wp-json\/wp\/v2\/comments?post=19129"}],"wp:featuredmedia":[{"embeddable":true,"href":"https:\/\/420now.co\/fr-ca\/wp-json\/wp\/v2\/media\/17288"}],"wp:attachment":[{"href":"https:\/\/420now.co\/fr-ca\/wp-json\/wp\/v2\/media?parent=19129"}],"wp:term":[{"taxonomy":"product_brand","embeddable":true,"href":"https:\/\/420now.co\/fr-ca\/wp-json\/wp\/v2\/product_brand?post=19129"},{"taxonomy":"product_cat","embeddable":true,"href":"https:\/\/420now.co\/fr-ca\/wp-json\/wp\/v2\/product_cat?post=19129"},{"taxonomy":"product_tag","embeddable":true,"href":"https:\/\/420now.co\/fr-ca\/wp-json\/wp\/v2\/product_tag?post=19129"}],"curies":[{"name":"wp","href":"https:\/\/api.w.org\/{rel}","templated":true}]}}