{"id":19130,"date":"2022-10-25T02:55:24","date_gmt":"2022-10-25T06:55:24","guid":{"rendered":"https:\/\/420now.co\/product\/pinnacle-extractions-cartouche-de-gomme-a-bulles-de-05-ml\/"},"modified":"2026-02-08T08:27:59","modified_gmt":"2026-02-08T13:27:59","slug":"pinnacle-extractions-cartouche-de-gomme-a-bulles-de-05-ml","status":"publish","type":"product","link":"https:\/\/420now.co\/fr-ca\/product\/pinnacle-extractions-cartouche-de-gomme-a-bulles-de-05-ml\/","title":{"rendered":"Pinnacle Extractions Cartouche de 0,5 ml Bubble Gum"},"content":{"rendered":"<p>Pinnacle Extractions est une autre excellente entreprise qui vous offre des choix \u00e0 essayer dans vos exp\u00e9riences de vapotage. Et, vous pouvez sentir la diff\u00e9rence avec ces cartouches par rapport \u00e0 d\u2019autres avec un beau tirage doux, dans une formule de 95% de distillat de THC pur et 5% de terp\u00e8nes.   <\/p>\n<p>Un demi-ml, et dans une cartouche de haute qualit\u00e9 qui s\u2019adapte aux 510 filetages. Vous appr\u00e9cierez la cartouche Pinnacle avec Bubble Gum &#8211; une vari\u00e9t\u00e9 qui peut vous donner un effet tr\u00e8s d\u00e9fonc\u00e9, mais d\u2019autres trouvent qu\u2019elle les affecte en favorisant la cr\u00e9ativit\u00e9. Essayez un peu et voyez comment cela vous affecte.  <\/p>\n<p>Les utilisateurs m\u00e9dicaux appr\u00e9cient la gomme \u00e0 bulle pour traiter la d\u00e9pression, la douleur chronique et le stress (ce n\u2019est pas un conseil m\u00e9dical; parlez-en d\u2019abord \u00e0 votre m\u00e9decin).<\/p>\n<p>Un excellent prix pour faire le plein et essayer toutes les vari\u00e9t\u00e9s dans lesquelles les cartouches Pinnacle Extractions sont disponibles!<\/p>\n<h2>Extractions de chewing-gum et de pinnacle<\/h2>\n<p>Bubble Gum est une vari\u00e9t\u00e9 int\u00e9ressante qui peut avoir un effet tr\u00e8s vari\u00e9 sur diff\u00e9rentes personnes. Certains l\u2019aiment pour les aider \u00e0 rester alertes et \u00e0 faire preuve de cr\u00e9ativit\u00e9, tandis que d\u2019autres trouvent qu\u2019ils obtiennent l\u2019un de ces effets vraiment \u00ab d\u00e9fonc\u00e9s \u00bb de cette vari\u00e9t\u00e9. C\u2019est un hybride \u00e0 dominante Indica &#8211; certains l\u2019appr\u00e9cient en soir\u00e9e tandis que d\u2019autres en consomment de petites quantit\u00e9s pendant la journ\u00e9e.  <\/p>\n<p>Il a un profil terp\u00e9nique int\u00e9ressant avec le b\u00eata-myrc\u00e8ne qui les d\u00e9passe tous au pourcentage le plus \u00e9lev\u00e9, suivi du limon\u00e8ne, du b\u00eata-caryophyll\u00e8ne, du linalol, de l\u2019alpha humul\u00e8ne et enfin, des traces d\u2019alpha pin\u00e8ne et de terpinol\u00e8ne.<\/p>\n<p>Le myrc\u00e8ne est presque omnipr\u00e9sent dans le cannabis et vous le trouverez dans la grande majorit\u00e9 des vari\u00e9t\u00e9s, mais pas toujours comme terp\u00e8ne principal. Le myrc\u00e8ne se trouve \u00e9galement dans le thym, la citronnelle et la mangue, et on pense qu\u2019il pr\u00e9sente des bienfaits tr\u00e8s importants pour la sant\u00e9, notamment : <\/p>\n<ul>\n<li>Effets calmants\n<li>Relaxant musculaire\n<li>Soulagement de la douleur\n<li>Anti-anxi\u00e9t\u00e9\n<li>Peut aider \u00e0 traiter certains cancers\n<\/ul>\n<p>Que vous soyez int\u00e9ress\u00e9 par les utilisations m\u00e9dicales de la cartouche Pinnacle Extractions avec Bubble Gum, ou que vous soyez int\u00e9ress\u00e9 par les bons moments r\u00e9cr\u00e9atifs qui vous attendent, vous \u00eates au bon endroit :<\/p>\n<h2>Livraison de cartouches Pinnacle Extractions dans la r\u00e9gion du Grand Toronto<\/h2>\n<p>Si vous \u00eates dans la r\u00e9gion du Grand Toronto (RGT), vous pouvez vous procurer les cartouches de vapotage au THC de Pinnacle Extractions en 2 heures* \u00e0 votre porte! Commandez avant 20 h et l\u2019un de nos chauffeurs vous livrera le jour m\u00eame, 2 heures gratuitement, lorsque vous commandez un minimum de 100,00 $ de l\u2019un des produits sur notre site Web.<\/p>\n<p>*Livraison en deux heures \u00e0 Toronto (Scarborough, North York, Etobicoke, DownTown, York \u2013 toutes les r\u00e9gions \u00e0 l\u2019int\u00e9rieur des fronti\u00e8res de la ville de Toronto), Richmond Hill, King, Aurora, Newmarket, Woodbridge, Vaughan et Markham.<\/p>\n<p>Nous exp\u00e9dions \u00e9galement partout au Canada et dans des r\u00e9gions \u00e9loign\u00e9es en dehors de notre zone de livraison gratuite habituelle.<\/p>\n","protected":false},"excerpt":{"rendered":"<p>Pinnacle Extractions est une autre excellente entreprise qui vous offre des choix \u00e0 essayer dans vos exp\u00e9riences de vapotage. Et, vous pouvez sentir la diff\u00e9rence avec ces cartouches par rapport \u00e0 d\u2019autres avec un beau tirage doux, dans une formule de 95% de distillat de THC pur et 5% de terp\u00e8nes.   <\/p>\n<p>Un demi-ml, et dans une cartouche de haute qualit\u00e9 qui s\u2019adapte aux 510 filetages. Vous appr\u00e9cierez la cartouche Pinnacle avec Bubble Gum &#8211; une vari\u00e9t\u00e9 qui peut vous donner un effet tr\u00e8s d\u00e9fonc\u00e9, mais d\u2019autres trouvent qu\u2019elle les affecte en favorisant la cr\u00e9ativit\u00e9. Essayez un peu et voyez comment cela vous affecte.  <\/p>\n<p>Les utilisateurs m\u00e9dicaux appr\u00e9cient la gomme \u00e0 bulle pour traiter la d\u00e9pression, la douleur chronique et le stress (ce n\u2019est pas un conseil m\u00e9dical; parlez-en d\u2019abord \u00e0 votre m\u00e9decin).<\/p>\n<p>Un excellent prix pour faire le plein et essayer toutes les vari\u00e9t\u00e9s dans lesquelles les cartouches Pinnacle Extractions sont disponibles!<\/p>\n","protected":false},"featured_media":17287,"comment_status":"closed","ping_status":"closed","template":"","meta":{"_acf_changed":false},"product_brand":[366],"product_cat":[204],"product_tag":[],"class_list":{"0":"post-19130","1":"product","2":"type-product","3":"status-publish","4":"has-post-thumbnail","6":"product_brand-pinnacle-extractions","7":"product_cat-cartouches","9":"first","10":"instock","11":"shipping-taxable","12":"purchasable","13":"product-type-simple"},"acf":[],"_links":{"self":[{"href":"https:\/\/420now.co\/fr-ca\/wp-json\/wp\/v2\/product\/19130","targetHints":{"allow":["GET"]}}],"collection":[{"href":"https:\/\/420now.co\/fr-ca\/wp-json\/wp\/v2\/product"}],"about":[{"href":"https:\/\/420now.co\/fr-ca\/wp-json\/wp\/v2\/types\/product"}],"replies":[{"embeddable":true,"href":"https:\/\/420now.co\/fr-ca\/wp-json\/wp\/v2\/comments?post=19130"}],"wp:featuredmedia":[{"embeddable":true,"href":"https:\/\/420now.co\/fr-ca\/wp-json\/wp\/v2\/media\/17287"}],"wp:attachment":[{"href":"https:\/\/420now.co\/fr-ca\/wp-json\/wp\/v2\/media?parent=19130"}],"wp:term":[{"taxonomy":"product_brand","embeddable":true,"href":"https:\/\/420now.co\/fr-ca\/wp-json\/wp\/v2\/product_brand?post=19130"},{"taxonomy":"product_cat","embeddable":true,"href":"https:\/\/420now.co\/fr-ca\/wp-json\/wp\/v2\/product_cat?post=19130"},{"taxonomy":"product_tag","embeddable":true,"href":"https:\/\/420now.co\/fr-ca\/wp-json\/wp\/v2\/product_tag?post=19130"}],"curies":[{"name":"wp","href":"https:\/\/api.w.org\/{rel}","templated":true}]}}