{"id":19132,"date":"2022-10-25T05:12:53","date_gmt":"2022-10-25T09:12:53","guid":{"rendered":"https:\/\/420now.co\/product\/pineapple-express-teintures-dhuile-de-chanvre-cbd-de-qualite-superieure-1000mg\/"},"modified":"2026-02-08T14:35:02","modified_gmt":"2026-02-08T19:35:02","slug":"pineapple-express-teintures-dhuile-de-chanvre-cbd-de-qualite-superieure-1000mg","status":"publish","type":"product","link":"https:\/\/420now.co\/fr-ca\/product\/pineapple-express-teintures-dhuile-de-chanvre-cbd-de-qualite-superieure-1000mg\/","title":{"rendered":"Pineapple Express Teintures d\u2019huile de chanvre CBD de qualit\u00e9 sup\u00e9rieure 1000mg"},"content":{"rendered":"<p>Beaucoup connaissent les qualit\u00e9s \u00e9tonnantes du CBD, en particulier pour la sant\u00e9, le traitement des maladies, et a m\u00eame \u00e9t\u00e9 approuv\u00e9 pour traiter des maladies sp\u00e9cifiques. Presque chaque jour, nous en apprenons davantage sur le CBD et sur la fa\u00e7on dont il est un ajout incroyable pour beaucoup d\u2019entre nous.   <\/p>\n<p>Pineapple Express Meds fournit une huile de chanvre CBD \u00e0 spectre complet de haute qualit\u00e9 qui ne contient pas de THC. Il peut \u00eatre pris \u00e0 l\u2019interne ou \u00e0 l\u2019externe. Bien que beaucoup s\u2019int\u00e9ressent aux bienfaits curatifs de l\u2019huile de CBD et \u00e0 son utilisation comme m\u00e9decine interne, elle a de merveilleuses utilisations pour la peau.    <\/p>\n<p>Allez-y et voyez ce qu\u2019une huile de CBD de qualit\u00e9 sup\u00e9rieure de Pineapple Express Meds peut faire pour vous!<\/p>\n<h2>Qu\u2019est-ce que le chanvre<\/h2>\n<p>Le chanvre est un cultivar de cannabis qui n\u2019a pratiquement aucune teneur en THC. Traditionnellement, il a eu des utilisations industrielles, notamment la fabrication de v\u00eatements, de cordes, de papier et de nombreux autres biens utiles. Bien que vous puissiez essayer de le fumer, vous n\u2019obtiendrez pas les m\u00eames effets que de fumer des cultivars de cannabis qui contiennent des quantit\u00e9s importantes de THC.  <\/p>\n<h2>Quelle est la diff\u00e9rence entre l\u2019huile de chanvre et l\u2019huile de CBD?<\/h2>\n<p>L\u2019huile de chanvre a ses propres utilisations b\u00e9n\u00e9fiques, mais elle est g\u00e9n\u00e9ralement press\u00e9e \u00e0 partir des graines de la plante de cannabis. Bien qu\u2019il puisse \u00e9galement avoir ses bienfaits pour la sant\u00e9, il est souvent utilis\u00e9 industriellement comme lubrifiant, pour fabriquer des peintures, des d\u00e9tergents et peut m\u00eame \u00eatre utilis\u00e9 comme ingr\u00e9dient principal dans la fabrication de plastiques. <\/p>\n<p>Cependant, l\u2019huile de CBD est extraite des feuilles, des fleurs et de la tige des plantes de cannabis. Il a sa propre composition unique tr\u00e8s diff\u00e9rente de l\u2019huile de chanvre, m\u00eame si le CBD et l\u2019huile de chanvre proviennent des m\u00eames cultivars de cannabis. <\/p>\n<h2>Bienfaits de l\u2019huile de CBD pour la sant\u00e9<\/h2>\n<p>Il y a tellement d\u2019avantages attribu\u00e9s \u00e0 l\u2019huile de CBD qu\u2019il est difficile de tous les \u00e9num\u00e9rer, mais certains des avantages connus qui ont \u00e9t\u00e9 scientifiquement prouv\u00e9s incluent :<\/p>\n<ul>\n<li>Traiter la douleur li\u00e9e \u00e0 la scl\u00e9rose en plaques (SP)\n<li>Approuv\u00e9 dans certaines juridictions pour traiter l\u2019\u00e9pilepsie (sous la forme m\u00e9dicale du m\u00e9dicament d\u2019ordonnance <a href=\"https:\/\/www.epidiolex.com\/\" target=\"_blank\" rel=\"noopener\">Epidiolex<\/a> ).\n<\/ul>\n<p>D\u2019autres utilisations tr\u00e8s possibles qui sont encore \u00e0 l\u2019\u00e9tude m\u00e9dicale comprennent :<\/p>\n<ul>\n<li>Traitement de la maladie de Parkinson\n<li>Traiter l\u2019anxi\u00e9t\u00e9\n<li>Traitement du TSPT\n<li>D\u00e9pendances aux opiodes\n<li>Soulagement de la douleur\n<li>Traitement de l\u2019arthrite\n<li>Peut prot\u00e9ger contre les maladies neurologiques\n<\/ul>\n<p>Il existe \u00e9galement des preuves que l\u2019huile de CBD, y compris un produit de qualit\u00e9 sup\u00e9rieure comme les gouttes d\u2019huile de chanvre de Pineapple Express Med, peut offrir une certaine protection contre le cancer.<\/p>\n<p>On pr\u00e9tend qu\u2019il aide \u00e9galement \u00e0 l\u2019ext\u00e9rieur avec les affections cutan\u00e9es telles que l\u2019ecz\u00e9ma, l\u2019acn\u00e9 et le psoriasis. En l\u2019utilisant \u00e0 l\u2019externe, certains pr\u00e9f\u00e8rent utiliser une huile de support avec laquelle l\u2019huile de CBD pure est m\u00e9lang\u00e9e avant de l\u2019appliquer sur leur peau. <\/p>\n<h2>Livraison de l\u2019huile de CBD Pineapple Express Meds dans la r\u00e9gion de Toronto<\/h2>\n<p>Si vous \u00eates dans la r\u00e9gion du Grand Toronto (RGT), vous pouvez obtenir les gouttes d\u2019huile de CBD Pineapple Express en 2 heures* \u00e0 votre porte! Commandez avant 20 h et l\u2019un de nos chauffeurs vous livrera le jour m\u00eame, 2 heures gratuitement, lorsque vous commandez un minimum de 100,00 $ de l\u2019un des produits sur notre site Web.<\/p>\n<p>*Livraison en deux heures \u00e0 Toronto (Scarborough, North York, Etobicoke, DownTown, York \u2013 toutes les r\u00e9gions \u00e0 l\u2019int\u00e9rieur des fronti\u00e8res de la ville de Toronto), Richmond Hill, King, Aurora, Newmarket, Woodbridge, Vaughan et Markham.<\/p>\n<p>Pour les r\u00e9gions p\u00e9riph\u00e9riques telles que Brampton, Caledon, Mississauga, Pickering, Ajax, Whitby, Oshawa, Clarington, Scugog, Uxbridge, East Gwillimbury, Georgina et Brock, veuillez nous appeler avant de commander pour d\u00e9terminer la disponibilit\u00e9 des chauffeurs.<\/p>\n<p>Nous exp\u00e9dions \u00e9galement partout au Canada et dans des r\u00e9gions \u00e9loign\u00e9es en dehors de notre zone de livraison gratuite habituelle.<\/p>\n","protected":false},"excerpt":{"rendered":"<p>Beaucoup connaissent les qualit\u00e9s \u00e9tonnantes du CBD, en particulier pour la sant\u00e9, le traitement des maladies, et a m\u00eame \u00e9t\u00e9 approuv\u00e9 pour traiter des maladies sp\u00e9cifiques. Presque chaque jour, nous en apprenons davantage sur le CBD et sur la fa\u00e7on dont il est un ajout incroyable pour beaucoup d\u2019entre nous.   <\/p>\n<p>Pineapple Express Meds fournit une huile de chanvre CBD \u00e0 spectre complet de haute qualit\u00e9 qui ne contient pas de THC. Il peut \u00eatre pris \u00e0 l\u2019interne ou \u00e0 l\u2019externe. Bien que beaucoup s\u2019int\u00e9ressent aux bienfaits curatifs de l\u2019huile de CBD et \u00e0 son utilisation comme m\u00e9decine interne, elle a de merveilleuses utilisations pour la peau.    <\/p>\n<p>Allez-y et voyez ce qu\u2019une huile de CBD de qualit\u00e9 sup\u00e9rieure de Pineapple Express Meds peut faire pour vous!<\/p>\n<p>Pensez \u00e0 la <a href=\"https:\/\/420now.co\/fr-ca\/product\/pineapple-express-teintures-dhuile-de-chanvre-cbd-de-qualite-superieure-2000mg\/\" target=\"_blank\" rel=\"noopener\">bouteille de 2000 mg d\u2019huile de CBD premium de Pineapple Express<\/a>.<\/p>\n","protected":false},"featured_media":17679,"comment_status":"open","ping_status":"closed","template":"","meta":{"_acf_changed":false},"product_brand":[365],"product_cat":[269,208],"product_tag":[],"class_list":{"0":"post-19132","1":"product","2":"type-product","3":"status-publish","4":"has-post-thumbnail","6":"product_brand-pineapple-express-meds-pem","7":"product_cat-teintures","8":"product_cat-cbd-fr-ca","10":"first","11":"instock","12":"shipping-taxable","13":"purchasable","14":"product-type-simple"},"acf":[],"_links":{"self":[{"href":"https:\/\/420now.co\/fr-ca\/wp-json\/wp\/v2\/product\/19132","targetHints":{"allow":["GET"]}}],"collection":[{"href":"https:\/\/420now.co\/fr-ca\/wp-json\/wp\/v2\/product"}],"about":[{"href":"https:\/\/420now.co\/fr-ca\/wp-json\/wp\/v2\/types\/product"}],"replies":[{"embeddable":true,"href":"https:\/\/420now.co\/fr-ca\/wp-json\/wp\/v2\/comments?post=19132"}],"wp:featuredmedia":[{"embeddable":true,"href":"https:\/\/420now.co\/fr-ca\/wp-json\/wp\/v2\/media\/17679"}],"wp:attachment":[{"href":"https:\/\/420now.co\/fr-ca\/wp-json\/wp\/v2\/media?parent=19132"}],"wp:term":[{"taxonomy":"product_brand","embeddable":true,"href":"https:\/\/420now.co\/fr-ca\/wp-json\/wp\/v2\/product_brand?post=19132"},{"taxonomy":"product_cat","embeddable":true,"href":"https:\/\/420now.co\/fr-ca\/wp-json\/wp\/v2\/product_cat?post=19132"},{"taxonomy":"product_tag","embeddable":true,"href":"https:\/\/420now.co\/fr-ca\/wp-json\/wp\/v2\/product_tag?post=19132"}],"curies":[{"name":"wp","href":"https:\/\/api.w.org\/{rel}","templated":true}]}}