{"id":19134,"date":"2022-10-25T07:23:58","date_gmt":"2022-10-25T11:23:58","guid":{"rendered":"https:\/\/420now.co\/product\/forever-phoenix-leaf-shatter\/"},"modified":"2026-02-09T16:21:28","modified_gmt":"2026-02-09T21:21:28","slug":"forever-phoenix-leaf-shatter","status":"publish","type":"product","link":"https:\/\/420now.co\/fr-ca\/product\/forever-phoenix-leaf-shatter\/","title":{"rendered":"Forever Phoenix Leaf Shatter"},"content":{"rendered":"<p>Avec son ar\u00f4me exotique et son m\u00e9lange de Hindu Kush, Super Kush et Comatose de haute qualit\u00e9, vous conviendrez qu\u2019il s\u2019agit d\u2019un \u00e9clat fantastique &#8211; peut-\u00eatre le meilleur rapport qualit\u00e9-prix.  <\/p>\n<p>Forever Phoenix s\u2019est fait un grand nom avec ses produits de cannabis de haute qualit\u00e9 et nous sommes heureux de r\u00e9pondre \u00e0 la demande que beaucoup de notre client\u00e8le ont pour eux.  <\/p>\n<p>Ce fragment de feuilles contient 68% de THC et est fabriqu\u00e9 en utilisant la forme la plus pure de N-Butane (pas la forme isom\u00e8re), trait\u00e9e avec d\u00e9paraffinage, puis laiss\u00e9e d\u00e9purer pendant 5 jours.  <\/p>\n<p>Vous allez adorer ce 1 gramme de bont\u00e9 et \u00eatre tr\u00e8s probablement \u00e9tonn\u00e9 de ce que vous avez pay\u00e9 pour un si grand shatter.  <\/p>\n<h2>Mais qu\u2019est-ce que Shatter exactement?<\/h2>\n<p>Merci d\u2019avoir pos\u00e9 la question! Beaucoup ne savent pas ce que c\u2019est, mais il s\u2019agit essentiellement d\u2019un extrait tr\u00e8s concentr\u00e9 qui provient du cannabis et qui a g\u00e9n\u00e9ralement une teneur en THC d\u2019environ 60% ou plus. Avec une quantit\u00e9 si \u00e9lev\u00e9e de THC que vous obtiendrez lorsque vous l\u2019utiliserez, vous pourriez penser qu\u2019il a \u00e9t\u00e9 nomm\u00e9 d\u2019apr\u00e8s le bris de cerveau, mais en fait, le produit final ressemble presque \u00e0 du verre et peut se briser s\u2019il est cassant. Un bon bris demande \u00e0 la fois de l\u2019habilet\u00e9 et du temps \u00e0 faire.   <\/p>\n<p>Le processus de fabrication du shatter est originaire du Canada et est n\u00e9 du processus de fabrication du haschisch pour tenter de trouver des moyens de concentrer encore plus le THC et les cannabino\u00efdes.<\/p>\n<p>C\u2019est le cannabis de choix pour ceux qui aiment le dabbing &#8211; une m\u00e9thode d\u2019inhalation. Combin\u00e9 au shatter, le dabbing offre une dose plus puissante de THC ainsi que des cannabino\u00efdes et des terp\u00e8nes. Vous trouverez \u00e9galement des saveurs plus concentr\u00e9es lors du tamponnage shatter.  <\/p>\n<h2>Effets du shatter<\/h2>\n<p>Consid\u00e9rez que vous obtenez une forme tr\u00e8s concentr\u00e9e de THC &#8211; bien plus que simplement fumer un joint. Les effets seront diff\u00e9rents selon les personnes, et vous pouvez sentir le coup beaucoup plus rapidement et plus profond\u00e9ment. Pour les consommateurs r\u00e9cr\u00e9atifs qui aiment le THC, il leur procure souvent un sentiment d\u2019euphorie durable. Les utilisateurs m\u00e9dicaux appr\u00e9cient Shatter pour sa capacit\u00e9 \u00e0 aider plus rapidement \u00e0 soulager la douleur et d\u2019autres conditions m\u00e9dicales.   <\/p>\n<p><em>Note : Les produits \u00e0 base de cannabis ne sont pas destin\u00e9s \u00e0 diagnostiquer, traiter, gu\u00e9rir ou pr\u00e9venir une maladie ou condition m\u00e9dicale. Consultez un professionnel de la sant\u00e9 avant utilisation.  Pour les adultes \u00e2g\u00e9s de 19 ans ou plus seulement.<\/p>\n<p><strong>Tenir hors de la port\u00e9e des enfants.<\/strong><\/p>\n<p>Le cannabis peut nuire \u00e0 la concentration, \u00e0 la coordination et au jugement \u2013 ne conduisez pas de v\u00e9hicules ou de machines sous l\u2019influence de l\u2019alcool.<\/em><\/p>\n<p>Si vous n\u2019\u00eates pas habitu\u00e9 \u00e0 des niveaux concentr\u00e9s de THC et que vous en consommez trop, il y a la possibilit\u00e9 d\u2019effets secondaires n\u00e9gatifs, notamment de l\u2019anxi\u00e9t\u00e9 et de la parano\u00efa. Si vous \u00eates d\u00e9butant, commencer par un peu est toujours un bon conseil \u00e0 suivre. <\/p>\n<h2>Livraison de Forever Phoenix Shatter dans la r\u00e9gion du Grand Toronto (r\u00e9gion du Grand Toronto)<\/h2>\n<p>Si vous \u00eates dans la r\u00e9gion du Grand Toronto (RGT), vous pouvez vous procurer de l\u2019herbe Forever Phoenix shatter en 2 heures* \u00e0 votre porte! Commandez avant 20 h et l\u2019un de nos chauffeurs vous livrera le jour m\u00eame, 2 heures gratuitement, lorsque vous commandez un minimum de 100,00 $ de l\u2019un des produits sur notre site Web.<\/p>\n<p>*Livraison en deux heures \u00e0 Toronto (Scarborough, North York, Etobicoke, DownTown, York \u2013 toutes les r\u00e9gions \u00e0 l\u2019int\u00e9rieur des fronti\u00e8res de la ville de Toronto), Richmond Hill, King, Aurora, Newmarket, Woodbridge, Vaughan et Markham.<\/p>\n<p>Pour les r\u00e9gions p\u00e9riph\u00e9riques, notamment Brampton, Caledon, Mississauga, Pickering, Ajax, Whitby, Oshawa, Clarington, Scugog, Uxbridge, East Gwillimbury, Georgina et Brock, veuillez appeler \u00e0 l\u2019avance pour v\u00e9rifier la disponibilit\u00e9 des chauffeurs-livreurs dans votre r\u00e9gion ce jour-l\u00e0. Nous pouvons bien s\u00fbr vous l\u2019exp\u00e9dier si nous ne sommes pas disponibles pour livrer &#8211; et nous pouvons \u00e9galement exp\u00e9dier dans toutes les r\u00e9gions du Canada. <\/p>\n","protected":false},"excerpt":{"rendered":"<p>Avec son ar\u00f4me exotique et son m\u00e9lange de Hindu Kush, Super Kush et Comatose de haute qualit\u00e9, vous conviendrez qu\u2019il s\u2019agit d\u2019un \u00e9clat fantastique &#8211; peut-\u00eatre le meilleur rapport qualit\u00e9-prix.  <\/p>\n<p>Forever Phoenix s\u2019est fait un grand nom avec ses produits de cannabis de haute qualit\u00e9 et nous sommes heureux de r\u00e9pondre \u00e0 la demande que beaucoup de notre client\u00e8le ont pour eux.  <\/p>\n<p>Ce fragment de feuilles contient 68% de THC et est fabriqu\u00e9 en utilisant la forme la plus pure de N-Butane (pas la forme isom\u00e8re), trait\u00e9e avec d\u00e9paraffinage, puis laiss\u00e9e d\u00e9purer pendant 5 jours.  <\/p>\n<p>Vous allez adorer ce 1 gramme de bont\u00e9 et \u00eatre tr\u00e8s probablement \u00e9tonn\u00e9 de ce que vous avez pay\u00e9 pour un si grand shatter.  <\/p>\n","protected":false},"featured_media":17289,"comment_status":"open","ping_status":"closed","template":"","meta":{"_acf_changed":false},"product_brand":[381],"product_cat":[216],"product_tag":[],"class_list":{"0":"post-19134","1":"product","2":"type-product","3":"status-publish","4":"has-post-thumbnail","6":"product_brand-forever-phoenix","7":"product_cat-shatter-fr-ca","9":"first","10":"instock","11":"shipping-taxable","12":"purchasable","13":"product-type-simple"},"acf":[],"_links":{"self":[{"href":"https:\/\/420now.co\/fr-ca\/wp-json\/wp\/v2\/product\/19134","targetHints":{"allow":["GET"]}}],"collection":[{"href":"https:\/\/420now.co\/fr-ca\/wp-json\/wp\/v2\/product"}],"about":[{"href":"https:\/\/420now.co\/fr-ca\/wp-json\/wp\/v2\/types\/product"}],"replies":[{"embeddable":true,"href":"https:\/\/420now.co\/fr-ca\/wp-json\/wp\/v2\/comments?post=19134"}],"wp:featuredmedia":[{"embeddable":true,"href":"https:\/\/420now.co\/fr-ca\/wp-json\/wp\/v2\/media\/17289"}],"wp:attachment":[{"href":"https:\/\/420now.co\/fr-ca\/wp-json\/wp\/v2\/media?parent=19134"}],"wp:term":[{"taxonomy":"product_brand","embeddable":true,"href":"https:\/\/420now.co\/fr-ca\/wp-json\/wp\/v2\/product_brand?post=19134"},{"taxonomy":"product_cat","embeddable":true,"href":"https:\/\/420now.co\/fr-ca\/wp-json\/wp\/v2\/product_cat?post=19134"},{"taxonomy":"product_tag","embeddable":true,"href":"https:\/\/420now.co\/fr-ca\/wp-json\/wp\/v2\/product_tag?post=19134"}],"curies":[{"name":"wp","href":"https:\/\/api.w.org\/{rel}","templated":true}]}}