{"id":19135,"date":"2022-10-25T03:13:55","date_gmt":"2022-10-25T07:13:55","guid":{"rendered":"https:\/\/420now.co\/product\/pinnacle-extractions-cartouche-mimosa-05-ml\/"},"modified":"2026-02-08T08:31:21","modified_gmt":"2026-02-08T13:31:21","slug":"pinnacle-extractions-cartouche-mimosa-05-ml","status":"publish","type":"product","link":"https:\/\/420now.co\/fr-ca\/product\/pinnacle-extractions-cartouche-mimosa-05-ml\/","title":{"rendered":"Pinnacle Extractions Cartouche Mimosa 0,5 ml"},"content":{"rendered":"<p>Pinnacle Extractions est une autre excellente entreprise qui vous offre des choix \u00e0 essayer dans vos exp\u00e9riences de vapotage. Et, vous pouvez sentir la diff\u00e9rence avec ces cartouches par rapport \u00e0 d\u2019autres avec un beau tirage doux, dans une formule de 95% de distillat de THC pur et 5% de terp\u00e8nes.   <\/p>\n<p>Un demi-ml, et dans une cartouche de haute qualit\u00e9 qui s\u2019adapte aux 510 filetages. Vous appr\u00e9cierez la cartouche Pinnacle avec Mimosa &#8211; une tr\u00e8s bonne vari\u00e9t\u00e9 vers laquelle les gens se tournent souvent lorsqu\u2019ils veulent se motiver \u00e0 faire des choses aujourd\u2019hui. Si vous avez trop de Mimosa , vous voudrez peut-\u00eatre aller faire une sieste &#8211; mais apr\u00e8s avoir fait beaucoup de choses, ce sera bien m\u00e9rit\u00e9!  <\/p>\n<p>Souffrez-vous d\u2019une gueule de bois? Mimosa est peut-\u00eatre exactement ce qu\u2019il vous faut! <\/p>\n<p>Un excellent prix pour faire le plein et essayer toutes les vari\u00e9t\u00e9s, y compris Mimosa , dans lesquelles les cartouches Pinnacle Extractions sont disponibles!<\/p>\n<h2>Extractions de chewing-gum et de pinnacle<\/h2>\n<p>Mimosa est une vari\u00e9t\u00e9 bien connue qui convient la plupart du temps \u00e0 une utilisation diurne, bien qu\u2019une consommation excessive puisse vous donner une sensation de somnolence. C\u2019est une Sativa \u00e0 tendance hybride qui vous fait vous sentir bien, en plus d\u2019\u00eatre motiv\u00e9 \u00e0 faire des choses.   <\/p>\n<p>Il a un profil terp\u00e9nique int\u00e9ressant avec le D-limon\u00e8ne qui les d\u00e9passe tous au pourcentage le plus \u00e9lev\u00e9, suivi du myrc\u00e8ne, du b\u00eata-caryophyll\u00e8ne et du linalol.  <\/p>\n<p>Vous avez peut-\u00eatre devin\u00e9 d\u2019apr\u00e8s son nom que le limon\u00e8ne se trouve dans les agrumes, et surtout dans les citrons. Mais pour obtenir ce terp\u00e8ne \u00e0 partir de ces fruits, il faudrait consommer la peau et la plupart d\u2019entre nous ne veulent pas le faire. Mais il a des caract\u00e9ristiques tr\u00e8s int\u00e9ressantes, notamment :  <\/p>\n<ul>\n<li>Anti-inflammatoire\n<li>Antioxydant\n<li>Peut aider les affections arthritiques\n<li>Peut \u00eatre utile pour la colite\n<li>Peut aider \u00e0 traiter certains cancers\n<\/ul>\n<p>Que vous soyez int\u00e9ress\u00e9 par des usages m\u00e9dicaux (mais nous ne donnons pas de conseils m\u00e9dicaux; parlez-en d\u2019abord \u00e0 votre m\u00e9decin) de la cartouche Pinnacle Extractions avec Mimosa, ou que vous regardiez l\u2019utilisation r\u00e9cr\u00e9ative de l\u2019utiliser pour vous \u00ab lever et vous motiver \u00bb les jours o\u00f9 vous avez besoin d\u2019un peu d\u2019aide suppl\u00e9mentaire, vous \u00eates au bon endroit :<\/p>\n<h2>Livraison de cartouches Pinnacle Extractions dans la r\u00e9gion du Grand Toronto<\/h2>\n<p>Si vous \u00eates dans la r\u00e9gion du Grand Toronto (RGT), vous pouvez vous procurer les cartouches de vapotage au THC de Pinnacle Extractions en 2 heures* \u00e0 votre porte! Commandez avant 20 h et l\u2019un de nos chauffeurs vous livrera le jour m\u00eame, 2 heures gratuitement, lorsque vous commandez un minimum de 100,00 $ de l\u2019un des produits sur notre site Web.<\/p>\n<p>*Livraison en deux heures \u00e0 Toronto (Scarborough, North York, Etobicoke, DownTown, York \u2013 toutes les r\u00e9gions \u00e0 l\u2019int\u00e9rieur des fronti\u00e8res de la ville de Toronto), Richmond Hill, King, Aurora, Newmarket, Woodbridge, Vaughan et Markham.<\/p>\n<p>Pour les r\u00e9gions p\u00e9riph\u00e9riques telles que Brampton, Caledon, Mississauga, Pickering, Ajax, Whitby, Oshawa, Clarington, Scugog, Uxbridge, East Gwillimbury, Georgina et Brock, veuillez nous appeler avant de commander pour d\u00e9terminer la disponibilit\u00e9 des chauffeurs.<\/p>\n<p>Nous exp\u00e9dions \u00e9galement partout au Canada et dans des r\u00e9gions \u00e9loign\u00e9es en dehors de notre zone de livraison gratuite habituelle.<\/p>\n","protected":false},"excerpt":{"rendered":"<p>Pinnacle Extractions est une autre excellente entreprise qui vous offre des choix \u00e0 essayer dans vos exp\u00e9riences de vapotage. Et, vous pouvez sentir la diff\u00e9rence avec ces cartouches par rapport \u00e0 d\u2019autres avec un beau tirage doux, dans une formule de 95% de distillat de THC pur et 5% de terp\u00e8nes.   <\/p>\n<p>Un demi-ml, et dans une cartouche de haute qualit\u00e9 qui s\u2019adapte aux 510 filetages. Vous appr\u00e9cierez la cartouche Pinnacle avec Mimosa &#8211; une tr\u00e8s bonne vari\u00e9t\u00e9 vers laquelle les gens se tournent souvent lorsqu\u2019ils veulent se motiver \u00e0 faire des choses aujourd\u2019hui. Si vous avez trop de Mimosa , vous voudrez peut-\u00eatre aller faire une sieste &#8211; mais apr\u00e8s avoir fait beaucoup de choses, ce sera bien m\u00e9rit\u00e9!  <\/p>\n<p>Souffrez-vous d\u2019une gueule de bois? Mimosa est peut-\u00eatre exactement ce qu\u2019il vous faut! <\/p>\n<p>Un excellent prix pour faire le plein et essayer toutes les vari\u00e9t\u00e9s, y compris Mimosa , dans lesquelles les cartouches Pinnacle Extractions sont disponibles!<\/p>\n<p>Sinon, si vous souhaitez essayer la fleur, nous avons <a href=\"https:\/\/420now.co\/fr-ca\/product\/mimosa\/\" target=\"_blank\" rel=\"noopener\">Mimosa ici<\/a>.<\/p>\n","protected":false},"featured_media":17287,"comment_status":"closed","ping_status":"closed","template":"","meta":{"_acf_changed":false},"product_brand":[366],"product_cat":[204],"product_tag":[],"class_list":{"0":"post-19135","1":"product","2":"type-product","3":"status-publish","4":"has-post-thumbnail","6":"product_brand-pinnacle-extractions","7":"product_cat-cartouches","9":"first","10":"instock","11":"shipping-taxable","12":"purchasable","13":"product-type-simple"},"acf":[],"_links":{"self":[{"href":"https:\/\/420now.co\/fr-ca\/wp-json\/wp\/v2\/product\/19135","targetHints":{"allow":["GET"]}}],"collection":[{"href":"https:\/\/420now.co\/fr-ca\/wp-json\/wp\/v2\/product"}],"about":[{"href":"https:\/\/420now.co\/fr-ca\/wp-json\/wp\/v2\/types\/product"}],"replies":[{"embeddable":true,"href":"https:\/\/420now.co\/fr-ca\/wp-json\/wp\/v2\/comments?post=19135"}],"wp:featuredmedia":[{"embeddable":true,"href":"https:\/\/420now.co\/fr-ca\/wp-json\/wp\/v2\/media\/17287"}],"wp:attachment":[{"href":"https:\/\/420now.co\/fr-ca\/wp-json\/wp\/v2\/media?parent=19135"}],"wp:term":[{"taxonomy":"product_brand","embeddable":true,"href":"https:\/\/420now.co\/fr-ca\/wp-json\/wp\/v2\/product_brand?post=19135"},{"taxonomy":"product_cat","embeddable":true,"href":"https:\/\/420now.co\/fr-ca\/wp-json\/wp\/v2\/product_cat?post=19135"},{"taxonomy":"product_tag","embeddable":true,"href":"https:\/\/420now.co\/fr-ca\/wp-json\/wp\/v2\/product_tag?post=19135"}],"curies":[{"name":"wp","href":"https:\/\/api.w.org\/{rel}","templated":true}]}}