{"id":19137,"date":"2022-10-25T08:17:00","date_gmt":"2022-10-25T12:17:00","guid":{"rendered":"https:\/\/420now.co\/product\/herb-angels-immunite-capsules-250mg-cbd\/"},"modified":"2025-04-11T09:50:44","modified_gmt":"2025-04-11T13:50:44","slug":"herb-angels-immunite-capsules-250mg-cbd","status":"publish","type":"product","link":"https:\/\/420now.co\/fr-ca\/product\/herb-angels-immunite-capsules-250mg-cbd\/","title":{"rendered":"Herb Angels Immunit\u00e9 Capsules 250mg CBD"},"content":{"rendered":"<p>Lorsque votre syst\u00e8me immunitaire est affaibli, vous devrez peut-\u00eatre lui donner un coup de pouce &#8211; et ce m\u00e9lange synergique de CBD et de vitamine C peut vous aider. Chaque capsule est livr\u00e9e avec 25 mg d\u2019isolat de cristal de CBD extrait du chanvre industriel &#8211; vous pouvez \u00eatre s\u00fbr de ne pas obtenir de THC dans l\u2019emballage. <\/p>\n<p>Avec tant d\u2019avantages connus du CBD pour la sant\u00e9, ces capsules sont parfaites combin\u00e9es avec la vitamine C pour aider et pr\u00e9venir une vari\u00e9t\u00e9 de maladies. L\u2019une des raisons les plus courantes de maladie dans le corps est un exc\u00e8s d\u2019inflammation et le CBD et la vitamine C peuvent vous aider \u00e0 \u00e9liminer l\u2019inflammation de votre corps. <\/p>\n<p>De plus, la vitamine C et le CBD semblent avoir des effets b\u00e9n\u00e9fiques sur notre peau et notre teint &#8211; et commencer de l\u2019int\u00e9rieur peut aider l\u2019ext\u00e9rieur \u00e0 faire face aux d\u00e9fis environnementaux auxquels notre peau est confront\u00e9e chaque jour.<\/p>\n<p>Chaque bo\u00eete est livr\u00e9e avec dix capsules, chacune de 25 mg de CBD pour un total de 250 mg, et 975 mg de vitamine C.<\/p>\n<p>Donnez un coup de pouce \u00e0 votre syst\u00e8me immunitaire avec Herb Angels, un chef de file de confiance dans l\u2019industrie canadienne de la recherche et du d\u00e9veloppement du cannabis!<\/p>\n<h2>Avantages des capsules de CBD<\/h2>\n<p>Il est maintenant bien \u00e9tabli que la prise interne de CBD peut apporter d\u2019\u00e9normes avantages pour la sant\u00e9 et l\u2019\u00e9tat d\u2019esprit. Aujourd\u2019hui, les scientifiques en apprennent encore davantage sur cette substance miraculeuse qui provient de ce que nous appelons souvent le \u00ab chanvre industriel \u00bb, bien que ses bienfaits pour la sant\u00e9 aillent bien au-del\u00e0 de l\u2019utilisation dans l\u2019industrie. Le chanvre est un cultivar de cannabis qui peut \u00eatre riche en CBD, mais presque z\u00e9ro THC &#8211; ce n\u2019est pas le type de cannabis que les gens fument lorsqu\u2019ils veulent se d\u00e9foncer. Mais le cannabis sous toutes ses formes semble avoir beaucoup de bienfaits pour nous. Jusqu\u2019\u00e0 r\u00e9cemment, beaucoup ne pensaient au chanvre que comme un \u00e9l\u00e9ment \u00e0 partir duquel fabriquer de la corde, des v\u00eatements, du papier ou transformer en huile lubrifiante.      <\/p>\n<p>Mais il existe maintenant des preuves solides que l\u2019extraction du CBD du chanvre et son utilisation interne peuvent avoir des avantages \u00e9tonnants. L\u2019utilisation de la formule Immunit\u00e9 d\u2019Herb Angels peut vous aider \u00e0 : <\/p>\n<ul>\n<li>Soutenir une peau saine et soulager les probl\u00e8mes dermatologiques actuels\n<li>Renforcer l\u2019immunit\u00e9\n<li>R\u00e9duire l\u2019inflammation dans tout le corps\n<li>Traitement des maux de t\u00eate et des migraines\n<li>Traiter les spasmes musculaires\n<li>R\u00e9cup\u00e9ration de l\u2019entra\u00eenement\n<li>Pr\u00e9vention et traitement des probl\u00e8mes neuropathologiques\n<\/ul>\n<p>Certaines personnes lorsqu\u2019elles commencent un r\u00e9gime de CBD interne ont des r\u00e9actions l\u00e9g\u00e8res, y compris la diarrh\u00e9e. La grande majorit\u00e9 des gens n\u2019ont aucun probl\u00e8me, mais si vous ressentez quelque chose de n\u00e9gatif qui persiste, arr\u00eatez de prendre du CBD et parlez-en \u00e0 votre m\u00e9decin.   <\/p>\n<h2>\u00c0 propos de Herb Angels<\/h2>\n<p>Herb Angels est une entreprise canadienne qui se consacre \u00e0 la recherche des bienfaits sains du cannabis et des produits du cannabis, et \u00e0 les rendre accessibles \u00e0 d\u2019autres. Leurs produits sont test\u00e9s en laboratoire et sont fabriqu\u00e9s avec pr\u00e9cision pour assurer leur puret\u00e9 &#8211; sans solvants, cires et lipides ind\u00e9sirables. Elle s\u2019est impos\u00e9e au Canada comme une entreprise de cannabis de confiance qui d\u00e9fend \u00e9galement les utilisations saines de cette plante \u00e9tonnante. Les Herb Angels ont un fort accent sur la communaut\u00e9 et peuvent \u00eatre trouv\u00e9s lors de nombreux \u00e9v\u00e9nements.   <\/p>\n<p>Tout le monde a besoin d\u2019un Angel \u00e0 ses c\u00f4t\u00e9s &#8211; et si vous cherchez \u00e0 faire confiance \u00e0 une marque de cannabis, faites-en des Herb Angels!<\/p>\n<h2>Herb Angels Immunity &#8211; Livraison gratuite dans la r\u00e9gion du Grand Toronto<\/h2>\n<p>Si vous \u00eates dans la r\u00e9gion du Grand Toronto (RGT), vous pouvez obtenir Herb Angels Immunity avec du CBD (et d\u2019autres produits \u00e0 base de CBD) en 2 heures* \u00e0 votre porte! Commandez avant 20 h et l\u2019un de nos chauffeurs vous livrera le jour m\u00eame, 2 heures gratuitement, lorsque vous commandez un minimum de 100,00 $ de l\u2019un des produits sur notre site Web.<\/p>\n<p>*Livraison en deux heures \u00e0 Toronto (Scarborough, North York, Etobicoke, DownTown, York \u2013 toutes les r\u00e9gions \u00e0 l\u2019int\u00e9rieur des fronti\u00e8res de la ville de Toronto), Richmond Hill, King, Aurora, Newmarket, Woodbridge, Vaughan et Markham.<\/p>\n<p>Pour les r\u00e9gions p\u00e9riph\u00e9riques, notamment Brampton, Caledon, Mississauga, Pickering, Ajax, Whitby, Oshawa, Clarington, Scugog, Uxbridge, East Gwillimbury, Georgina et Brock, veuillez appeler \u00e0 l\u2019avance avant de commander sur notre site Web, afin que nous puissions d\u00e9terminer la disponibilit\u00e9 d\u2019un chauffeur-livreur dans votre r\u00e9gion ce jour-l\u00e0. Bien s\u00fbr, si la livraison n\u2019est pas possible, nous pouvons \u00e9galement vous exp\u00e9dier des produits rapidement, y compris dans le reste de l\u2019Ontario et du Canada. <\/p>\n","protected":false},"excerpt":{"rendered":"<p>Lorsque votre syst\u00e8me immunitaire est affaibli, vous devrez peut-\u00eatre lui donner un coup de pouce &#8211; et ce m\u00e9lange synergique de CBD et de vitamine C peut vous aider. Chaque capsule est livr\u00e9e avec 25 mg d\u2019isolat de cristal de CBD extrait du chanvre industriel &#8211; vous pouvez \u00eatre s\u00fbr de ne pas obtenir de THC dans l\u2019emballage. <\/p>\n<p>Avec tant d\u2019avantages connus du CBD pour la sant\u00e9, ces capsules sont parfaites combin\u00e9es avec la vitamine C pour aider et pr\u00e9venir une vari\u00e9t\u00e9 de maladies. L\u2019une des raisons les plus courantes de maladie dans le corps est un exc\u00e8s d\u2019inflammation et le CBD et la vitamine C peuvent vous aider \u00e0 \u00e9liminer l\u2019inflammation de votre corps. <\/p>\n<p>De plus, la vitamine C et le CBD semblent avoir des effets b\u00e9n\u00e9fiques sur notre peau et notre teint &#8211; et commencer de l\u2019int\u00e9rieur peut aider l\u2019ext\u00e9rieur \u00e0 faire face aux d\u00e9fis environnementaux auxquels notre peau est confront\u00e9e chaque jour.<\/p>\n<p>Chaque bo\u00eete est livr\u00e9e avec dix capsules, chacune de 25 mg de CBD pour un total de 250 mg, et 975 mg de vitamine C.<\/p>\n<p>Donnez un coup de pouce \u00e0 votre syst\u00e8me immunitaire avec Herb Angels, un chef de file de confiance dans l\u2019industrie canadienne de la recherche et du d\u00e9veloppement du cannabis!<\/p>\n","protected":false},"featured_media":17433,"comment_status":"open","ping_status":"closed","template":"","meta":{"_acf_changed":false},"product_brand":[],"product_cat":[208,218],"product_tag":[],"class_list":{"0":"post-19137","1":"product","2":"type-product","3":"status-publish","4":"has-post-thumbnail","6":"product_cat-cbd-fr-ca","7":"product_cat-comprimes-et-capsules","9":"first","10":"instock","11":"shipping-taxable","12":"purchasable","13":"product-type-simple"},"acf":[],"_links":{"self":[{"href":"https:\/\/420now.co\/fr-ca\/wp-json\/wp\/v2\/product\/19137","targetHints":{"allow":["GET"]}}],"collection":[{"href":"https:\/\/420now.co\/fr-ca\/wp-json\/wp\/v2\/product"}],"about":[{"href":"https:\/\/420now.co\/fr-ca\/wp-json\/wp\/v2\/types\/product"}],"replies":[{"embeddable":true,"href":"https:\/\/420now.co\/fr-ca\/wp-json\/wp\/v2\/comments?post=19137"}],"wp:featuredmedia":[{"embeddable":true,"href":"https:\/\/420now.co\/fr-ca\/wp-json\/wp\/v2\/media\/17433"}],"wp:attachment":[{"href":"https:\/\/420now.co\/fr-ca\/wp-json\/wp\/v2\/media?parent=19137"}],"wp:term":[{"taxonomy":"product_brand","embeddable":true,"href":"https:\/\/420now.co\/fr-ca\/wp-json\/wp\/v2\/product_brand?post=19137"},{"taxonomy":"product_cat","embeddable":true,"href":"https:\/\/420now.co\/fr-ca\/wp-json\/wp\/v2\/product_cat?post=19137"},{"taxonomy":"product_tag","embeddable":true,"href":"https:\/\/420now.co\/fr-ca\/wp-json\/wp\/v2\/product_tag?post=19137"}],"curies":[{"name":"wp","href":"https:\/\/api.w.org\/{rel}","templated":true}]}}