{"id":19138,"date":"2022-10-28T15:27:10","date_gmt":"2022-10-28T19:27:10","guid":{"rendered":"https:\/\/420now.co\/product\/cheetos-puffs-600mg-thc\/"},"modified":"2025-04-11T09:50:46","modified_gmt":"2025-04-11T13:50:46","slug":"cheetos-puffs-600mg-thc","status":"publish","type":"product","link":"https:\/\/420now.co\/fr-ca\/product\/cheetos-puffs-600mg-thc\/","title":{"rendered":"Cheetos Puffs 600mg THC"},"content":{"rendered":"<p>THC 600 mg par paquet<\/p>\n","protected":false},"excerpt":{"rendered":"<p>Le bon go\u00fbt des Cheetos Puffs, mais avec une touche suppl\u00e9mentaire de THC. Les Cheetos m\u00e9dicamenteux ont bon go\u00fbt et fournissent du THC m\u00e9dicinal &#8211; essayez de commencer avec 1 ou 2 chips de Cheeto pour \u00e9valuer comment vous vous sentez et comment le THC vous affecte. Comme pour tous les m\u00e9dicaments, les effets du THC peuvent prendre un certain temps \u00e0 se faire sentir.  <\/p>\n<p>THC 600 mg par paquet.<\/p>\n<p>Poids net : 28,3 grammes.<\/p>\n","protected":false},"featured_media":17301,"comment_status":"open","ping_status":"closed","template":"","meta":{"_acf_changed":false},"product_brand":[],"product_cat":[219],"product_tag":[294],"class_list":{"0":"post-19138","1":"product","2":"type-product","3":"status-publish","4":"has-post-thumbnail","6":"product_cat-comestibles","7":"product_tag-croustilles","9":"first","10":"instock","11":"shipping-taxable","12":"purchasable","13":"product-type-simple"},"acf":[],"_links":{"self":[{"href":"https:\/\/420now.co\/fr-ca\/wp-json\/wp\/v2\/product\/19138","targetHints":{"allow":["GET"]}}],"collection":[{"href":"https:\/\/420now.co\/fr-ca\/wp-json\/wp\/v2\/product"}],"about":[{"href":"https:\/\/420now.co\/fr-ca\/wp-json\/wp\/v2\/types\/product"}],"replies":[{"embeddable":true,"href":"https:\/\/420now.co\/fr-ca\/wp-json\/wp\/v2\/comments?post=19138"}],"wp:featuredmedia":[{"embeddable":true,"href":"https:\/\/420now.co\/fr-ca\/wp-json\/wp\/v2\/media\/17301"}],"wp:attachment":[{"href":"https:\/\/420now.co\/fr-ca\/wp-json\/wp\/v2\/media?parent=19138"}],"wp:term":[{"taxonomy":"product_brand","embeddable":true,"href":"https:\/\/420now.co\/fr-ca\/wp-json\/wp\/v2\/product_brand?post=19138"},{"taxonomy":"product_cat","embeddable":true,"href":"https:\/\/420now.co\/fr-ca\/wp-json\/wp\/v2\/product_cat?post=19138"},{"taxonomy":"product_tag","embeddable":true,"href":"https:\/\/420now.co\/fr-ca\/wp-json\/wp\/v2\/product_tag?post=19138"}],"curies":[{"name":"wp","href":"https:\/\/api.w.org\/{rel}","templated":true}]}}