{"id":19139,"date":"2022-11-01T13:07:59","date_gmt":"2022-11-01T17:07:59","guid":{"rendered":"https:\/\/420now.co\/product\/barre-shatter-vegan-menthe-indica-250mg\/"},"modified":"2026-04-02T19:51:38","modified_gmt":"2026-04-02T23:51:38","slug":"barre-shatter-vegan-menthe-indica-250mg","status":"publish","type":"product","link":"https:\/\/420now.co\/fr-ca\/product\/barre-shatter-vegan-menthe-indica-250mg\/","title":{"rendered":"Shatter Bars V\u00e9gane Menthe Chocolat Indica 250 mg"},"content":{"rendered":"<p>Voir toutes les <a href=\"https:\/\/420now.co\/fr-ca\/barres-de-brisage-euphoria-extractions-420now-livraison-de-weed\/\">barres \u00e0 \u00e9clats d\u2019Euphoria Extractions<\/a>.  <\/p>\n<p>Les barres de chocolat \u00e0 la menthe v\u00e9g\u00e9talienne Euphoria Extractions sont la solution parfaite pour vos besoins comestibles. Avec 24 carr\u00e9s, ces barres sont faciles \u00e0 g\u00e9rer et contiennent 250 mg d\u2019extrait \u00e0 spectre complet test\u00e9 en laboratoire provenant du meilleur cannabis disponible. Les barres de cassage Euphoria sont garanties pour procurer une satisfaction totale.  <\/p>\n<p>Fabriqu\u00e9 avec du vrai chocolat au lait au go\u00fbt riche.  <\/p>\n<h2>Barres Shatter Vegan Menthe Indica 250 mg<\/h2>\n<p>Euphoria Solutions utilise des ingr\u00e9dients de haute qualit\u00e9 dans ses barres de chocolat au lait, ainsi que du THC de la marijuana Indica , test\u00e9 en laboratoire. Selon la saison et la disponibilit\u00e9, la vari\u00e9t\u00e9 de marijuana sp\u00e9cifique peut changer, mais le nom de la vari\u00e9t\u00e9 est inclus sur chaque emballage. <\/p>\n<p>Toutes les barres Shatter Vegan d\u2019Euphoria Extractions sont sans sucre!<\/p>\n<h2>Barres \u00e0 briser de chocolat &#8211; Livraison gratuite dans la r\u00e9gion du Grand Toronto<\/h2>\n<p>Peu importe o\u00f9 vous vous trouvez dans la r\u00e9gion du Grand Toronto, vous pouvez obtenir des barres cass\u00e9es de chocolat au lait en 2 heures \u00e0 votre porte! Commandez avant 20 h et l\u2019un de nos chauffeurs vous livrera le jour m\u00eame, 2 heures gratuitement, lorsque vous commandez un minimum de 100,00 $ de l\u2019un des produits sur notre site Web.<\/p>\n<p>Notre r\u00e9gion de livraison du Grand Toronto comprend : Toronto, King, Vaughan, Richmond Hill, Aurora, Newmarket, East Gwillimbury, Whitchurch-Stouffville, Markham.<\/p>\n<p><strong>Nous pouvons aussi exp\u00e9dier \u00e0 travers le Canada via Postes Canada<\/strong><\/p>\n","protected":false},"excerpt":{"rendered":"<p>Les barres cassantes au chocolat \u00e0 la menthe Euphoria Extractions sont la solution parfaite pour vos besoins comestibles. Avec 24 carr\u00e9s, ces barres sont faciles \u00e0 g\u00e9rer et contiennent une dose plus faible g\u00e9rable de 250 mg d\u2019extrait \u00e0 spectre complet test\u00e9 en laboratoire provenant du meilleur cannabis disponible. Les barres de brisage Euphoria sont garanties pour vous procurer satisfaction.  <\/p>\n<p>Fabriqu\u00e9 avec du chocolat \u00e0 la menthe v\u00e9ritable et revigorant.<\/p>\n<p>250 mg de THC pour ceux qui veulent de petites doses de THC faciles \u00e0 g\u00e9rer \u00e0 la fois.  <\/p>\n","protected":false},"featured_media":17016,"comment_status":"open","ping_status":"closed","template":"","meta":{"_acf_changed":false},"product_brand":[],"product_cat":[226,219],"product_tag":[302,313],"class_list":{"0":"post-19139","1":"product","2":"type-product","3":"status-publish","4":"has-post-thumbnail","6":"product_cat-chocolats","7":"product_cat-comestibles","8":"product_tag-indica-fr-ca","9":"product_tag-shatter-bars-fr-ca","11":"first","12":"instock","13":"shipping-taxable","14":"purchasable","15":"product-type-simple"},"acf":[],"_links":{"self":[{"href":"https:\/\/420now.co\/fr-ca\/wp-json\/wp\/v2\/product\/19139","targetHints":{"allow":["GET"]}}],"collection":[{"href":"https:\/\/420now.co\/fr-ca\/wp-json\/wp\/v2\/product"}],"about":[{"href":"https:\/\/420now.co\/fr-ca\/wp-json\/wp\/v2\/types\/product"}],"replies":[{"embeddable":true,"href":"https:\/\/420now.co\/fr-ca\/wp-json\/wp\/v2\/comments?post=19139"}],"wp:featuredmedia":[{"embeddable":true,"href":"https:\/\/420now.co\/fr-ca\/wp-json\/wp\/v2\/media\/17016"}],"wp:attachment":[{"href":"https:\/\/420now.co\/fr-ca\/wp-json\/wp\/v2\/media?parent=19139"}],"wp:term":[{"taxonomy":"product_brand","embeddable":true,"href":"https:\/\/420now.co\/fr-ca\/wp-json\/wp\/v2\/product_brand?post=19139"},{"taxonomy":"product_cat","embeddable":true,"href":"https:\/\/420now.co\/fr-ca\/wp-json\/wp\/v2\/product_cat?post=19139"},{"taxonomy":"product_tag","embeddable":true,"href":"https:\/\/420now.co\/fr-ca\/wp-json\/wp\/v2\/product_tag?post=19139"}],"curies":[{"name":"wp","href":"https:\/\/api.w.org\/{rel}","templated":true}]}}