{"id":19140,"date":"2022-10-28T15:10:23","date_gmt":"2022-10-28T19:10:23","guid":{"rendered":"https:\/\/420now.co\/product\/distillat-quantum-brut-naturel-500mg-thc\/"},"modified":"2025-10-09T11:50:19","modified_gmt":"2025-10-09T15:50:19","slug":"distillat-quantum-brut-naturel-500mg-thc","status":"publish","type":"product","link":"https:\/\/420now.co\/fr-ca\/product\/distillat-quantum-brut-naturel-500mg-thc\/","title":{"rendered":"Quantum Distillat Brut Naturel 500mg THC"},"content":{"rendered":"<p>Distillat brut de 500 mg de THC emball\u00e9 dans une seringue orale. Non dilu\u00e9 et non aromatis\u00e9. Extrait brut de cannabis de plante enti\u00e8re. \u00c0 l\u2019aide d\u2019une distillation fractionn\u00e9e, les cannabino\u00efdes sont retir\u00e9s des terp\u00e8nes et de la cire pour obtenir du THC pur. Les produits enti\u00e8rement naturels d\u00e9riv\u00e9s du cannabis sont anti-inflammatoires et peuvent aider \u00e0 soulager les douleurs aigu\u00ebs et chroniques. Produit Contient du cannabis m\u00e9dical qui peut causer des effets intoxicants.       <\/p>\n<p>TENIR \u00c0 L\u2019\u00c9CART DES ENFANTS ET DES ANIMAUX DOMESTIQUES. Pour un usage adulte seulement.  Test\u00e9 en laboratoire<\/p>\n<h2>Distillat quantique &#8211; Livraison gratuite dans la r\u00e9gion du Grand Toronto<\/h2>\n<p>Si vous \u00eates dans la r\u00e9gion du Grand Toronto (RGT), vous pouvez obtenir des distillats Quantum en 2 heures* \u00e0 votre porte! Commandez avant 20 h et l\u2019un de nos chauffeurs vous livrera le jour m\u00eame, 2 heures gratuitement, lorsque vous commandez un minimum de 100,00 $ de l\u2019un des produits sur notre site Web.<\/p>\n<p>*Livraison en deux heures \u00e0 Toronto (Scarborough, North York, Etobicoke, DownTown, York \u2013 toutes les r\u00e9gions \u00e0 l\u2019int\u00e9rieur des fronti\u00e8res de la ville de Toronto), Richmond Hill, King, Aurora, Newmarket, Woodbridge, Vaughan et Markham.<\/p>\n<p>Pour les r\u00e9gions p\u00e9riph\u00e9riques telles que Brampton, Caledon, Mississauga, Pickering, Ajax, Whitby, Oshawa, Clarington, Scugog, Uxbridge, East Gwillimbury, Georgina et Brock, veuillez nous appeler avant de commander pour d\u00e9terminer la disponibilit\u00e9 des chauffeurs.<\/p>\n<p>Nous exp\u00e9dions \u00e9galement partout au Canada et dans des r\u00e9gions \u00e9loign\u00e9es en dehors de notre zone de livraison gratuite habituelle.<\/p>\n","protected":false},"excerpt":{"rendered":"<p>Distillat brut de 500 mg de THC emball\u00e9 dans une seringue orale. Non dilu\u00e9 et non aromatis\u00e9. Extrait brut de cannabis de plante enti\u00e8re. \u00c0 l\u2019aide d\u2019une distillation fractionn\u00e9e, les cannabino\u00efdes sont retir\u00e9s des terp\u00e8nes et de la cire pour obtenir du THC pur. Les produits enti\u00e8rement naturels d\u00e9riv\u00e9s du cannabis sont anti-inflammatoires et peuvent aider \u00e0 soulager les douleurs aigu\u00ebs et chroniques. Produit Contient du cannabis m\u00e9dical qui peut causer des effets intoxicants.       <\/p>\n<p>TENIR \u00c0 L\u2019\u00c9CART DES ENFANTS ET DES ANIMAUX DOMESTIQUES. Pour un usage adulte seulement. Test\u00e9 en laboratoire  <\/p>\n","protected":false},"featured_media":17429,"comment_status":"open","ping_status":"closed","template":"","meta":{"_acf_changed":false},"product_brand":[],"product_cat":[212],"product_tag":[],"class_list":{"0":"post-19140","1":"product","2":"type-product","3":"status-publish","4":"has-post-thumbnail","6":"product_cat-seringues-a-distillat","8":"first","9":"instock","10":"shipping-taxable","11":"purchasable","12":"product-type-simple"},"acf":[],"_links":{"self":[{"href":"https:\/\/420now.co\/fr-ca\/wp-json\/wp\/v2\/product\/19140","targetHints":{"allow":["GET"]}}],"collection":[{"href":"https:\/\/420now.co\/fr-ca\/wp-json\/wp\/v2\/product"}],"about":[{"href":"https:\/\/420now.co\/fr-ca\/wp-json\/wp\/v2\/types\/product"}],"replies":[{"embeddable":true,"href":"https:\/\/420now.co\/fr-ca\/wp-json\/wp\/v2\/comments?post=19140"}],"wp:featuredmedia":[{"embeddable":true,"href":"https:\/\/420now.co\/fr-ca\/wp-json\/wp\/v2\/media\/17429"}],"wp:attachment":[{"href":"https:\/\/420now.co\/fr-ca\/wp-json\/wp\/v2\/media?parent=19140"}],"wp:term":[{"taxonomy":"product_brand","embeddable":true,"href":"https:\/\/420now.co\/fr-ca\/wp-json\/wp\/v2\/product_brand?post=19140"},{"taxonomy":"product_cat","embeddable":true,"href":"https:\/\/420now.co\/fr-ca\/wp-json\/wp\/v2\/product_cat?post=19140"},{"taxonomy":"product_tag","embeddable":true,"href":"https:\/\/420now.co\/fr-ca\/wp-json\/wp\/v2\/product_tag?post=19140"}],"curies":[{"name":"wp","href":"https:\/\/api.w.org\/{rel}","templated":true}]}}