{"id":19145,"date":"2022-10-25T09:53:27","date_gmt":"2022-10-25T13:53:27","guid":{"rendered":"https:\/\/420now.co\/product\/herb-angels-thc-plus-rso-capsules-500-mg\/"},"modified":"2025-04-11T09:50:51","modified_gmt":"2025-04-11T13:50:51","slug":"herb-angels-thc-plus-rso-capsules-500-mg","status":"publish","type":"product","link":"https:\/\/420now.co\/fr-ca\/product\/herb-angels-thc-plus-rso-capsules-500-mg\/","title":{"rendered":"Herb Angels THC Plus (RSO) Capsules 500 mg"},"content":{"rendered":"<p>Lorsque vous faites face \u00e0 de s\u00e9rieux d\u00e9fis dans la vie, y compris physiologiques et psychologiques, vous voudrez peut-\u00eatre abandonner &#8211; ou vous pouvez essayer une m\u00e9decine naturelle solide. Herb Angels a mis au point sa formulation de THC avec du CBD et des terp\u00e8nes cannabo\u00efdes, et a cr\u00e9\u00e9 une capsule que vous pouvez facilement prendre.   <\/p>\n<p>Cette formulation est fabriqu\u00e9e \u00e0 partir de RSO (Rick Simpson Oil) et fournit un extrait de cannabis \u00e0 spectre complet. Votre corps b\u00e9n\u00e9ficiera de tous les bienfaits d\u2019une combinaison synergique de puissants compos\u00e9s naturels. Bien qu\u2019elle ait \u00e9t\u00e9 cr\u00e9\u00e9e pour ceux qui souffrent de probl\u00e8mes m\u00e9dicaux tels que le cancer, l\u2019insomnie ou qui ont besoin d\u2019un regain d\u2019app\u00e9tit, les utilisateurs r\u00e9cr\u00e9atifs aiment l\u2019effet euphorique que procurent \u00e9galement ces capsules.  <\/p>\n<p>Chaque bo\u00eete est livr\u00e9e avec dix capsules, chacune de 50 mg de RSO pour un total de 500 mg.<\/p>\n<p>Donnez-vous un coup de pouce avec Herb Angels, un chef de file de confiance dans l\u2019industrie canadienne de la recherche et du d\u00e9veloppement du cannabis!<\/p>\n<h2>Avantages des capsules Herb Angels RSO<\/h2>\n<p>De nombreux membres de la communaut\u00e9 m\u00e9dicale ont \u00e9t\u00e9 \u00e9tonn\u00e9s de ce qu\u2019ils ont vu de premi\u00e8re main avec l\u2019utilisation de l\u2019huile Rick Simpson, ou RSO. Vous ne savez peut-\u00eatre pas que le cr\u00e9ateur original de RSO \u00e9tait un Canadien nomm\u00e9 Rick Simpson qui a commenc\u00e9 \u00e0 exp\u00e9rimenter le cannabis dans les ann\u00e9es 1990 pour aider \u00e0 soulager ses sympt\u00f4mes apr\u00e8s un accident majeur impliquant de l\u2019amiante. Il \u00e9tait lui-m\u00eame \u00e9tonn\u00e9 des r\u00e9sultats qu\u2019il avait r\u00e9ussi \u00e0 obtenir.  <\/p>\n<p>Plus tard, M. Simpson a re\u00e7u un diagnostic de cancer de la peau et a de nouveau pens\u00e9 \u00e0 exp\u00e9rimenter la possibilit\u00e9 que le cannabis puisse am\u00e9liorer sa maladie. Il a ensuite cr\u00e9\u00e9 Rick Simpson Oil, ou RSO, comme on l\u2019appelle souvent, aujourd\u2019hui. Rick a indiqu\u00e9 qu\u2019apr\u00e8s avoir utilis\u00e9 RSO, il \u00e9tait compl\u00e8tement gu\u00e9ri du cancer de la peau en une semaine!  <\/p>\n<p>Aujourd\u2019hui, de nombreux membres de la communaut\u00e9 m\u00e9dicale sont convaincus que le RSO poss\u00e8de des propri\u00e9t\u00e9s qui pourraient \u00eatre carr\u00e9ment miraculeuses. Mais les scientifiques croient g\u00e9n\u00e9ralement que la RSO peut aider les patients atteints de cancer qui doivent subir une chimioth\u00e9rapie, en r\u00e9duisant les naus\u00e9es et les autres effets secondaires de la chimioth\u00e9rapie. Il est \u00e9galement prouv\u00e9 que le RSO peut contribuer de mani\u00e8re significative \u00e0 la prise en charge de la douleur.  <\/p>\n<p>Alors, que pourrait faire d\u2019autre RSO? La science \u00e9tudie encore cette question, mais il est possible qu\u2019il s\u2019agisse d\u2019une \u00e9tape dans la gu\u00e9rison de certains cancers, notamment le cancer du poumon, du sein et celui de la prostate. Selon WebMD,    <\/p>\n<blockquote><p>Ils ont d\u00e9couvert que le cannabis peut dans certains cas emp\u00eacher les cellules canc\u00e9reuses de se propager.<\/p>\n<p>D\u2019autres recherches sur le THC et d\u2019autres compos\u00e9s du cannabis montrent qu\u2019ils peuvent tuer les cellules canc\u00e9reuses tout en \u00e9pargnant les cellules saines.<\/p>\n<p>~<a href=\"https:\/\/www.webmd.com\/cancer\/rick-simpson-oil-for-cancer-overview\" target=\"_blank\" rel=\"noopener\">Source<\/a> <\/p><\/blockquote>\n<p>Bien s\u00fbr, nous ne pouvons pas vous donner de conseils m\u00e9dicaux et pour l\u2019instant cela doit \u00eatre interpr\u00e9t\u00e9 comme tel, mais nous pouvons au moins aider \u00e0 essayer RRP. Nous vous recommandons de parler \u00e0 votre m\u00e9decin. <\/p>\n<h2>\u00c0 propos de Herb Angels<\/h2>\n<p>Herb Angels est une entreprise canadienne qui se consacre \u00e0 la recherche des bienfaits sains du cannabis et des produits du cannabis, et \u00e0 les rendre accessibles \u00e0 d\u2019autres. Leurs produits sont test\u00e9s en laboratoire et sont fabriqu\u00e9s avec pr\u00e9cision pour assurer leur puret\u00e9 &#8211; sans solvants, cires et lipides ind\u00e9sirables. Elle s\u2019est impos\u00e9e au Canada comme une entreprise de cannabis de confiance qui d\u00e9fend \u00e9galement les utilisations saines de cette plante \u00e9tonnante. Les Herb Angels ont un fort accent sur la communaut\u00e9 et peuvent \u00eatre trouv\u00e9s lors de nombreux \u00e9v\u00e9nements.   <\/p>\n<p>Tout le monde a besoin d\u2019un Angel \u00e0 ses c\u00f4t\u00e9s &#8211; et si vous cherchez \u00e0 faire confiance \u00e0 une marque de cannabis, faites-en des Herb Angels!<\/p>\n<h2>Herb Angels THC Plus (RS)O) &#8211; Livraison gratuite dans la r\u00e9gion du Grand Toronto (r\u00e9gion du Grand Toronto)<\/h2>\n<p>Si vous \u00eates dans la r\u00e9gion du Grand Toronto (RGT), vous pouvez vous procurer Herb Angels THC Plus (et d\u2019autres produits de cannabis) en 2 heures* \u00e0 votre porte! Commandez avant 20 h et l\u2019un de nos chauffeurs vous livrera le jour m\u00eame, 2 heures gratuitement, lorsque vous commandez un minimum de 100,00 $ de l\u2019un des produits sur notre site Web.<\/p>\n<p>*Livraison en deux heures \u00e0 Toronto (Scarborough, North York, Etobicoke, DownTown, York \u2013 toutes les r\u00e9gions \u00e0 l\u2019int\u00e9rieur des fronti\u00e8res de la ville de Toronto), Richmond Hill, King, Aurora, Newmarket, Woodbridge, Vaughan et Markham.<\/p>\n<p>Pour les r\u00e9gions p\u00e9riph\u00e9riques, notamment Brampton, Caledon, Mississauga, Pickering, Ajax, Whitby, Oshawa, Clarington, Scugog, Uxbridge, East Gwillimbury, Georgina et Brock, veuillez appeler \u00e0 l\u2019avance avant de commander sur notre site Web, afin que nous puissions d\u00e9terminer la disponibilit\u00e9 d\u2019un chauffeur-livreur dans votre r\u00e9gion ce jour-l\u00e0. Bien s\u00fbr, si la livraison n\u2019est pas possible, nous pouvons \u00e9galement vous exp\u00e9dier des produits rapidement, y compris dans le reste de l\u2019Ontario et du Canada. <\/p>\n","protected":false},"excerpt":{"rendered":"<p>Lorsque vous faites face \u00e0 de s\u00e9rieux d\u00e9fis dans la vie, y compris physiologiques et psychologiques, vous voudrez peut-\u00eatre abandonner &#8211; ou vous pouvez essayer une m\u00e9decine naturelle solide. Herb Angels a mis au point sa formulation de THC avec du CBD et des terp\u00e8nes cannabo\u00efdes, et a cr\u00e9\u00e9 une capsule que vous pouvez facilement prendre.   <\/p>\n<p>Cette formulation est fabriqu\u00e9e \u00e0 partir de RSO (Rick Simpson Oil) et fournit un extrait de cannabis \u00e0 spectre complet. Votre corps b\u00e9n\u00e9ficiera de tous les bienfaits d\u2019une combinaison synergique de puissants compos\u00e9s naturels. Bien qu\u2019elle ait \u00e9t\u00e9 cr\u00e9\u00e9e pour ceux qui souffrent de probl\u00e8mes m\u00e9dicaux tels que le cancer, l\u2019insomnie ou qui ont besoin d\u2019un regain d\u2019app\u00e9tit, les utilisateurs r\u00e9cr\u00e9atifs aiment l\u2019effet euphorique que procurent \u00e9galement ces capsules.  <\/p>\n<p>Chaque bo\u00eete est livr\u00e9e avec dix capsules, chacune de 50 mg de RSO pour un total de 500 mg.<\/p>\n<p>Donnez-vous un coup de pouce avec Herb Angels, un chef de file de confiance dans l\u2019industrie canadienne de la recherche et du d\u00e9veloppement du cannabis!<\/p>\n","protected":false},"featured_media":17435,"comment_status":"open","ping_status":"closed","template":"","meta":{"_acf_changed":false},"product_brand":[],"product_cat":[208,218],"product_tag":[],"class_list":{"0":"post-19145","1":"product","2":"type-product","3":"status-publish","4":"has-post-thumbnail","6":"product_cat-cbd-fr-ca","7":"product_cat-comprimes-et-capsules","9":"first","10":"instock","11":"shipping-taxable","12":"purchasable","13":"product-type-simple"},"acf":[],"_links":{"self":[{"href":"https:\/\/420now.co\/fr-ca\/wp-json\/wp\/v2\/product\/19145","targetHints":{"allow":["GET"]}}],"collection":[{"href":"https:\/\/420now.co\/fr-ca\/wp-json\/wp\/v2\/product"}],"about":[{"href":"https:\/\/420now.co\/fr-ca\/wp-json\/wp\/v2\/types\/product"}],"replies":[{"embeddable":true,"href":"https:\/\/420now.co\/fr-ca\/wp-json\/wp\/v2\/comments?post=19145"}],"wp:featuredmedia":[{"embeddable":true,"href":"https:\/\/420now.co\/fr-ca\/wp-json\/wp\/v2\/media\/17435"}],"wp:attachment":[{"href":"https:\/\/420now.co\/fr-ca\/wp-json\/wp\/v2\/media?parent=19145"}],"wp:term":[{"taxonomy":"product_brand","embeddable":true,"href":"https:\/\/420now.co\/fr-ca\/wp-json\/wp\/v2\/product_brand?post=19145"},{"taxonomy":"product_cat","embeddable":true,"href":"https:\/\/420now.co\/fr-ca\/wp-json\/wp\/v2\/product_cat?post=19145"},{"taxonomy":"product_tag","embeddable":true,"href":"https:\/\/420now.co\/fr-ca\/wp-json\/wp\/v2\/product_tag?post=19145"}],"curies":[{"name":"wp","href":"https:\/\/api.w.org\/{rel}","templated":true}]}}