{"id":19149,"date":"2020-04-25T18:52:37","date_gmt":"2020-04-25T18:52:37","guid":{"rendered":"https:\/\/420now.co\/product\/royal-kush\/"},"modified":"2026-03-12T21:28:38","modified_gmt":"2026-03-13T01:28:38","slug":"royal-kush","status":"publish","type":"product","link":"https:\/\/420now.co\/fr-ca\/product\/royal-kush\/","title":{"rendered":"Royal Kush"},"content":{"rendered":"<p>Royal Kush, un hybride puissant, procure un effet complet du corps et facilite \u00e9galement un repos profond qui motive et provoque le sommeil. Les patients qui traitent le stress, la douleur et les naus\u00e9es peuvent b\u00e9n\u00e9ficier du puissant soulagement de Royal Kush. Cette vari\u00e9t\u00e9 est l\u2019un des hybrides les plus forts, les d\u00e9butants non exp\u00e9riment\u00e9s doivent \u00eatre conscients lorsqu\u2019ils utilisent ce produit.  <\/p>\n<p>Bon pour une utilisation en soir\u00e9e\/nuit.<\/p>\n<h2>Royal Kush Description des mauvaises herbes<\/h2>\n<p>Nomm\u00e9e \u00e0 juste titre &#8211; connue sous le nom de \u00ab roi des hybrides \u00bb, cette vari\u00e9t\u00e9 \u00e0 dominante Indica 80\/20 produit des niveaux de THC constants \u00e0 25%. C\u2019est une vari\u00e9t\u00e9 de cannabis puissante, que les v\u00e9t\u00e9rans adorent, et les d\u00e9butants doivent \u00eatre prudents. <\/p>\n<p>Croisement entre Skunk et une indica afghane, elle peut produire des effets souvent souhait\u00e9s le soir ou la nuit. Avec des bourgeons verts, des pistils rouges (ou des poils) et une \u00e9paisse couche de trichomes, Royal Kush peut \u00eatre r\u00e9sineuse lorsqu\u2019elle est durcie et peut n\u00e9cessiter un broyage pour se d\u00e9composer. L\u2019odeur est piquante &#8211; si vous cherchez \u00e0 \u00eatre discret, soyez conscient de cela.  <\/p>\n<p>Royal Kush devient une vari\u00e9t\u00e9 importante dans le domaine du cannabis m\u00e9dical. Cette vari\u00e9t\u00e9 a g\u00e9n\u00e9ralement des bourgeons verts avec des pistils blanc\u00e2tres (ou \u00ab poils \u00bb comme certains les appellent). <\/p>\n<h2>Royal Kush Effets<\/h2>\n<p>Ceux qui ont des probl\u00e8mes de sommeil choisiront souvent Royal Kush en raison de son bourdonnement tr\u00e8s relaxant qui favorise le sommeil. Comme d\u2019autres vari\u00e9t\u00e9s tr\u00e8s fortes, c\u2019est un excellent choix pour une utilisation en soir\u00e9e ou en nuit. <\/p>\n<p>Elle peut avoir un effet plus lent que d\u2019autres vari\u00e9t\u00e9s qui frappent fort et rapidement &#8211; presque comme un effet rampant. La notion du temps peut \u00eatre perdue apr\u00e8s que Royal Kush ait pleinement fait effet et des exp\u00e9riences psych\u00e9d\u00e9liques peuvent se produire avec des distorsions avec la vue visuelle. Souvent, un sentiment d\u2019euphorie est ressenti. Parfois, \u00ab transe \u00bb est une description que les utilisateurs de Royal Kush utiliseront pour d\u00e9crire les effets de cette vari\u00e9t\u00e9.   <\/p>\n<h2>Conditions pour lesquelles Royal Kush peut aider<\/h2>\n<p>Comme mentionn\u00e9, ce \u00ab roi des hybrides \u00bb devient rapidement l\u2019une des vari\u00e9t\u00e9s majeures dans la consommation de cannabis m\u00e9dical, et pour cause. Il est reconnu pour sa capacit\u00e9 \u00e0 traiter une grande vari\u00e9t\u00e9 de conditions, et \u00e0 le faire tr\u00e8s bien. Voici quelques-unes de ces conditions :  <\/p>\n<ul>\n<li>Anxi\u00e9t\u00e9 aigu\u00eb<\/li>\n<li>Stress aigu<\/li>\n<li>TSPT aigu<\/li>\n<li>Douleur nerveuse<\/li>\n<li>Maladie de Parkinson<\/li>\n<li>Fibromyalgie<\/li>\n<\/ul>\n<p>\u00c9videmment, nous ne pouvons pas vous dire que vous ressentirez une am\u00e9lioration avec l\u2019une de ces conditions m\u00e9dicales sp\u00e9cifiques, mais nous sommes au courant des derniers r\u00e9sultats de recherche sur le cannabis m\u00e9dical et nous nous tenons au courant des derniers r\u00e9sultats de recherche sur le cannabis m\u00e9dical.<\/p>\n<p>Nos acheteurs r\u00e9guliers nous disent \u00e9galement qu\u2019ils trouvent Royal Kush incroyable pour les aider \u00e0 lutter contre l\u2019insomnie et la relaxation de l\u2019esprit. Cela peut \u00e9galement augmenter l\u2019app\u00e9tit chez les personnes qui ont des probl\u00e8mes de troubles alimentaires ou un manque d\u2019app\u00e9tit. <\/p>\n<p><em>REMARQUE : Les informations sur ce site sont fournies \u00e0 des fins \u00e9ducatives seulement et ne remplacent pas un avis m\u00e9dical professionnel. Consultez un professionnel de la sant\u00e9 avant utilisation.  Pour les adultes \u00e2g\u00e9s de 19 ans ou plus seulement.<\/em><\/p>\n<p>L\u2019effet de Royal Kush peut durer longtemps. M\u00eame les fumeurs v\u00e9t\u00e9rans doivent faire attention \u00e0 leur dosage lorsqu\u2019ils essaient cette vari\u00e9t\u00e9 pour la premi\u00e8re fois. Il y a quelques cas o\u00f9 l\u2019anxi\u00e9t\u00e9 et la parano\u00efa ont \u00e9t\u00e9 signal\u00e9es.  <\/p>\n<h2>Royal Kush Livraison de mauvaises herbes dans la r\u00e9gion du Grand Toronto<\/h2>\n<p><strong>Livraison&lt; gratuite en 2 heures\/fort*&gt; avec une commande minimale de 100,00 $ de l\u2019un de nos produits, y compris Royal Kush de 420Now Weed Delivery. Veuillez commander avant 20 h pour une livraison en deux heures le jour m\u00eame.   <\/strong><\/p>\n<p>*Livraison en deux heures \u00e0 Toronto (Scarborough, North York, Etobicoke, DownTown, York &#8211; toutes les r\u00e9gions \u00e0 l\u2019int\u00e9rieur des fronti\u00e8res de la ville de Toronto), Richmond Hill, King, Aurora, Newmarket, Woodbridge, Vaughan et Markham.<\/p>\n<p>\u00c9galement disponible pour exp\u00e9dition partout au Canada.<\/p>\n","protected":false},"excerpt":{"rendered":"<p>Royal Kush, un hybride puissant, procure un effet complet du corps et facilite \u00e9galement un repos profond qui motive et provoque le sommeil. Les patients qui traitent le stress, la douleur et les naus\u00e9es peuvent b\u00e9n\u00e9ficier du puissant soulagement de Royal Kush. Cette vari\u00e9t\u00e9 est l\u2019un des hybrides les plus forts, les d\u00e9butants non exp\u00e9riment\u00e9s doivent \u00eatre conscients lorsqu\u2019ils utilisent ce produit.   Bon pour une utilisation en soir\u00e9e\/nuit.<\/p>\n<p><strong>Hybride<\/strong> &#8211; Indica<\/p>\n<p>EN RUPTURE DE STOCK<\/p>\n","protected":false},"featured_media":16525,"comment_status":"open","ping_status":"closed","template":"","meta":{"_acf_changed":false},"product_brand":[],"product_cat":[250],"product_tag":[288],"class_list":{"0":"post-19149","1":"product","2":"type-product","3":"status-publish","4":"has-post-thumbnail","6":"product_cat-pot-indica","7":"product_tag-hybride","8":"pa_weight-1-oz-fr-ca","9":"pa_weight-1-2-oz-fr-ca","10":"pa_weight-1-4-oz-fr-ca-2","12":"first","13":"outofstock","14":"shipping-taxable","15":"purchasable","16":"product-type-variable"},"acf":[],"_links":{"self":[{"href":"https:\/\/420now.co\/fr-ca\/wp-json\/wp\/v2\/product\/19149","targetHints":{"allow":["GET"]}}],"collection":[{"href":"https:\/\/420now.co\/fr-ca\/wp-json\/wp\/v2\/product"}],"about":[{"href":"https:\/\/420now.co\/fr-ca\/wp-json\/wp\/v2\/types\/product"}],"replies":[{"embeddable":true,"href":"https:\/\/420now.co\/fr-ca\/wp-json\/wp\/v2\/comments?post=19149"}],"wp:featuredmedia":[{"embeddable":true,"href":"https:\/\/420now.co\/fr-ca\/wp-json\/wp\/v2\/media\/16525"}],"wp:attachment":[{"href":"https:\/\/420now.co\/fr-ca\/wp-json\/wp\/v2\/media?parent=19149"}],"wp:term":[{"taxonomy":"product_brand","embeddable":true,"href":"https:\/\/420now.co\/fr-ca\/wp-json\/wp\/v2\/product_brand?post=19149"},{"taxonomy":"product_cat","embeddable":true,"href":"https:\/\/420now.co\/fr-ca\/wp-json\/wp\/v2\/product_cat?post=19149"},{"taxonomy":"product_tag","embeddable":true,"href":"https:\/\/420now.co\/fr-ca\/wp-json\/wp\/v2\/product_tag?post=19149"}],"curies":[{"name":"wp","href":"https:\/\/api.w.org\/{rel}","templated":true}]}}