{"id":19150,"date":"2020-04-25T18:13:26","date_gmt":"2020-04-25T22:13:26","guid":{"rendered":"https:\/\/420now.co\/product\/alaskan-thunder-fuck-aaaa\/"},"modified":"2026-03-12T21:43:04","modified_gmt":"2026-03-13T01:43:04","slug":"alaskan-thunder-fuck-aaaa","status":"publish","type":"product","link":"https:\/\/420now.co\/fr-ca\/product\/alaskan-thunder-fuck-aaaa\/","title":{"rendered":"Alaskan Thunder Fuck AAAA"},"content":{"rendered":"<p>Cette souche, \u00e9galement connue sous le nom d&#8217;\u00ab ATF \u00bb, est originaire de l\u2019Alaska et serait un croisement entre la ruderalis russe et des souches du nord de la Californie. Elle est \u00e0 dominante sativia avec un ratio g\u00e9n\u00e9ral d\u2019environ 70 \u00e0 30 Sativa&nbsp;:Indica. Il atteint des moyennes entre 16 et 23% de THC avec un niveau \u00e9lev\u00e9 de CBD (0,8%). Beaucoup de gens appr\u00e9cient Alaskan Thunder Fuck comme un high diurne, car il est connu pour am\u00e9liorer la cr\u00e9ativit\u00e9 et la concentration &#8211; quelque chose que tout le monde veut pour le travail!   <\/p>\n<h2>Baise du Alaskan Thunder Fuck Effets<\/h2>\n<p>Cette vari\u00e9t\u00e9 frappe fort et assez rapidement, mais vous n\u2019obtenez pas le crash que vous pourriez avoir avec d\u2019autres vari\u00e9t\u00e9s \u00e0 dominante Sabivia. Vous passerez votre journ\u00e9e avec un sentiment de satisfaction et de d\u00e9tente avec une grande concentration \u00e9galement. Aimez-vous vous sentir optimiste? Alaskan Thunder Fuck est peut-\u00eatre la fleur dont vous tomberez amoureux! Certainement, plusieurs de nos clients nous disent qu\u2019ils adorent Alaskan Fuck!    <\/p>\n<h2>Autres avantages de Alaskan Thunder Fuck<\/h2>\n<p>Beaucoup de personnes souffrant de TSPT, de d\u00e9pression et d\u2019anxi\u00e9t\u00e9 nous disent que Alaskan Thunder Fuck les a vraiment aid\u00e9s \u00e0 soulager leur souffrance. Si vous avez souffert de l\u2019une de ces conditions, vous voudrez peut-\u00eatre envisager l\u2019ATF et essayer. Tout le monde est diff\u00e9rent et c\u2019est pourquoi il y a tant de vari\u00e9t\u00e9s de cannabis disponibles!  <\/p>\n<p><em>REMARQUE : Les informations sur ce site sont fournies \u00e0 des fins \u00e9ducatives seulement et ne remplacent pas un avis m\u00e9dical professionnel. Consultez un professionnel de la sant\u00e9 avant utilisation.  Pour les adultes \u00e2g\u00e9s de 19 ans ou plus seulement.<\/em><\/p>\n<p>Vous aurez peut-\u00eatre la bouche s\u00e8che &#8211; gardez un verre d\u2019eau \u00e0 port\u00e9e de main dans l\u2019\u00e9ventualit\u00e9 o\u00f9 vous le feriez.<\/p>\n<h2>Livraison gratuite en 2 heures Alaskan Thunder Fuck &#8211; R\u00e9gion du Grand Toronto<\/h2>\n<p>Commandez en ligne et nous l\u2019aurons \u00e0 votre porte dans les 2 heures* si vous commandez avant 20 h.<\/p>\n<p>*Livraison en deux heures \u00e0 Toronto (Scarborough, North York, Etobicoke, DownTown, York &#8211; toutes les r\u00e9gions \u00e0 l\u2019int\u00e9rieur des fronti\u00e8res de la ville de Toronto), Richmond Hill, King, Aurora, Newmarket, Woodbridge, Vaughan et Markham.<\/p>\n<p>Exp\u00e9dition \u00e0 travers le Canada via Postes Canada.<\/p>\n","protected":false},"excerpt":{"rendered":"<p>Alaskan Thunder Fuck est une vari\u00e9t\u00e9 \u00e0 dominante sativa originaire de la r\u00e9gion de la vall\u00e9e de Matanuska en Alaska. Cette Strain a un effet relaxant mais intens\u00e9ment euphorique. L\u2019ATF a \u00e9galement un effet \u00ab&nbsp;Creeper&nbsp;\u00bb, il augmentera votre appitite.  <\/p>\n<p>Elle est dominante en sativia avec un ratio g\u00e9n\u00e9ral d\u2019environ 70 \u00e0 30 Sativa&nbsp;:Indica. Il atteint en moyenne entre 16 et 23% de THC avec un taux \u00e9lev\u00e9 de CBD (0,8%). Beaucoup de gens aiment Alaskan Thunder Fuck comme un sommet de jour, car il est reconnu pour am\u00e9liorer la cr\u00e9ativit\u00e9 et la concentration \u2013 quelque chose que tout le monde veut pour le travail!  <\/p>\n","protected":false},"featured_media":16535,"comment_status":"open","ping_status":"closed","template":"","meta":{"_acf_changed":false},"product_brand":[],"product_cat":[255],"product_tag":[290],"class_list":{"0":"post-19150","1":"product","2":"type-product","3":"status-publish","4":"has-post-thumbnail","6":"product_cat-pot-sativa","7":"product_tag-sativa-fr-ca","8":"pa_weight-1-oz-fr-ca","9":"pa_weight-1-2-oz-fr-ca","10":"pa_weight-1-4-oz-fr-ca-2","11":"pa_weight-1-8-oz-fr-ca","12":"pa_weight-1gr-fr-ca","14":"first","15":"instock","16":"shipping-taxable","17":"purchasable","18":"product-type-variable"},"acf":[],"_links":{"self":[{"href":"https:\/\/420now.co\/fr-ca\/wp-json\/wp\/v2\/product\/19150","targetHints":{"allow":["GET"]}}],"collection":[{"href":"https:\/\/420now.co\/fr-ca\/wp-json\/wp\/v2\/product"}],"about":[{"href":"https:\/\/420now.co\/fr-ca\/wp-json\/wp\/v2\/types\/product"}],"replies":[{"embeddable":true,"href":"https:\/\/420now.co\/fr-ca\/wp-json\/wp\/v2\/comments?post=19150"}],"wp:featuredmedia":[{"embeddable":true,"href":"https:\/\/420now.co\/fr-ca\/wp-json\/wp\/v2\/media\/16535"}],"wp:attachment":[{"href":"https:\/\/420now.co\/fr-ca\/wp-json\/wp\/v2\/media?parent=19150"}],"wp:term":[{"taxonomy":"product_brand","embeddable":true,"href":"https:\/\/420now.co\/fr-ca\/wp-json\/wp\/v2\/product_brand?post=19150"},{"taxonomy":"product_cat","embeddable":true,"href":"https:\/\/420now.co\/fr-ca\/wp-json\/wp\/v2\/product_cat?post=19150"},{"taxonomy":"product_tag","embeddable":true,"href":"https:\/\/420now.co\/fr-ca\/wp-json\/wp\/v2\/product_tag?post=19150"}],"curies":[{"name":"wp","href":"https:\/\/api.w.org\/{rel}","templated":true}]}}