{"id":19160,"date":"2020-04-25T20:52:11","date_gmt":"2020-04-26T00:52:11","guid":{"rendered":"https:\/\/420now.co\/product\/snowcap-aaaa\/"},"modified":"2026-03-12T21:17:38","modified_gmt":"2026-03-13T01:17:38","slug":"snowcap-aaaa","status":"publish","type":"product","link":"https:\/\/420now.co\/fr-ca\/product\/snowcap-aaaa\/","title":{"rendered":"Snowcap AAAA"},"content":{"rendered":"<p>\u00cates-vous \u00e0 la recherche d\u2019une de ces pouss\u00e9es c\u00e9r\u00e9brales, qui offrent \u00e9galement un certain degr\u00e9 de bonheur, ainsi que peut-\u00eatre des \u00e9clats de rire pour le prochain moment? Tout en ressentant peut-\u00eatre une relaxation compl\u00e8te du corps et apr\u00e8s avoir fum\u00e9 quelque chose qui a des touches de citron avec des notes de menthe et\/ou de menthol? <\/p>\n<p>Ce favori de la c\u00f4te ouest de la Californie n\u2019attend que vous pour vous illuminer et d\u00e9couvrir l\u2019une des vari\u00e9t\u00e9s ultimes.<\/p>\n<p>Une vari\u00e9t\u00e9 d\u2019herbe \u00e0 action rapide qui offre un high stimulant tout en relaxant le corps, mais qui ne vous s\u00e9dative g\u00e9n\u00e9ralement pas.<\/p>\n<h2>Snowcap Description des mauvaises herbes<\/h2>\n<p>Snowcap (alias Sno Cap) est l\u2019une de ces vari\u00e9t\u00e9s classiques originaires de la c\u00f4te ouest (Californie), mais on ne sait pas grand-chose de son histoire g\u00e9n\u00e9tique. Ses origines se trouvent probablement dans le comt\u00e9 de Humboldt du Golden State et incluent peut-\u00eatre un croisement de la souche <em>Humboldt Snow<\/em> avec <em>Haze<\/em>. Lorsque vous pensez \u00e0 la Californie, vous ne pensez peut-\u00eatre pas \u00e0 la neige &#8211; mais le comt\u00e9 de Humboldt se trouve au nord du Golden State, o\u00f9 les hivers sont assez frais, les chutes de neige et m\u00eame le ski!  <\/p>\n<p>Sa saveur et son profil gustatif sont souvent d\u00e9crits comme intenses, ce que certains n\u2019aiment pas; Mais ils sont pr\u00eats \u00e0 le supporter pour l\u2019euphorie qu\u2019ils ressentent peu de temps apr\u00e8s. Il y en a bien s\u00fbr qui appr\u00e9cient \u00e0 la fois le go\u00fbt et l\u2019ar\u00f4me. G\u00e9n\u00e9ralement, il peut avoir un go\u00fbt de pin avec des notes de citron et parfois m\u00eame un m\u00e9lange complet de \u00ab fruit\u00e9 \u00bb \u00e0 l\u2019inhalation. C\u2019est ensuite que les saveurs plus profondes de menthol ou de menthe frappent, commen\u00e7ant dans les poumons \u00e0 l\u2019expiration.   <\/p>\n<p>Ceux qui aiment ce profil gustatif le consid\u00e8rent souvent comme revigorant et m\u00eame rafra\u00eechissant.<\/p>\n<h2>Effets des mauvaises herbes Snowcap<\/h2>\n<p>Cette vari\u00e9t\u00e9 de marijuana, comme mentionn\u00e9, est un classique californien et, en tant que telle, est la bienvenue pour son buzz c\u00e9r\u00e9bral complet et \u00e0 action rapide. Bien qu\u2019il soit riche en THC et qu\u2019il offre une relaxation corporelle, il a \u00e9galement tendance \u00e0 ne pas causer d\u2019anxi\u00e9t\u00e9 chez ceux qui y sont parfois enclins en fumant de l\u2019herbe. Bien qu\u2019il puisse s\u2019agir d\u2019une fum\u00e9e nocturne, en raison du fait qu\u2019elle n\u2019est g\u00e9n\u00e9ralement pas trop s\u00e9dative, beaucoup l\u2019appr\u00e9cient pendant la journ\u00e9e et appr\u00e9cient le fait que Snowcap n\u2019est pas connue pour causer des sentiments de paresse ou de fatigue.  <\/p>\n<p>Il est souvent consid\u00e9r\u00e9 comme une grande tension sociale &#8211; lorsque vous vous r\u00e9unissez avec d\u2019autres personnes ou lorsque vous voulez r\u00e9duire vos propres anxi\u00e9t\u00e9s sociales ou votre timidit\u00e9. Si vous partez \u00e0 la rencontre d\u2019autres personnes et que vous avez fum\u00e9 \u00e0 l\u2019avance, nous avons d\u00e9j\u00e0 mentionn\u00e9 les rires! Pr\u00e9parez-vous \u00e0 cela.  <\/p>\n<p>Si vous fumez seul et que vous cherchez \u00e0 accomplir certaines t\u00e2ches ou \u00e0 vous engager dans des processus cr\u00e9atifs, Snowcap est \u00e9galement une excellente option pour cela.<\/p>\n<h2>Avantages de la Strain de marijuana Snowcap<\/h2>\n<p>Les consommateurs de marijuana m\u00e9dicale b\u00e9n\u00e9ficient bien s\u00fbr des bienfaits du buzz c\u00e9r\u00e9bral et des picotements corporels que cette vari\u00e9t\u00e9 offre! Mais ce n\u2019est pas seulement pour les bons sentiments. Avec ses 4% de CBD combin\u00e9s \u00e0 des niveaux plus \u00e9lev\u00e9s de THC, elle peut avoir un avantage sur les autres vari\u00e9t\u00e9s, en m\u00e9decine.  <\/p>\n<p>Il est connu pour \u00eatre utile pour les conditions suivantes :<\/p>\n<ul>\n<li>Troubles bipolaires<\/li>\n<li>TSPT<\/li>\n<li>D\u00e9pression<\/li>\n<li>Migraines<\/li>\n<li>Arthrite<\/li>\n<\/ul>\n<p>En raison de son effet relaxant, certains le trouvent \u00e9galement utile pour les troubles du sommeil en raison de l\u2019effet relaxant qu\u2019il peut avoir.<\/p>\n<p><em>REMARQUE : Les informations sur ce site sont fournies \u00e0 des fins \u00e9ducatives seulement et ne remplacent pas un avis m\u00e9dical professionnel. Consultez un professionnel de la sant\u00e9 avant utilisation.  Pour les adultes \u00e2g\u00e9s de 19 ans ou plus seulement.<\/em><\/p>\n<h2>Snowcap \u2013 Livraison gratuite en 2 heures GTA<\/h2>\n<p>Si vous \u00eates dans la r\u00e9gion du Grand Toronto, vous pouvez vous procurer de l\u2019herbe Snowcap en 2 heures* \u00e0 votre porte! Commandez avant 20 h et l\u2019un de nos chauffeurs vous livrera le jour m\u00eame, 2 heures gratuitement, lorsque vous commandez un minimum de 100,00 $ de l\u2019un des produits sur notre site Web.<\/p>\n<p>*Livraison en deux heures \u00e0 Toronto (Scarborough, North York, Etobicoke, DownTown, York &#8211; toutes les r\u00e9gions \u00e0 l\u2019int\u00e9rieur des fronti\u00e8res de la ville de Toronto), Richmond Hill, King, Aurora, Newmarket, Woodbridge, Vaughan et Markham.<\/p>\n<h2>Snowcap Exp\u00e9dition de mauvaises herbes \u00e0 l\u2019ext\u00e9rieur de la r\u00e9gion du Grand Toronto<\/h2>\n<p>Si vous ne vivez pas dans notre zone de livraison gratuite, nous pouvons aussi vous exp\u00e9dier Snowcap, partout au Canada.<\/p>\n","protected":false},"excerpt":{"rendered":"<p>\u00cates-vous \u00e0 la recherche d\u2019une de ces pouss\u00e9es c\u00e9r\u00e9brales, qui offrent \u00e9galement un certain degr\u00e9 de bonheur, ainsi que peut-\u00eatre des \u00e9clats de rire pour le prochain moment? Tout en ressentant peut-\u00eatre une relaxation compl\u00e8te du corps et apr\u00e8s avoir fum\u00e9 quelque chose qui a des touches de citron avec des notes de menthe et\/ou de menthol? <\/p>\n<p>Ce favori de la c\u00f4te ouest de la Californie n\u2019attend que vous pour vous illuminer et d\u00e9couvrir l\u2019une des vari\u00e9t\u00e9s ultimes.<\/p>\n<p>Une vari\u00e9t\u00e9 d\u2019herbe \u00e0 action rapide qui offre un high stimulant tout en relaxant le corps, mais qui ne vous s\u00e9dera g\u00e9n\u00e9ralement pas, m\u00eame avec sa teneur \u00e9lev\u00e9e de 20 \u00e0 25% de THC &#8211; et un assez \u00e9norme 4% de CBD.<\/p>\n","protected":false},"featured_media":16839,"comment_status":"open","ping_status":"closed","template":"","meta":{"_acf_changed":false},"product_brand":[],"product_cat":[255],"product_tag":[290],"class_list":{"0":"post-19160","1":"product","2":"type-product","3":"status-publish","4":"has-post-thumbnail","6":"product_cat-pot-sativa","7":"product_tag-sativa-fr-ca","8":"pa_weight-1-oz-fr-ca","9":"pa_weight-1-2-oz-fr-ca","10":"pa_weight-1-4-oz-fr-ca-2","12":"first","13":"instock","14":"shipping-taxable","15":"purchasable","16":"product-type-variable"},"acf":[],"_links":{"self":[{"href":"https:\/\/420now.co\/fr-ca\/wp-json\/wp\/v2\/product\/19160","targetHints":{"allow":["GET"]}}],"collection":[{"href":"https:\/\/420now.co\/fr-ca\/wp-json\/wp\/v2\/product"}],"about":[{"href":"https:\/\/420now.co\/fr-ca\/wp-json\/wp\/v2\/types\/product"}],"replies":[{"embeddable":true,"href":"https:\/\/420now.co\/fr-ca\/wp-json\/wp\/v2\/comments?post=19160"}],"wp:featuredmedia":[{"embeddable":true,"href":"https:\/\/420now.co\/fr-ca\/wp-json\/wp\/v2\/media\/16839"}],"wp:attachment":[{"href":"https:\/\/420now.co\/fr-ca\/wp-json\/wp\/v2\/media?parent=19160"}],"wp:term":[{"taxonomy":"product_brand","embeddable":true,"href":"https:\/\/420now.co\/fr-ca\/wp-json\/wp\/v2\/product_brand?post=19160"},{"taxonomy":"product_cat","embeddable":true,"href":"https:\/\/420now.co\/fr-ca\/wp-json\/wp\/v2\/product_cat?post=19160"},{"taxonomy":"product_tag","embeddable":true,"href":"https:\/\/420now.co\/fr-ca\/wp-json\/wp\/v2\/product_tag?post=19160"}],"curies":[{"name":"wp","href":"https:\/\/api.w.org\/{rel}","templated":true}]}}