{"id":19167,"date":"2020-12-23T22:16:00","date_gmt":"2020-12-24T03:16:00","guid":{"rendered":"https:\/\/420now.co\/product\/cheetos-crunchy-xxtra-flaming-hot-600mg-thc\/"},"modified":"2026-03-15T19:40:11","modified_gmt":"2026-03-15T23:40:11","slug":"cheetos-crunchy-xxtra-flaming-hot-600mg-thc","status":"publish","type":"product","link":"https:\/\/420now.co\/fr-ca\/product\/cheetos-crunchy-xxtra-flaming-hot-600mg-thc\/","title":{"rendered":"CHEETOS Crunchy (XXTRA Flaming Hot) 600mg THC"},"content":{"rendered":"<p>THC 600 mg par paquet<\/p>\n","protected":false},"excerpt":{"rendered":"<p>Le bon go\u00fbt des Cheetos extra flamboyants, mais avec une touche suppl\u00e9mentaire de THC. Les Cheetos m\u00e9dicamenteux ont bon go\u00fbt et fournissent du THC m\u00e9dicinal &#8211; essayez de commencer avec 1 ou 2 chips de Cheeto pour \u00e9valuer comment vous vous sentez et comment le THC vous affecte. <\/p>\n<p>THC 600 mg par paquet.<\/p>\n<p>Poids net : 28,3 grammes.<\/p>\n","protected":false},"featured_media":16857,"comment_status":"open","ping_status":"closed","template":"","meta":{"_acf_changed":false},"product_brand":[],"product_cat":[219],"product_tag":[294],"class_list":{"0":"post-19167","1":"product","2":"type-product","3":"status-publish","4":"has-post-thumbnail","6":"product_cat-comestibles","7":"product_tag-croustilles","9":"first","10":"instock","11":"shipping-taxable","12":"purchasable","13":"product-type-simple"},"acf":[],"_links":{"self":[{"href":"https:\/\/420now.co\/fr-ca\/wp-json\/wp\/v2\/product\/19167","targetHints":{"allow":["GET"]}}],"collection":[{"href":"https:\/\/420now.co\/fr-ca\/wp-json\/wp\/v2\/product"}],"about":[{"href":"https:\/\/420now.co\/fr-ca\/wp-json\/wp\/v2\/types\/product"}],"replies":[{"embeddable":true,"href":"https:\/\/420now.co\/fr-ca\/wp-json\/wp\/v2\/comments?post=19167"}],"wp:featuredmedia":[{"embeddable":true,"href":"https:\/\/420now.co\/fr-ca\/wp-json\/wp\/v2\/media\/16857"}],"wp:attachment":[{"href":"https:\/\/420now.co\/fr-ca\/wp-json\/wp\/v2\/media?parent=19167"}],"wp:term":[{"taxonomy":"product_brand","embeddable":true,"href":"https:\/\/420now.co\/fr-ca\/wp-json\/wp\/v2\/product_brand?post=19167"},{"taxonomy":"product_cat","embeddable":true,"href":"https:\/\/420now.co\/fr-ca\/wp-json\/wp\/v2\/product_cat?post=19167"},{"taxonomy":"product_tag","embeddable":true,"href":"https:\/\/420now.co\/fr-ca\/wp-json\/wp\/v2\/product_tag?post=19167"}],"curies":[{"name":"wp","href":"https:\/\/api.w.org\/{rel}","templated":true}]}}