{"id":19170,"date":"2020-12-23T17:33:56","date_gmt":"2020-12-23T22:33:56","guid":{"rendered":"https:\/\/420now.co\/product\/pineapple-express-diamants-meds\/"},"modified":"2026-02-09T11:15:42","modified_gmt":"2026-02-09T16:15:42","slug":"pineapple-express-diamants-meds","status":"publish","type":"product","link":"https:\/\/420now.co\/fr-ca\/product\/pineapple-express-diamants-meds\/","title":{"rendered":"Pineapple Express Meds Diamants"},"content":{"rendered":"<p>Dans le contexte du cannabis, le terme diamant a plusieurs significations diff\u00e9rentes. Il est souvent utilis\u00e9 pour d\u00e9crire le cristallin d\u2019acide t\u00e9trahydrocannabinolique pur (THCA), \u00e9galement connu sous le nom de \u00ab diamants THCA \u00bb ou \u00ab diamants THC \u00bb, ainsi que le cristallin THCA qui a \u00e9t\u00e9 d\u00e9velopp\u00e9 en pr\u00e9sence d\u2019une solution riche en terp\u00e8nes. <\/p>\n","protected":false},"excerpt":{"rendered":"<p>Dans le contexte du cannabis, le terme diamant a plusieurs significations diff\u00e9rentes. Il est souvent utilis\u00e9 pour d\u00e9crire le cristallin d\u2019acide t\u00e9trahydrocannabinolique pur (THCA), \u00e9galement connu sous le nom de \u00ab diamants THCA \u00bb ou \u00ab diamants THC \u00bb, ainsi que le cristallin THCA qui a \u00e9t\u00e9 d\u00e9velopp\u00e9 en pr\u00e9sence d\u2019une solution riche en terp\u00e8nes. <\/p>\n","protected":false},"featured_media":17284,"comment_status":"open","ping_status":"closed","template":"","meta":{"_acf_changed":false},"product_brand":[365],"product_cat":[211],"product_tag":[],"class_list":{"0":"post-19170","1":"product","2":"type-product","3":"status-publish","4":"has-post-thumbnail","6":"product_brand-pineapple-express-meds-pem","7":"product_cat-diamants","9":"first","10":"instock","11":"shipping-taxable","12":"purchasable","13":"product-type-simple"},"acf":[],"_links":{"self":[{"href":"https:\/\/420now.co\/fr-ca\/wp-json\/wp\/v2\/product\/19170","targetHints":{"allow":["GET"]}}],"collection":[{"href":"https:\/\/420now.co\/fr-ca\/wp-json\/wp\/v2\/product"}],"about":[{"href":"https:\/\/420now.co\/fr-ca\/wp-json\/wp\/v2\/types\/product"}],"replies":[{"embeddable":true,"href":"https:\/\/420now.co\/fr-ca\/wp-json\/wp\/v2\/comments?post=19170"}],"wp:featuredmedia":[{"embeddable":true,"href":"https:\/\/420now.co\/fr-ca\/wp-json\/wp\/v2\/media\/17284"}],"wp:attachment":[{"href":"https:\/\/420now.co\/fr-ca\/wp-json\/wp\/v2\/media?parent=19170"}],"wp:term":[{"taxonomy":"product_brand","embeddable":true,"href":"https:\/\/420now.co\/fr-ca\/wp-json\/wp\/v2\/product_brand?post=19170"},{"taxonomy":"product_cat","embeddable":true,"href":"https:\/\/420now.co\/fr-ca\/wp-json\/wp\/v2\/product_cat?post=19170"},{"taxonomy":"product_tag","embeddable":true,"href":"https:\/\/420now.co\/fr-ca\/wp-json\/wp\/v2\/product_tag?post=19170"}],"curies":[{"name":"wp","href":"https:\/\/api.w.org\/{rel}","templated":true}]}}