{"id":19173,"date":"2020-12-23T20:59:11","date_gmt":"2020-12-24T01:59:11","guid":{"rendered":"https:\/\/420now.co\/product\/croustilles-de-tortilla-doritos-fromage-nacho-600-mg-de-thc\/"},"modified":"2025-04-11T09:51:05","modified_gmt":"2025-04-11T13:51:05","slug":"croustilles-de-tortilla-doritos-fromage-nacho-600-mg-de-thc","status":"publish","type":"product","link":"https:\/\/420now.co\/fr-ca\/product\/croustilles-de-tortilla-doritos-fromage-nacho-600-mg-de-thc\/","title":{"rendered":"Croustilles de tortilla Doritos (fromage nacho) 600 mg de THC"},"content":{"rendered":"<p>THC 600 mg par paquet.<\/p>\n<p>Croustilles comestibles Doritos Tortilla avec quelque chose de plus &#8211; 600 mg de THC dans chaque emballage. Ce ne sont pas vos Doritos standard &#8211; et avec une puissance extr\u00eame, vous voudrez commencer avec seulement une ou deux croustilles tortilla et attendre 20 \u00e0 30 minutes pour voir comment cela vous affecte. Attention cependant &#8211; la saveur de fromage de ces Doritos infus\u00e9s au cannabis pourrait vous inciter \u00e0 en rechercher plus!  <\/p>\n<h2>Livraison gratuite en 2 heures des croustilles de tortilla GTA Doritos THC<\/h2>\n<p>Avec une commande minimale de 100,00 $ en produits sur notre site Web, nous nous assurerons que vous recevrez votre commande le jour m\u00eame, dans les deux heures si vous commandez avant 20h. Nos sympathiques chauffeurs peuvent livrer vos croustilles Doritos Tortilla m\u00e9dicamenteuses au THC &#8211; et vous pouvez rester \u00e0 la maison.   <\/p>\n<h2>Exp\u00e9dition pancanadienne Croustilles de tortilla Doritos THC<\/h2>\n<p>Les Canadiens adorent les nouvelles croustilles m\u00e9dicamenteuses Doritos Tortilla au THC, et elles peuvent \u00eatre difficiles \u00e0 trouver. Nous sommes heureux de pouvoir exp\u00e9dier \u00e0 des adresses canadiennes \u00e0 l\u2019ext\u00e9rieur de la r\u00e9gion du Grand Toronto par l\u2019interm\u00e9diaire de Postes Canada.   <\/p>\n<p>Avec une commande minimale de 150,00 $ et vous recevrez la livraison gratuite! Cela inclut tous nos produits chez <strong>420Now Weed Delivery<\/strong> (m\u00e9langez et assortissez les produits pour atteindre le niveau minimum). <\/p>\n<p>*Livraison en deux heures \u00e0 Toronto (Scarborough, North York, Etobicoke, DownTown, York &#8211; toutes les r\u00e9gions \u00e0 l\u2019int\u00e9rieur des fronti\u00e8res de la ville de Toronto), Richmond Hill, King, Aurora, Newmarket, Woodbridge, Vaughan et Markham.<\/p>\n<p>Pour les r\u00e9gions p\u00e9riph\u00e9riques telles que Brampton, Caledon, Mississauga, Pickering, Ajax, Whitby, Oshawa, Clarington, Scugog, Uxbridge, East Gwillimbury, Georgina et Brock, nous visons deux heures, mais veuillez vous attendre \u00e0 la possibilit\u00e9 de 3 heures pour la livraison. Si votre adresse se trouve dans ces r\u00e9gions p\u00e9riph\u00e9riques, vous pouvez nous contacter pour conna\u00eetre les d\u00e9lais de livraison pr\u00e9vus ce jour-l\u00e0. <\/p>\n<p>Pour l\u2019exp\u00e9dition pancanadienne de Doritos m\u00e9dicamenteux au THC, nous devons recevoir le paiement par courriel interac &#8211; les instructions sont fournies lors de votre paiement.  <\/p>\n<p><strong>Pour les commandes dans la r\u00e9gion du Grand Toronto &#8211; commandez en ligne et payez par courriel interac ou, si vous pr\u00e9f\u00e9rez, en paiement \u00e0 la livraison.  <\/strong><\/p>\n<p><em>Veuillez garder les collations au THC telles que les Doritos au THC m\u00e9dicamenteux hors de la port\u00e9e des enfants!<\/em> <\/p>\n","protected":false},"excerpt":{"rendered":"<p>Fromage Nacho Doritos m\u00e9dicamenteux aromatis\u00e9 avec l\u2019ajout de THC. Les Doritos m\u00e9dicamenteux sont parfaits pour une petite collation, mais vous voudrez peut-\u00eatre commencer avec une ou deux croustilles et voir que cela vous affecte. <\/p>\n<p>THC 600 mg par paquet.<\/p>\n<p>Poids net : 28,3 grammes.<\/p>\n<p>L\u2019un de nos m\u00e9dicaments les plus populaires.<\/p>\n","protected":false},"featured_media":17419,"comment_status":"open","ping_status":"closed","template":"","meta":{"_acf_changed":false},"product_brand":[],"product_cat":[219],"product_tag":[294],"class_list":{"0":"post-19173","1":"product","2":"type-product","3":"status-publish","4":"has-post-thumbnail","6":"product_cat-comestibles","7":"product_tag-croustilles","9":"first","10":"instock","11":"shipping-taxable","12":"purchasable","13":"product-type-simple"},"acf":[],"_links":{"self":[{"href":"https:\/\/420now.co\/fr-ca\/wp-json\/wp\/v2\/product\/19173","targetHints":{"allow":["GET"]}}],"collection":[{"href":"https:\/\/420now.co\/fr-ca\/wp-json\/wp\/v2\/product"}],"about":[{"href":"https:\/\/420now.co\/fr-ca\/wp-json\/wp\/v2\/types\/product"}],"replies":[{"embeddable":true,"href":"https:\/\/420now.co\/fr-ca\/wp-json\/wp\/v2\/comments?post=19173"}],"wp:featuredmedia":[{"embeddable":true,"href":"https:\/\/420now.co\/fr-ca\/wp-json\/wp\/v2\/media\/17419"}],"wp:attachment":[{"href":"https:\/\/420now.co\/fr-ca\/wp-json\/wp\/v2\/media?parent=19173"}],"wp:term":[{"taxonomy":"product_brand","embeddable":true,"href":"https:\/\/420now.co\/fr-ca\/wp-json\/wp\/v2\/product_brand?post=19173"},{"taxonomy":"product_cat","embeddable":true,"href":"https:\/\/420now.co\/fr-ca\/wp-json\/wp\/v2\/product_cat?post=19173"},{"taxonomy":"product_tag","embeddable":true,"href":"https:\/\/420now.co\/fr-ca\/wp-json\/wp\/v2\/product_tag?post=19173"}],"curies":[{"name":"wp","href":"https:\/\/api.w.org\/{rel}","templated":true}]}}