{"id":19175,"date":"2020-12-23T21:59:02","date_gmt":"2020-12-24T02:59:02","guid":{"rendered":"https:\/\/420now.co\/product\/croustilles-ruffles-fromage-queso-600-mg-thc\/"},"modified":"2025-04-11T09:51:07","modified_gmt":"2025-04-11T13:51:07","slug":"croustilles-ruffles-fromage-queso-600-mg-thc","status":"publish","type":"product","link":"https:\/\/420now.co\/fr-ca\/product\/croustilles-ruffles-fromage-queso-600-mg-thc\/","title":{"rendered":"Croustilles RUFFLES (fromage queso) 600 mg THC"},"content":{"rendered":"<p>Profitez de la saveur d\u00e9licieuse du fromage Queso comme dans les volants originaux &#8211; seulement maintenant, vous pouvez inclure votre m\u00e9dicament au THC de mani\u00e8re discr\u00e8te. Pour ceux qui aiment les m\u00e9dig\u00e8nes, ou lorsque vous avez besoin d\u2019une petite collation et que vous ne pouvez pas fumer. <\/p>\n<p>THC 600 mg par paquet<\/p>\n<h2>THC Ruffles Saveur m\u00e9dicamenteuse<\/h2>\n<p>La saveur de ces volants m\u00e9dicament\u00e9s au THC est sururb\u00e9e! D\u00e9bordant de cette saveur de fromage queso mexicain que vous aimez. Bien qu\u2019ils soient comestibles infus\u00e9s, ils ont presque le m\u00eame go\u00fbt que l\u2019original.  <\/p>\n<h2>Dosage de volants au THC<\/h2>\n<p>Il y a 600 mg dans chaque emballage. Vous voudrez commencer avec une ou deux puces au d\u00e9but et attendre 20 \u00e0 30 minutes pour voir comment vous vous sentez et quels sont les effets sur vous. Il est impossible de donner une mesure pr\u00e9cise par croustille, mais apr\u00e8s avoir bu 1 ou 2 croustilles THC Ruffle, vous devriez avoir une bonne id\u00e9e de la fa\u00e7on dont cela vous affectera.  <\/p>\n<p>Beaucoup de nos clients adorent pouvoir se soigner avec des croustilles m\u00e9diables! Ils sont discrets et disponibles \u00e0 tout moment, n\u2019importe o\u00f9 et vous n\u2019avez pas \u00e0 vous soucier d\u2019allumer un joint lorsque ce n\u2019est pas appropri\u00e9 de le faire. <\/p>\n<h2>Livraison gratuite en 2 heures GTA avec volants au THC<\/h2>\n<p>Commandez avant 20 h et vous pouvez obtenir une livraison GRATUITE dans les 2 heures dans la plupart des GTA de THC Ruffles. Une commande minimale de 100,00 $ de l\u2019un de nos produits s\u2019applique \u00e0 la livraison gratuite. Nos croustilles m\u00e9dicamenteuses \u00e0 saveur de Queso vous raviront \u00e0 coup s\u00fbr.  <\/p>\n<p style=\"text-align: center;\"><strong>*Livraison en deux heures \u00e0 Toronto (Scarborough, North York, Etobicoke, DownTown, York &#8211; toutes les r\u00e9gions \u00e0 l\u2019int\u00e9rieur des fronti\u00e8res de la ville de Toronto), Richmond Hill, King, Aurora, Newmarket, Woodbridge, Vaughan et Markham.<\/p>\n<p>Pour les r\u00e9gions p\u00e9riph\u00e9riques telles que Brampton, Caledon, Mississauga, Pickering, Ajax, Whitby, Oshawa, Clarington, Scugog, Uxbridge, East Gwillimbury, Georgina et Brock, nous visons deux heures, mais veuillez vous attendre \u00e0 la possibilit\u00e9 de 3 heures pour la livraison. Si votre adresse se trouve dans ces r\u00e9gions p\u00e9riph\u00e9riques, vous pouvez nous contacter pour conna\u00eetre les d\u00e9lais de livraison pr\u00e9vus ce jour-l\u00e0. <\/strong><\/p>\n<h2>Exp\u00e9dition de volants au THC dans tout le Canada<\/h2>\n<p>Vous vivez \u00e0 l\u2019ext\u00e9rieur de la r\u00e9gion du Grand Toronto? Ne vous inqui\u00e9tez pas, nous pouvons toujours vous livrer vos volants! Nous exp\u00e9dions via Postes Canada. Livraison gratuite pour les commandes de plus de 200,00 $.     <\/p>\n","protected":false},"excerpt":{"rendered":"<p>Profitez de la saveur d\u00e9licieuse du fromage Queso comme dans les volants originaux &#8211; seulement maintenant, vous pouvez inclure votre m\u00e9dicament au THC de mani\u00e8re discr\u00e8te. Pour ceux qui aiment les m\u00e9dig\u00e8nes, ou lorsque vous avez besoin d\u2019une petite collation et que vous ne pouvez pas fumer. <\/p>\n<p>THC 600 mg par paquet<\/p>\n","protected":false},"featured_media":17454,"comment_status":"open","ping_status":"closed","template":"","meta":{"_acf_changed":false},"product_brand":[],"product_cat":[219],"product_tag":[294],"class_list":{"0":"post-19175","1":"product","2":"type-product","3":"status-publish","4":"has-post-thumbnail","6":"product_cat-comestibles","7":"product_tag-croustilles","9":"first","10":"instock","11":"shipping-taxable","12":"purchasable","13":"product-type-simple"},"acf":[],"_links":{"self":[{"href":"https:\/\/420now.co\/fr-ca\/wp-json\/wp\/v2\/product\/19175","targetHints":{"allow":["GET"]}}],"collection":[{"href":"https:\/\/420now.co\/fr-ca\/wp-json\/wp\/v2\/product"}],"about":[{"href":"https:\/\/420now.co\/fr-ca\/wp-json\/wp\/v2\/types\/product"}],"replies":[{"embeddable":true,"href":"https:\/\/420now.co\/fr-ca\/wp-json\/wp\/v2\/comments?post=19175"}],"wp:featuredmedia":[{"embeddable":true,"href":"https:\/\/420now.co\/fr-ca\/wp-json\/wp\/v2\/media\/17454"}],"wp:attachment":[{"href":"https:\/\/420now.co\/fr-ca\/wp-json\/wp\/v2\/media?parent=19175"}],"wp:term":[{"taxonomy":"product_brand","embeddable":true,"href":"https:\/\/420now.co\/fr-ca\/wp-json\/wp\/v2\/product_brand?post=19175"},{"taxonomy":"product_cat","embeddable":true,"href":"https:\/\/420now.co\/fr-ca\/wp-json\/wp\/v2\/product_cat?post=19175"},{"taxonomy":"product_tag","embeddable":true,"href":"https:\/\/420now.co\/fr-ca\/wp-json\/wp\/v2\/product_tag?post=19175"}],"curies":[{"name":"wp","href":"https:\/\/api.w.org\/{rel}","templated":true}]}}