{"id":19179,"date":"2020-12-23T17:37:16","date_gmt":"2020-12-23T22:37:16","guid":{"rendered":"https:\/\/420now.co\/product\/isolat-de-cbd-de-cannabis-delave\/"},"modified":"2025-04-11T14:10:14","modified_gmt":"2025-04-11T18:10:14","slug":"isolat-de-cbd-de-cannabis-delave","status":"publish","type":"product","link":"https:\/\/420now.co\/fr-ca\/product\/isolat-de-cbd-de-cannabis-delave\/","title":{"rendered":"Faded Cannabis CBD Isolate"},"content":{"rendered":"<p>Un produit d\u2019isolat de CBD de haute qualit\u00e9 qui peut \u00eatre utilis\u00e9 de plusieurs fa\u00e7ons. Vous pouvez le prendre directement sur la langue ou le transformer en capsules avec de l\u2019huile MCT. M\u00e9langez-le \u00e0 des boissons ou m\u00eame \u00e0 de la nourriture. Pour ceux qui veulent un isolat de CBD connu et fiable, Faded Cannabis Co. fournit des produits test\u00e9s en laboratoire en pensant \u00e0 la puissance et \u00e0 votre sant\u00e9.   <\/p>\n<p>CBD pur \u00e0 99,3%.<\/p>\n<h2>En savoir plus sur l\u2019isolat de CBD Faded Cannabis Co<\/h2>\n<p>Faded Cannabis Co est une entreprise bas\u00e9e \u00e0 Vancouver qui fabrique tous ses produits de haute qualit\u00e9 ici m\u00eame au Canada. Leur d\u00e9vouement \u00e0 la perfection dans leurs produits comprend leur poudre cristalline d\u2019isolat de CBD, qui est test\u00e9e en laboratoire et pure \u00e0 99,3% de CBD &#8211; la forme la plus pure de CBD disponible. Faded Cannabis Co. fait tout son possible pour s\u2019assurer que seul le chanvre de la plus haute qualit\u00e9 est utilis\u00e9 &#8211; le tout cultiv\u00e9 sans produits chimiques &#8211; pour assurer la puret\u00e9 et la puissance.  <\/p>\n<p>Le CBD est rapidement reconnu comme un ingr\u00e9dient majeur et important dans la sant\u00e9 m\u00e9dicale &#8211; avec des utilisations presque trop nombreuses pour \u00eatre \u00e9num\u00e9r\u00e9es. Le CBD a aid\u00e9 un large \u00e9ventail de conditions m\u00e9dicales et les m\u00e9decins de toute l\u2019Am\u00e9rique du Nord se tournent vers cet extrait de compos\u00e9 de marijuana et le recommandent \u00e0 leurs patients. Mais vous n\u2019avez pas besoin d\u2019une ordonnance pour le CBD!  <\/p>\n<h2>Isolat d\u2019extrait de CBD de cannabis d\u00e9lav\u00e9 dans la r\u00e9gion du Grand Toronto<\/h2>\n<p>Nous vous livrerons gratuitement \u00e0 votre porte dans les deux heures (avec une commande minimale de 100,00 $ de l\u2019un de nos produits) dans la r\u00e9gion du Grand Toronto. Cela comprend bien s\u00fbr la ville de Toronto, ainsi que <em>Mississauga, Brampton, Caledon, King, Vaughan, Richmond Hill, Aurora, Newmarket, East Gwillimbury, Whitchurch-Stouffville, Markham, Uxbridge, Pickering, Ajax, Whitby, Oshawa, Scugog, Clarington, Brock et Georgina<\/em>. <\/p>\n<p>Nos sympathiques chauffeurs sont pr\u00eats \u00e0 livrer Faded Cannabis CBD Isolate \u00e0 votre porte! Veuillez commander avant 20h, 7 jours sur 7 pour garantir la livraison gratuite en 2 heures. <\/p>\n<h2>Exp\u00e9dition de cannabis d\u00e9lav\u00e9 \u00e0 travers le Canada<\/h2>\n<p>Nous pouvons \u00e9galement exp\u00e9dier gratuitement de l\u2019isolat de CBD \u00e0 travers le Canada avec une commande minimale de 150,00 $. Les commandes entre 80,00 et 150,00 sont assujetties \u00e0 des frais postaux et de manutention. <\/p>\n","protected":false},"excerpt":{"rendered":"<p>Un produit d\u2019isolat de CBD de haute qualit\u00e9 qui peut \u00eatre utilis\u00e9 de plusieurs fa\u00e7ons. Vous pouvez le prendre directement sur la langue ou le transformer en capsules avec de l\u2019huile MCT. M\u00e9langez-le \u00e0 des boissons ou m\u00eame \u00e0 de la nourriture. Pour ceux qui veulent un isolat de CBD connu et fiable, Faded Cannabis Co. fournit des produits test\u00e9s en laboratoire en pensant \u00e0 la puissance et \u00e0 votre sant\u00e9.   <\/p>\n<p>CBD pur \u00e0 99,3%.<\/p>\n","protected":false},"featured_media":17673,"comment_status":"open","ping_status":"closed","template":"","meta":{"_acf_changed":false},"product_brand":[],"product_cat":[208,209],"product_tag":[297],"class_list":{"0":"post-19179","1":"product","2":"type-product","3":"status-publish","4":"has-post-thumbnail","6":"product_cat-cbd-fr-ca","7":"product_cat-concentres","8":"product_tag-faded-extract-fr-ca","10":"first","11":"instock","12":"shipping-taxable","13":"purchasable","14":"product-type-simple"},"acf":[],"_links":{"self":[{"href":"https:\/\/420now.co\/fr-ca\/wp-json\/wp\/v2\/product\/19179","targetHints":{"allow":["GET"]}}],"collection":[{"href":"https:\/\/420now.co\/fr-ca\/wp-json\/wp\/v2\/product"}],"about":[{"href":"https:\/\/420now.co\/fr-ca\/wp-json\/wp\/v2\/types\/product"}],"replies":[{"embeddable":true,"href":"https:\/\/420now.co\/fr-ca\/wp-json\/wp\/v2\/comments?post=19179"}],"wp:featuredmedia":[{"embeddable":true,"href":"https:\/\/420now.co\/fr-ca\/wp-json\/wp\/v2\/media\/17673"}],"wp:attachment":[{"href":"https:\/\/420now.co\/fr-ca\/wp-json\/wp\/v2\/media?parent=19179"}],"wp:term":[{"taxonomy":"product_brand","embeddable":true,"href":"https:\/\/420now.co\/fr-ca\/wp-json\/wp\/v2\/product_brand?post=19179"},{"taxonomy":"product_cat","embeddable":true,"href":"https:\/\/420now.co\/fr-ca\/wp-json\/wp\/v2\/product_cat?post=19179"},{"taxonomy":"product_tag","embeddable":true,"href":"https:\/\/420now.co\/fr-ca\/wp-json\/wp\/v2\/product_tag?post=19179"}],"curies":[{"name":"wp","href":"https:\/\/api.w.org\/{rel}","templated":true}]}}