{"id":19183,"date":"2020-04-25T17:57:36","date_gmt":"2020-04-25T17:57:36","guid":{"rendered":"https:\/\/420now.co\/product\/blueberry-kush\/"},"modified":"2026-03-12T21:50:57","modified_gmt":"2026-03-13T01:50:57","slug":"blueberry-kush","status":"publish","type":"product","link":"https:\/\/420now.co\/fr-ca\/product\/blueberry-kush\/","title":{"rendered":"Blueberry Kush"},"content":{"rendered":"<p>Blueberry Kush est une vari\u00e9t\u00e9 \u00e0 dominante indica qui provoque lentement une sensation corporelle lourde et peut vous aider \u00e0 oublier votre stress. Envie de vous d\u00e9tendre? La Blueberry Kush est peut-\u00eatre celle qu\u2019il vous faut. Une fum\u00e9e populaire avant le coucher. Ses effets de r\u00eave pourraient se glisser dans le sommeil d\u2019une mani\u00e8re d\u00e9tendue et agr\u00e9able.    <\/p>\n<p>Go\u00fbt doux de bleuet avec un effet durable.<\/p>\n<h2>Blueberry Kush Description des mauvaises herbes<\/h2>\n<p>Un hybride indica qui a g\u00e9n\u00e9ralement des bourgeons vert fonc\u00e9 avec des trichomes. Il s\u2019agit d\u2019un croisement entre deux autres vari\u00e9t\u00e9s indica, Blueberry et <a href=\"https:\/\/420now.co\/fr-ca\/product\/og-kush\/\">OG Kush<\/a>. Les principaux terpins comprennent : le linalol, le caryophyll\u00e8ne, le limon\u00e8ne et le pin\u00e8ne.  <\/p>\n<h2>Blueberry Kush Effets<\/h2>\n<p>Ceux qui ont des probl\u00e8mes de sommeil choisiront souvent la Blueberry Kush en raison de son bourdonnement tr\u00e8s relaxant qui favorise le sommeil. Ce n\u2019est certainement pas une fum\u00e9e de jour, \u00e0 moins que vous ne vouliez vraiment vous d\u00e9tendre et peut-\u00eatre faire une longue sieste. Mais sachez que beaucoup ont constat\u00e9 qu\u2019un cas grave de \u00ab fringales \u00bb peut \u00e9galement en r\u00e9sulter.  <\/p>\n<p>Bien qu\u2019il stimule l\u2019app\u00e9tit, vous voudrez peut-\u00eatre inclure beaucoup d\u2019eau, car certains fans de Blueberry Kush rapportent que la \u00ab bouche s\u00e8che \u00bb est assez courante. Cela peut \u00e9galement donner une sensation de s\u00e9cheresse oculaire. Si vous \u00eates d\u00e9butant, vous devez \u00eatre conscient de la possibilit\u00e9 de sentiments de parano\u00efa caus\u00e9s par le bourdonnement de cette vari\u00e9t\u00e9.  <\/p>\n<p>Une observation majeure dont beaucoup s\u2019extasient est le bon go\u00fbt de cette vari\u00e9t\u00e9.<\/p>\n<h2>Conditions Blueberry Kush aide<\/h2>\n<p>Les bienfaits de la consommation de marijuana pour la sant\u00e9 ne sont plus contest\u00e9s \u2013 et bien s\u00fbr, diverses vari\u00e9t\u00e9s ont leurs propres caract\u00e9ristiques uniques. Chaque vari\u00e9t\u00e9 peut offrir des avantages l\u00e9g\u00e8rement diff\u00e9rents \u00e0 chaque utilisateur, mais en g\u00e9n\u00e9ral, la Blueberry Kush est un candidat de choix pour les personnes souffrant d\u2019insomnie. Comme mentionn\u00e9, c\u2019est une fum\u00e9e qu\u2019il est pr\u00e9f\u00e9rable de consommer le soir, lorsque vous voulez vraiment vous d\u00e9tendre et vous endormir dans un sommeil r\u00e9parateur.  <\/p>\n<p>Cette souche est consid\u00e9r\u00e9e comme l\u2019une des souches m\u00e9dicinales les plus importantes.<\/p>\n<p>Si vous essayez de faire face aux naus\u00e9es, la blueberry kush est souvent la vari\u00e9t\u00e9 de cannabis qui est roul\u00e9e et fum\u00e9e pour traiter cette maladie. Les personnes souffrant de troubles alimentaires, y compris l\u2019anorexie, rapportent que Blueberry Kush les a aid\u00e9s \u00e0 faire face \u00e0 ce grave probl\u00e8me de sant\u00e9. <\/p>\n<p>Le stress et l\u2019anxi\u00e9t\u00e9, et dans une moindre mesure, la d\u00e9pression, sont des conditions candidates de choix pour le soulagement de Blueberry Kush.<\/p>\n<p>Le soulagement de la douleur est une autre condition majeure que cette vari\u00e9t\u00e9 aide \u00e0 traiter.<\/p>\n<p><em>REMARQUE : Les informations sur ce site sont fournies \u00e0 des fins \u00e9ducatives seulement et ne remplacent pas un avis m\u00e9dical professionnel. Consultez un professionnel de la sant\u00e9 avant utilisation.  Pour les adultes \u00e2g\u00e9s de 19 ans ou plus seulement.<\/em><\/p>\n<h2>Blueberry Kush Livraison de mauvaises herbes dans la r\u00e9gion du Grand Toronto<\/h2>\n<p><strong>Livraison gratuite en 2 heures<\/strong> : Livraison en deux heures avec l\u2019herbe Blueberry Kush \u00e0 Toronto (Scarborough, North York, Etobicoke, DownTown, York &#8211; toutes les r\u00e9gions \u00e0 l\u2019int\u00e9rieur des fronti\u00e8res de la ville de Toronto), Richmond Hill, King, Aurora, Newmarket, Woodbridge, Vaughan et Markham.<\/p>\n<p>Pour les r\u00e9gions p\u00e9riph\u00e9riques telles que Brampton, Caledon, Mississauga, Pickering, Ajax, Whitby, Oshawa, Clarington, Scugog, Uxbridge, East Gwillimbury, Georgina et Brock, nous visons deux heures, mais veuillez vous attendre \u00e0 la possibilit\u00e9 de 3 heures pour la livraison. Si votre adresse se trouve dans ces r\u00e9gions p\u00e9riph\u00e9riques, vous pouvez nous contacter pour conna\u00eetre les d\u00e9lais de livraison pr\u00e9vus ce jour-l\u00e0. <\/p>\n<p>\u00c9galement disponible pour exp\u00e9dition partout au Canada.<\/p>\n<p>Une commande minimale de 100,00 sur l\u2019un de nos produits est requise.<\/p>\n","protected":false},"excerpt":{"rendered":"<p>Blueberry Kush est une vari\u00e9t\u00e9 \u00e0 dominante indica qui provoque lentement une sensation corporelle lourde et peut vous aider \u00e0 oublier votre stress. Envie de vous d\u00e9tendre? La Blueberry Kush est peut-\u00eatre celle qu\u2019il vous faut. Une fum\u00e9e populaire avant le coucher. Ses effets de r\u00eave pourraient se glisser dans le sommeil d\u2019une mani\u00e8re d\u00e9tendue et agr\u00e9able.    <\/p>\n<p>Go\u00fbt doux de bleuet avec un effet durable.<\/p>\n","protected":false},"featured_media":16820,"comment_status":"open","ping_status":"closed","template":"","meta":{"_acf_changed":false},"product_brand":[],"product_cat":[250],"product_tag":[288,303],"class_list":{"0":"post-19183","1":"product","2":"type-product","3":"status-publish","4":"has-post-thumbnail","6":"product_cat-pot-indica","7":"product_tag-hybride","8":"product_tag-june-special-fr-ca","9":"pa_weight-1-oz-fr-ca","10":"pa_weight-1-2-oz-fr-ca","11":"pa_weight-1-4-oz-fr-ca-2","13":"first","14":"instock","15":"shipping-taxable","16":"purchasable","17":"product-type-variable"},"acf":[],"_links":{"self":[{"href":"https:\/\/420now.co\/fr-ca\/wp-json\/wp\/v2\/product\/19183","targetHints":{"allow":["GET"]}}],"collection":[{"href":"https:\/\/420now.co\/fr-ca\/wp-json\/wp\/v2\/product"}],"about":[{"href":"https:\/\/420now.co\/fr-ca\/wp-json\/wp\/v2\/types\/product"}],"replies":[{"embeddable":true,"href":"https:\/\/420now.co\/fr-ca\/wp-json\/wp\/v2\/comments?post=19183"}],"wp:featuredmedia":[{"embeddable":true,"href":"https:\/\/420now.co\/fr-ca\/wp-json\/wp\/v2\/media\/16820"}],"wp:attachment":[{"href":"https:\/\/420now.co\/fr-ca\/wp-json\/wp\/v2\/media?parent=19183"}],"wp:term":[{"taxonomy":"product_brand","embeddable":true,"href":"https:\/\/420now.co\/fr-ca\/wp-json\/wp\/v2\/product_brand?post=19183"},{"taxonomy":"product_cat","embeddable":true,"href":"https:\/\/420now.co\/fr-ca\/wp-json\/wp\/v2\/product_cat?post=19183"},{"taxonomy":"product_tag","embeddable":true,"href":"https:\/\/420now.co\/fr-ca\/wp-json\/wp\/v2\/product_tag?post=19183"}],"curies":[{"name":"wp","href":"https:\/\/api.w.org\/{rel}","templated":true}]}}