{"id":19192,"date":"2020-04-25T19:01:40","date_gmt":"2020-04-25T19:01:40","guid":{"rendered":"https:\/\/420now.co\/product\/platinum-kush\/"},"modified":"2026-03-12T21:24:03","modified_gmt":"2026-03-13T01:24:03","slug":"platinum-kush","status":"publish","type":"product","link":"https:\/\/420now.co\/fr-ca\/product\/platinum-kush\/","title":{"rendered":"Platinum Kush"},"content":{"rendered":"<p>Platinum Kush prend une teinte platine-argent en raison de son \u00e9paisse couche de r\u00e9sine cristalline et de sa couverture dense de trichomes. Son bourdonnement a \u00e9t\u00e9 d\u00e9crit comme fortement c\u00e9r\u00e9bral et engourdissant le corps. Vous cherchez une nuit ou deux ou plus de relaxation sans anxi\u00e9t\u00e9? Platinum Kush pourrait \u00eatre la vari\u00e9t\u00e9 qu\u2019il vous faut. En fait, si vous \u00eates un fan Indica , consid\u00e9rez cette vari\u00e9t\u00e9 comme un \u00ab incontournable! \u00bb    <\/p>\n<p>Peut provoquer des rires!<\/p>\n<h2>Platinum Kush Cannabis Description<\/h2>\n<p>Nous avons mentionn\u00e9 l\u2019apparence platine d\u2019o\u00f9 vient le nom de cette vari\u00e9t\u00e9. T\u00eates de taille moyenne \u00e0 grande, avec des trichomes platine blanc argent\u00e9 en couche \u00e9paisse sur les faces interne et externe de la fleur. Un parfum de fruits sucr\u00e9s peut \u00eatre d\u00e9tect\u00e9 avec des nuances de terre musqu\u00e9e. Lorsqu\u2019elle br\u00fble, Platinum Kush peut d\u00e9gager une fum\u00e9e \u00e9paisse &#8211; certains la d\u00e9crivent comme dure, ce qui peut provoquer une certaine toux au d\u00e9but.     <\/p>\n<p>La teneur en THC se situe g\u00e9n\u00e9ralement entre 13 et 17 &#8211; un excellent choix pour ceux qui ne se d\u00e9brouillent pas bien avec les vari\u00e9t\u00e9s qui peuvent atteindre des niveaux de THC beaucoup plus \u00e9lev\u00e9s. De plus, il contient plus de CBD que la plupart des souches, g\u00e9n\u00e9ralement environ 1%. Le CBD est bien s\u00fbr ce qui est souvent utilis\u00e9 pour traiter les crises s\u00e9v\u00e8res.  <\/p>\n<h2>Effets de Platinum Kush<\/h2>\n<p>Vous pouvez vous attendre \u00e0 ressentir une forte euphorie c\u00e9r\u00e9brale avec Platinum Kush, mais c\u2019est l\u2019une de ces vari\u00e9t\u00e9s qui a un long effet rampant avant que les effets complets ne puissent \u00eatre ressentis. Cette vari\u00e9t\u00e9 peut parfois prendre plus de 15 minutes pour \u00eatre vraiment ressentie.   <\/p>\n<p>Mais une fois qu\u2019il s\u2019est compl\u00e8tement gliss\u00e9 dans le corps, une relaxation profonde peut s\u2019installer, combin\u00e9e \u00e0 un sens d\u00e9form\u00e9 des sens visuels et auditifs. Les utilisateurs peuvent \u00e9galement subir des distorsions temporelles. Les id\u00e9es peuvent sembler sauter dans l\u2019esprit, puis une longue concentration sur une seule id\u00e9e peut venir au centre, retenant toute l\u2019attention de l\u2019esprit.  <\/p>\n<p>Bien que Platinum Kush puisse \u00eatre excellente pour l\u2019activit\u00e9 c\u00e9r\u00e9brale, elle peut provoquer un effet corporel complet et vous ne voudrez probablement pas vous occuper des t\u00e2ches m\u00e9nag\u00e8res ou faire quoi que ce soit qui n\u00e9cessite un effort physique.  <\/p>\n<h2>Conditions pour lesquelles Platinum Kush pourrait aider<\/h2>\n<p>Platinum Kush est une autre vari\u00e9t\u00e9 qui attire beaucoup d\u2019attention dans le monde du cannabis m\u00e9dical &#8211; les utilisateurs signalant un soulagement de diverses conditions, notamment :<\/p>\n<ul>\n<li>Stress\n<li>D\u00e9pression\n<li>Trouble d\u00e9ficitaire de l\u2019attention\n<li>Douleurs\n<li>Inflammation\n<li>Nausa\n<li>Insomnie\n<\/ul>\n<p>Pour ceux qui sont sujets \u00e0 la panique ou \u00e0 la parano\u00efa, Platinum Kush offre une alternative viable aux vari\u00e9t\u00e9s avec des niveaux plus \u00e9lev\u00e9s de THC, tout en offrant un high c\u00e9r\u00e9bral enivrant.<\/p>\n<p><em>REMARQUE : Les informations sur ce site sont fournies \u00e0 des fins \u00e9ducatives seulement et ne remplacent pas un avis m\u00e9dical professionnel. Consultez un professionnel de la sant\u00e9 avant utilisation.  Pour les adultes \u00e2g\u00e9s de 19 ans ou plus seulement.<\/em><\/p>\n<h2>Platinum Kush Livraison de mauvaises herbes dans la r\u00e9gion du Grand Toronto<\/h2>\n<p><strong>Livraison gratuite en 2 heures*<\/strong> avec une commande minimale de 100,00 $ de l\u2019un de nos produits, y compris Platinum Kush de 420Now Weed Delivery. Veuillez commander avant 20 h pour une livraison en deux heures le jour m\u00eame.   <\/p>\n<p>*Livraison en deux heures \u00e0 Toronto (Scarborough, North York, Etobicoke, DownTown, York &#8211; toutes les r\u00e9gions \u00e0 l\u2019int\u00e9rieur des fronti\u00e8res de la ville de Toronto), Richmond Hill, King, Aurora, Newmarket, Woodbridge, Vaughan et Markham.<\/p>\n<p>\u00c9galement disponible pour exp\u00e9dition partout au Canada.<\/p>\n","protected":false},"excerpt":{"rendered":"<p>Platinum Kush prend une teinte platine-argent en raison de son \u00e9paisse couche de r\u00e9sine cristalline et de sa couverture dense de trichomes. Son bourdonnement a \u00e9t\u00e9 d\u00e9crit comme fortement c\u00e9r\u00e9bral et engourdissant le corps. Vous cherchez une nuit ou deux ou plus de relaxation sans anxi\u00e9t\u00e9? Platinum Kush pourrait \u00eatre la vari\u00e9t\u00e9 qu\u2019il vous faut. En fait, si vous \u00eates un fan Indica , consid\u00e9rez cette vari\u00e9t\u00e9 comme un \u00ab incontournable! \u00bb    <\/p>\n<p>Peut provoquer des rires!<\/p>\n<p>Non recommand\u00e9 lorsque l\u2019activit\u00e9 physique est planifi\u00e9e.<\/p>\n<p>EN RUPTURE DE STOCK<\/p>\n<p><strong>Indica<\/strong> <\/p>\n","protected":false},"featured_media":16526,"comment_status":"open","ping_status":"closed","template":"","meta":{"_acf_changed":false},"product_brand":[],"product_cat":[250],"product_tag":[302],"class_list":{"0":"post-19192","1":"product","2":"type-product","3":"status-publish","4":"has-post-thumbnail","6":"product_cat-pot-indica","7":"product_tag-indica-fr-ca","8":"pa_weight-1-oz-fr-ca","9":"pa_weight-1-2-oz-fr-ca","10":"pa_weight-1-4-oz-fr-ca-2","12":"first","13":"outofstock","14":"shipping-taxable","15":"purchasable","16":"product-type-variable"},"acf":[],"_links":{"self":[{"href":"https:\/\/420now.co\/fr-ca\/wp-json\/wp\/v2\/product\/19192","targetHints":{"allow":["GET"]}}],"collection":[{"href":"https:\/\/420now.co\/fr-ca\/wp-json\/wp\/v2\/product"}],"about":[{"href":"https:\/\/420now.co\/fr-ca\/wp-json\/wp\/v2\/types\/product"}],"replies":[{"embeddable":true,"href":"https:\/\/420now.co\/fr-ca\/wp-json\/wp\/v2\/comments?post=19192"}],"wp:featuredmedia":[{"embeddable":true,"href":"https:\/\/420now.co\/fr-ca\/wp-json\/wp\/v2\/media\/16526"}],"wp:attachment":[{"href":"https:\/\/420now.co\/fr-ca\/wp-json\/wp\/v2\/media?parent=19192"}],"wp:term":[{"taxonomy":"product_brand","embeddable":true,"href":"https:\/\/420now.co\/fr-ca\/wp-json\/wp\/v2\/product_brand?post=19192"},{"taxonomy":"product_cat","embeddable":true,"href":"https:\/\/420now.co\/fr-ca\/wp-json\/wp\/v2\/product_cat?post=19192"},{"taxonomy":"product_tag","embeddable":true,"href":"https:\/\/420now.co\/fr-ca\/wp-json\/wp\/v2\/product_tag?post=19192"}],"curies":[{"name":"wp","href":"https:\/\/api.w.org\/{rel}","templated":true}]}}