{"id":19203,"date":"2021-01-18T17:42:58","date_gmt":"2021-01-18T22:42:58","guid":{"rendered":"https:\/\/420now.co\/product\/popeyes-extractions-champignons-au-chocolat-noir-cannabar-3000mg\/"},"modified":"2026-05-15T09:36:15","modified_gmt":"2026-05-15T13:36:15","slug":"popeyes-extractions-champignons-au-chocolat-noir-cannabar-3000mg","status":"publish","type":"product","link":"https:\/\/420now.co\/fr-ca\/product\/popeyes-extractions-champignons-au-chocolat-noir-cannabar-3000mg\/","title":{"rendered":"Popeyes Extractions Champignons au chocolat noir CannaBar &#8211; 3000mg"},"content":{"rendered":"<p>Savourez vos champignons avec le go\u00fbt d\u2019un exquis chocolat noir artisanal! Les chocolats Popeyes Extractions sont tous test\u00e9s en laboratoire et fabriqu\u00e9s \u00e0 partir des ingr\u00e9dients les plus purs et les plus qualitatifs. Vous adorerez le m\u00e9lange de 3000 grammes de champignons s\u00e9ch\u00e9s dans une barre de chocolat noir de style gastronomique de haute qualit\u00e9.  <\/p>\n<p>Chaque barre a un poids net de 100 grammes \/ 3,5 oz et a 24 carr\u00e9s \u2013 vous permettant de doser avec pr\u00e9cision si vous ne voulez pas manger toute la barre! Chaque carr\u00e9 contient 125 mg de champignons s\u00e9ch\u00e9s m\u00e9lang\u00e9s. <\/p>\n<p>Achetez-en un pour vous-m\u00eame \u2013 vous m\u00e9ritez la g\u00e2terie! Ou partagez-les avec des amis sp\u00e9ciaux. Id\u00e9al pour le microdosage ou pour votre prochaine exp\u00e9rience de champignons.  <\/p>\n<h2>Pourquoi choisir des barres de champignons?<\/h2>\n<p>Il y a de nombreuses raisons pour lesquelles certains pr\u00e9f\u00e8rent les barres de champignons aux champignons s\u00e9ch\u00e9s! Si vous \u00eates d\u00e9butant, vous pouvez commencer par appr\u00e9cier le merveilleux go\u00fbt du chocolat en petits morceaux et en ing\u00e9rer des champignons en petites quantit\u00e9s connues. <\/p>\n<p>De plus, certaines personnes trouvent que manger des champignons s\u00e9ch\u00e9s provoque parfois un effet secondaire d\u00e9sagr\u00e9able de naus\u00e9es ou de ballonnements dus \u00e0 la <em>chitine<\/em> que l\u2019on trouve dans les champignons s\u00e9ch\u00e9s. Bien que la chitine, qui est apparent\u00e9e \u00e0 la cellulose, un polysaccharide, soit g\u00e9n\u00e9ralement non toxique (on la trouve dans de nombreux aliments biologiques), elle peut parfois causer de l\u2019inconfort \u00e0 certains dans la digestion. Ainsi, lorsque vous consommez des champignons magiques avec du chocolat, cela peut r\u00e9duire le risque de ces effets secondaires digestifs, vous donnant une saveur merveilleuse \u00e0 savourer lorsque vous vous soulevez et flottez dans l\u2019euphorie des champignons.  <\/p>\n<h2>Usage r\u00e9cr\u00e9atif \u2013 Barres \u00e0 champignons<\/h2>\n<p>Les barres champignons Popeyes Extractions sont parfaites pour un usage r\u00e9cr\u00e9atif! Utilisez-les quand vous voulez \u2013 en petites doses ou plus grandes \u2013 selon les effets que vous recherchez. Apportez le chocolat lors de randonn\u00e9es, de promenades ou partout o\u00f9 vous souhaitez ressentir les effets des champignons \u2013 ou grignotez simplement un ou deux morceaux pour une meilleure clart\u00e9 et concentration.<\/p>\n<p>Comme chaque barre contient 3000 mg, vous pouvez facilement exp\u00e9rimenter diff\u00e9rentes doses en sachant que chaque carr\u00e9 de la barre de champignons 24 carr\u00e9s contient environ 125 mg. Commencez par quelques cases, allez-y lentement et voyez comment l\u2019ajout de quantit\u00e9s suppl\u00e9mentaires vous affecte. Sachez qu\u2019un voyage aux champignons peut durer 6+ heures et que vous ne devriez jamais conduire sous champignons \u2013 alors planifiez en cons\u00e9quence.  <\/p>\n<h2>Livraison de Bar \u00e0 champignons \u2013 Gratuit dans la r\u00e9gion du Grand Toronto \u2013 R\u00e9gion du Grand Toronto<\/h2>\n<p>Si vous habitez dans n\u2019importe quelle partie de la ville de Toronto ou \u00e0 Markham, Newmarket, Richmond Hill, Aurora, Vaughan (Woodbridge, Concord, Langstaff), King Township, nous vous livrerons gratuitement \u00e0 votre porte (avec une commande minimale de 100,00 $ de l\u2019un de nos produits) dans les deux heures!<\/p>\n<p>Profitez des d\u00e9licieux go\u00fbts de chocolat des barres de champignons Popeyes Extractions dans le confort de votre maison avec notre livraison gratuite. Nos chauffeurs amicaux, courtois et discrets offrent un service rapide \u2013 ce qui vous permet de planifier plus facilement votre prochaine exp\u00e9rience de champignons magiques \u2013 que ce soit avec nos chocolats ou avec des <a href=\"https:\/\/420now.co\/fr-ca\/product-category\/comestibles\/champignons\/champignons-secs\/\">champignons secs<\/a>! <\/p>\n","protected":false},"excerpt":{"rendered":"<p>Savourez vos champignons avec le go\u00fbt d\u2019un exquis chocolat noir artisanal! Les chocolats Popeyes Extractions sont tous test\u00e9s en laboratoire et fabriqu\u00e9s \u00e0 partir des ingr\u00e9dients les plus purs et les plus qualitatifs. Vous adorerez le m\u00e9lange de 3000 grammes de champignons s\u00e9ch\u00e9s dans une barre de chocolat noir de style gastronomique de haute qualit\u00e9.  <\/p>\n<p>Chaque barre a un poids net de 100 grammes \/ 3,5 oz et a 24 carr\u00e9s &#8211; vous permettant de doser avec pr\u00e9cision si vous ne voulez pas manger toute la barre! Chaque carr\u00e9 contient 125 mg de champignons s\u00e9ch\u00e9s m\u00e9lang\u00e9s. <\/p>\n<p>Achetez-en un pour vous-m\u00eame &#8211; vous m\u00e9ritez la g\u00e2terie! Ou partagez-les avec des amis sp\u00e9ciaux. Id\u00e9al pour le microdosage ou pour votre prochaine exp\u00e9rience de champignons.  <\/p>\n","protected":false},"featured_media":17144,"comment_status":"open","ping_status":"closed","template":"","meta":{"_acf_changed":false},"product_brand":[],"product_cat":[239],"product_tag":[],"class_list":{"0":"post-19203","1":"product","2":"type-product","3":"status-publish","4":"has-post-thumbnail","6":"product_cat-champignons-comestibles","8":"first","9":"instock","10":"sale","11":"shipping-taxable","12":"purchasable","13":"product-type-simple"},"acf":[],"_links":{"self":[{"href":"https:\/\/420now.co\/fr-ca\/wp-json\/wp\/v2\/product\/19203","targetHints":{"allow":["GET"]}}],"collection":[{"href":"https:\/\/420now.co\/fr-ca\/wp-json\/wp\/v2\/product"}],"about":[{"href":"https:\/\/420now.co\/fr-ca\/wp-json\/wp\/v2\/types\/product"}],"replies":[{"embeddable":true,"href":"https:\/\/420now.co\/fr-ca\/wp-json\/wp\/v2\/comments?post=19203"}],"wp:featuredmedia":[{"embeddable":true,"href":"https:\/\/420now.co\/fr-ca\/wp-json\/wp\/v2\/media\/17144"}],"wp:attachment":[{"href":"https:\/\/420now.co\/fr-ca\/wp-json\/wp\/v2\/media?parent=19203"}],"wp:term":[{"taxonomy":"product_brand","embeddable":true,"href":"https:\/\/420now.co\/fr-ca\/wp-json\/wp\/v2\/product_brand?post=19203"},{"taxonomy":"product_cat","embeddable":true,"href":"https:\/\/420now.co\/fr-ca\/wp-json\/wp\/v2\/product_cat?post=19203"},{"taxonomy":"product_tag","embeddable":true,"href":"https:\/\/420now.co\/fr-ca\/wp-json\/wp\/v2\/product_tag?post=19203"}],"curies":[{"name":"wp","href":"https:\/\/api.w.org\/{rel}","templated":true}]}}