{"id":19210,"date":"2020-12-16T06:51:38","date_gmt":"2020-12-16T11:51:38","guid":{"rendered":"https:\/\/420now.co\/product\/champignons-enseignants-dores\/"},"modified":"2026-02-08T15:12:04","modified_gmt":"2026-02-08T20:12:04","slug":"champignons-enseignants-dores","status":"publish","type":"product","link":"https:\/\/420now.co\/fr-ca\/product\/champignons-enseignants-dores\/","title":{"rendered":"Champignons Golden Teacher"},"content":{"rendered":"<p>Golden Teacher Mushrooms est une vari\u00e9t\u00e9 classique qui doit son nom \u00e0 son apparence dor\u00e9e. Ces champignons sont les pr\u00e9f\u00e9r\u00e9s de la communaut\u00e9 psychonaught pour leurs effets introspectifs et philosophiques. Les Golden Teachers sont une race puissante de champignons qui pr\u00e9sentent un chapeau dor\u00e9 avec une tige fine. Contrairement \u00e0 d\u2019autres vari\u00e9t\u00e9s de champignons, ces champignons sont capables d\u2019offrir une exp\u00e9rience plus guid\u00e9e et \u00e9ducative, plut\u00f4t qu\u2019un pur \u00ab voyage \u00bb.   <\/p>\n","protected":false},"excerpt":{"rendered":"<p>Golden Teacher Mushrooms est une vari\u00e9t\u00e9 classique qui doit son nom \u00e0 son apparence dor\u00e9e. Ces champignons sont les pr\u00e9f\u00e9r\u00e9s de la communaut\u00e9 psychonaught pour leurs effets introspectifs et philosophiques. Les Golden Teachers sont une race puissante de champignons qui pr\u00e9sentent un chapeau dor\u00e9 avec une tige fine. Contrairement \u00e0 d\u2019autres vari\u00e9t\u00e9s de champignons, ces champignons sont capables d\u2019offrir une exp\u00e9rience plus guid\u00e9e et \u00e9ducative, plut\u00f4t qu\u2019un pur \u00ab voyage \u00bb.   <\/p>\n","protected":false},"featured_media":16723,"comment_status":"open","ping_status":"closed","template":"","meta":{"_acf_changed":false},"product_brand":[],"product_cat":[237],"product_tag":[],"class_list":{"0":"post-19210","1":"product","2":"type-product","3":"status-publish","4":"has-post-thumbnail","6":"product_cat-champignons-secs","8":"first","9":"instock","10":"shipping-taxable","11":"purchasable","12":"product-type-variable"},"acf":[],"_links":{"self":[{"href":"https:\/\/420now.co\/fr-ca\/wp-json\/wp\/v2\/product\/19210","targetHints":{"allow":["GET"]}}],"collection":[{"href":"https:\/\/420now.co\/fr-ca\/wp-json\/wp\/v2\/product"}],"about":[{"href":"https:\/\/420now.co\/fr-ca\/wp-json\/wp\/v2\/types\/product"}],"replies":[{"embeddable":true,"href":"https:\/\/420now.co\/fr-ca\/wp-json\/wp\/v2\/comments?post=19210"}],"wp:featuredmedia":[{"embeddable":true,"href":"https:\/\/420now.co\/fr-ca\/wp-json\/wp\/v2\/media\/16723"}],"wp:attachment":[{"href":"https:\/\/420now.co\/fr-ca\/wp-json\/wp\/v2\/media?parent=19210"}],"wp:term":[{"taxonomy":"product_brand","embeddable":true,"href":"https:\/\/420now.co\/fr-ca\/wp-json\/wp\/v2\/product_brand?post=19210"},{"taxonomy":"product_cat","embeddable":true,"href":"https:\/\/420now.co\/fr-ca\/wp-json\/wp\/v2\/product_cat?post=19210"},{"taxonomy":"product_tag","embeddable":true,"href":"https:\/\/420now.co\/fr-ca\/wp-json\/wp\/v2\/product_tag?post=19210"}],"curies":[{"name":"wp","href":"https:\/\/api.w.org\/{rel}","templated":true}]}}