{"id":19218,"date":"2020-04-26T20:05:01","date_gmt":"2020-04-26T20:05:01","guid":{"rendered":"https:\/\/420now.co\/product\/biscuits-casseurs-aux-pepites-de-chocolat-100mg-sativa\/"},"modified":"2026-02-08T19:46:33","modified_gmt":"2026-02-09T00:46:33","slug":"biscuits-casseurs-aux-pepites-de-chocolat-100mg-sativa","status":"publish","type":"product","link":"https:\/\/420now.co\/fr-ca\/product\/biscuits-casseurs-aux-pepites-de-chocolat-100mg-sativa\/","title":{"rendered":"Chocolate Chip Shatter Cookies 100mg Sativa"},"content":{"rendered":"","protected":false},"excerpt":{"rendered":"<p>Les biscuits au cannabis Euphoria Extractions deviennent rapidement le produit de boulangerie pr\u00e9f\u00e9r\u00e9 des Canadiens! Chaque biscuit contient 100 mg d\u2019extrait \u00e0 spectre complet test\u00e9 en laboratoire.Ces biscuits aux p\u00e9pites de chocolat procurent une foule de soulagement d\u2019un large \u00e9ventail de sympt\u00f4mes, dont le moindre est le manque de sommeil. <\/p>\n<p>EN RUPTURE DE STOCK<\/p>\n","protected":false},"featured_media":17034,"comment_status":"open","ping_status":"closed","template":"","meta":{"_acf_changed":false},"product_brand":[185],"product_cat":[220],"product_tag":[290],"class_list":{"0":"post-19218","1":"product","2":"type-product","3":"status-publish","4":"has-post-thumbnail","6":"product_brand-euphoria-extractions","7":"product_cat-produits-de-boulangerie","8":"product_tag-sativa-fr-ca","10":"first","11":"outofstock","12":"shipping-taxable","13":"purchasable","14":"product-type-simple"},"acf":[],"_links":{"self":[{"href":"https:\/\/420now.co\/fr-ca\/wp-json\/wp\/v2\/product\/19218","targetHints":{"allow":["GET"]}}],"collection":[{"href":"https:\/\/420now.co\/fr-ca\/wp-json\/wp\/v2\/product"}],"about":[{"href":"https:\/\/420now.co\/fr-ca\/wp-json\/wp\/v2\/types\/product"}],"replies":[{"embeddable":true,"href":"https:\/\/420now.co\/fr-ca\/wp-json\/wp\/v2\/comments?post=19218"}],"wp:featuredmedia":[{"embeddable":true,"href":"https:\/\/420now.co\/fr-ca\/wp-json\/wp\/v2\/media\/17034"}],"wp:attachment":[{"href":"https:\/\/420now.co\/fr-ca\/wp-json\/wp\/v2\/media?parent=19218"}],"wp:term":[{"taxonomy":"product_brand","embeddable":true,"href":"https:\/\/420now.co\/fr-ca\/wp-json\/wp\/v2\/product_brand?post=19218"},{"taxonomy":"product_cat","embeddable":true,"href":"https:\/\/420now.co\/fr-ca\/wp-json\/wp\/v2\/product_cat?post=19218"},{"taxonomy":"product_tag","embeddable":true,"href":"https:\/\/420now.co\/fr-ca\/wp-json\/wp\/v2\/product_tag?post=19218"}],"curies":[{"name":"wp","href":"https:\/\/api.w.org\/{rel}","templated":true}]}}