{"id":19221,"date":"2020-04-26T20:12:44","date_gmt":"2020-04-26T20:12:44","guid":{"rendered":"https:\/\/420now.co\/product\/shatter-brownies-240mg-indica\/"},"modified":"2026-02-08T20:11:39","modified_gmt":"2026-02-09T01:11:39","slug":"shatter-brownies-240mg-indica","status":"publish","type":"product","link":"https:\/\/420now.co\/fr-ca\/product\/shatter-brownies-240mg-indica\/","title":{"rendered":"Shatter Brownies 240mg Indica"},"content":{"rendered":"","protected":false},"excerpt":{"rendered":"<p>Indica Shatter Brownies &#8211; 240 mg d\u2019extrait \u00e0 spectre complet Euphoria Extractions Les brownies Shatter sont fra\u00eechement cuits avec un d\u00e9licieux chocolat. Chaque brownie est charg\u00e9 de 40 mg d\u2019extrait \u00e0 spectre complet de qualit\u00e9 sup\u00e9rieure test\u00e9 en laboratoire, vous laissant un sentiment d\u2019illumination et de bien-\u00eatre.   <\/p>\n","protected":false},"featured_media":17023,"comment_status":"open","ping_status":"closed","template":"","meta":{"_acf_changed":false},"product_brand":[380],"product_cat":[220],"product_tag":[302],"class_list":{"0":"post-19221","1":"product","2":"type-product","3":"status-publish","4":"has-post-thumbnail","6":"product_brand-shatter-brownies","7":"product_cat-produits-de-boulangerie","8":"product_tag-indica-fr-ca","10":"first","11":"instock","12":"shipping-taxable","13":"purchasable","14":"product-type-simple"},"acf":[],"_links":{"self":[{"href":"https:\/\/420now.co\/fr-ca\/wp-json\/wp\/v2\/product\/19221","targetHints":{"allow":["GET"]}}],"collection":[{"href":"https:\/\/420now.co\/fr-ca\/wp-json\/wp\/v2\/product"}],"about":[{"href":"https:\/\/420now.co\/fr-ca\/wp-json\/wp\/v2\/types\/product"}],"replies":[{"embeddable":true,"href":"https:\/\/420now.co\/fr-ca\/wp-json\/wp\/v2\/comments?post=19221"}],"wp:featuredmedia":[{"embeddable":true,"href":"https:\/\/420now.co\/fr-ca\/wp-json\/wp\/v2\/media\/17023"}],"wp:attachment":[{"href":"https:\/\/420now.co\/fr-ca\/wp-json\/wp\/v2\/media?parent=19221"}],"wp:term":[{"taxonomy":"product_brand","embeddable":true,"href":"https:\/\/420now.co\/fr-ca\/wp-json\/wp\/v2\/product_brand?post=19221"},{"taxonomy":"product_cat","embeddable":true,"href":"https:\/\/420now.co\/fr-ca\/wp-json\/wp\/v2\/product_cat?post=19221"},{"taxonomy":"product_tag","embeddable":true,"href":"https:\/\/420now.co\/fr-ca\/wp-json\/wp\/v2\/product_tag?post=19221"}],"curies":[{"name":"wp","href":"https:\/\/api.w.org\/{rel}","templated":true}]}}