{"id":19224,"date":"2020-04-26T17:54:20","date_gmt":"2020-04-26T21:54:20","guid":{"rendered":"https:\/\/420now.co\/product\/the-wesley-green-activitea-20mg-thc\/"},"modified":"2026-02-08T18:51:07","modified_gmt":"2026-02-08T23:51:07","slug":"the-wesley-green-activitea-20mg-thc","status":"publish","type":"product","link":"https:\/\/420now.co\/fr-ca\/product\/the-wesley-green-activitea-20mg-thc\/","title":{"rendered":"Wesley Th\u00e9 Green Activitea &#8211; 20mg THC"},"content":{"rendered":"<p>M\u00e9lange apaisant avec des notes de r\u00e9glisse, pr\u00e9par\u00e9 pour soulager un mal de gorge et les sympt\u00f4mes d\u2019un rhume ou d\u2019un virus \u00e0 l\u2019aide d\u2019herbes biologiques telles que le fenouil, la menthe poivr\u00e9e, le gingembre et plus encore.<\/p>\n<p>&nbsp;<\/p>\n<h2>Brassage Wesley Green Activitea<\/h2>\n<p>Apportez de l\u2019eau fra\u00eeche filtr\u00e9e et versez sur le sac filtrant dans votre tasse. Pour le th\u00e9 glac\u00e9, utilisez 1 sachet par 8 oz liq. Si vous souhaitez faire du th\u00e9 glac\u00e9, il est recommand\u00e9 d\u2019utiliser 2 sachets par 8 oz liq.   <\/p>\n<h2>Ingr\u00e9dients du th\u00e9<\/h2>\n<ul>\n<li>Th\u00e9 vert<\/li>\n<li>Riz brun<\/li>\n<li>Feuille de cannabis<\/li>\n<li>Huile MCT<\/li>\n<li>Distillat de THC<\/li>\n<li>Capsule v\u00e9g\u00e9talienne<\/li>\n<\/ul>\n","protected":false},"excerpt":{"rendered":"<p>M\u00e9lange apaisant avec des notes de r\u00e9glisse, pr\u00e9par\u00e9 pour soulager un mal de gorge et les sympt\u00f4mes d\u2019un rhume ou d\u2019un virus \u00e0 l\u2019aide d\u2019herbes biologiques telles que le fenouil, la menthe poivr\u00e9e, le gingembre et plus encore.<\/p>\n<p>1 sachet.<\/p>\n","protected":false},"featured_media":17168,"comment_status":"open","ping_status":"closed","template":"","meta":{"_acf_changed":false},"product_brand":[375],"product_cat":[224],"product_tag":[319],"class_list":{"0":"post-19224","1":"product","2":"type-product","3":"status-publish","4":"has-post-thumbnail","6":"product_brand-wesley-tea","7":"product_cat-the","8":"product_tag-wesley-fr-ca","10":"first","11":"instock","12":"shipping-taxable","13":"purchasable","14":"product-type-simple"},"acf":[],"_links":{"self":[{"href":"https:\/\/420now.co\/fr-ca\/wp-json\/wp\/v2\/product\/19224","targetHints":{"allow":["GET"]}}],"collection":[{"href":"https:\/\/420now.co\/fr-ca\/wp-json\/wp\/v2\/product"}],"about":[{"href":"https:\/\/420now.co\/fr-ca\/wp-json\/wp\/v2\/types\/product"}],"replies":[{"embeddable":true,"href":"https:\/\/420now.co\/fr-ca\/wp-json\/wp\/v2\/comments?post=19224"}],"wp:featuredmedia":[{"embeddable":true,"href":"https:\/\/420now.co\/fr-ca\/wp-json\/wp\/v2\/media\/17168"}],"wp:attachment":[{"href":"https:\/\/420now.co\/fr-ca\/wp-json\/wp\/v2\/media?parent=19224"}],"wp:term":[{"taxonomy":"product_brand","embeddable":true,"href":"https:\/\/420now.co\/fr-ca\/wp-json\/wp\/v2\/product_brand?post=19224"},{"taxonomy":"product_cat","embeddable":true,"href":"https:\/\/420now.co\/fr-ca\/wp-json\/wp\/v2\/product_cat?post=19224"},{"taxonomy":"product_tag","embeddable":true,"href":"https:\/\/420now.co\/fr-ca\/wp-json\/wp\/v2\/product_tag?post=19224"}],"curies":[{"name":"wp","href":"https:\/\/api.w.org\/{rel}","templated":true}]}}