{"id":19225,"date":"2020-04-26T20:25:33","date_gmt":"2020-04-26T20:25:33","guid":{"rendered":"https:\/\/420now.co\/product\/shatter-brownies-60mg-sativa-euphoria-extractions\/"},"modified":"2026-02-08T20:16:19","modified_gmt":"2026-02-09T01:16:19","slug":"shatter-brownies-60mg-sativa-euphoria-extractions","status":"publish","type":"product","link":"https:\/\/420now.co\/fr-ca\/product\/shatter-brownies-60mg-sativa-euphoria-extractions\/","title":{"rendered":"Shatter Brownies 60mg Sativa &#8211; Euphoria Extractions"},"content":{"rendered":"<p>Quel a \u00e9t\u00e9 le tout premier comestible \/ m\u00e9dible que vous ayez essay\u00e9? Nous parions que ce pourrait \u00eatre des brownies maison! Parfois, ils ne se sont pas av\u00e9r\u00e9s les meilleurs, n\u2019est-ce pas? Eh bien, vous allez adorer les brownies Shatter d\u2019Euphoria Extractions &#8211; ils sont test\u00e9s en laboratoire et leur recette est appr\u00e9ci\u00e9e par beaucoup. Comment le savons-nous? \u00c0 cause du nombre d\u2019entre vous qui les ach\u00e8tent \u00e0 plusieurs reprises!     <\/p>\n<p>Ces brownies \u00e0 saveur de chocolat sont fabriqu\u00e9s par la marque de confiance Euphoria Extractions ici m\u00eame au Canada &#8211; et ils assurent la puret\u00e9 et la fiabilit\u00e9 de tous leurs produits. C\u2019est pourquoi tant d\u2019utilisateurs de Medible les aiment et leur font confiance. <\/p>\n<p>Mmm&#8230; brownies au chocolat &#8211; avec 60 mg de THC ajout\u00e9s. Allez-y, commandez d\u00e8s aujourd\u2019hui et g\u00e2tez-vous ce soir!   <\/p>\n<p>Sativa<br \/>\nTHC : 60 mg par paquet.<\/p>\n<h2>Euphoria Extractions Shatter Brownies 60mg THC Avantages<\/h2>\n<p>L\u2019un des plus grands avantages de choisir un produit Euphoria Extractions est la possibilit\u00e9 de faire confiance \u00e0 ce que vous obtenez. Un nom de confiance dans le monde des produits comestibles \/ medibles depuis longtemps, c\u2019est l\u2019une des entreprises comestibles que d\u2019autres essaient de rattraper en termes de normes, de qualit\u00e9 et de puret\u00e9.   <\/p>\n<p>Chaque paquet de ces brownies au chocolat Shatter 60 mg contient 6 morceaux pour un dosage pr\u00e9cis &#8211; chaque morceau contient 10 mg de THC, provenant d\u2019une vari\u00e9t\u00e9 Sativa . Qu\u2019est-ce que cela signifie pour vous en tant qu\u2019avantage? <\/p>\n<p>Vous pouvez obtenir un dosage pr\u00e9cis et savoir exactement quelle quantit\u00e9 de THC vous utilisez. C\u2019est parfait pour un usage m\u00e9dical et r\u00e9cr\u00e9atif &#8211; et bien s\u00fbr, vous allez adorer le go\u00fbt! <\/p>\n<h2>Euphoria Extractions Shatter Brownies 60mg Livraison gratuite \u2013 R\u00e9gion du Grand Toronto<\/h2>\n<p>Livraison gratuite en 2 heures* avec une commande minimale de 100,00 $ de n\u2019importe lequel de nos produits, y compris les brownies Shatter d\u2019Euphoria Extractions de 420Now Weed Delivery. Veuillez commander avant 20 h pour une livraison en deux heures le jour m\u00eame.   <\/p>\n<p>*Livraison en deux heures \u00e0 Toronto (Scarborough, North York, Etobicoke, DownTown, York \u2013 toutes les r\u00e9gions \u00e0 l\u2019int\u00e9rieur des fronti\u00e8res de la ville de Toronto), Richmond Hill, King, Aurora, Newmarket, Woodbridge, Vaughan et Markham.<\/p>\n","protected":false},"excerpt":{"rendered":"<p>Quel a \u00e9t\u00e9 le tout premier comestible \/ m\u00e9dible que vous ayez essay\u00e9? Nous parions que ce pourrait \u00eatre des brownies maison! Parfois, ils ne se sont pas av\u00e9r\u00e9s les meilleurs, n\u2019est-ce pas? Eh bien, vous allez adorer les brownies Shatter d\u2019Euphoria Extractions &#8211; ils sont test\u00e9s en laboratoire et leur recette est appr\u00e9ci\u00e9e par beaucoup. Comment le savons-nous? \u00c0 cause du nombre d\u2019entre vous qui les ach\u00e8tent \u00e0 plusieurs reprises!     <\/p>\n<p>Ces brownies \u00e0 saveur de chocolat sont fabriqu\u00e9s par la marque de confiance Euphoria Extractions ici m\u00eame au Canada &#8211; et ils assurent la puret\u00e9 et la fiabilit\u00e9 de tous leurs produits. C\u2019est pourquoi tant d\u2019utilisateurs de Medible les aiment et leur font confiance. <\/p>\n<p>Mmm&#8230; brownies au chocolat &#8211; avec 60 mg de THC ajout\u00e9s. Allez-y, commandez d\u00e8s aujourd\u2019hui et g\u00e2tez-vous ce soir!   <\/p>\n<p>Sativa<br \/>\nTHC : 60 mg par paquet.<\/p>\n<p>EN RUPTURE DE STOCK<\/p>\n","protected":false},"featured_media":0,"comment_status":"open","ping_status":"closed","template":"","meta":{"_acf_changed":false},"product_brand":[380],"product_cat":[220],"product_tag":[296,290],"class_list":{"0":"post-19225","1":"product","2":"type-product","3":"status-publish","5":"product_brand-shatter-brownies","6":"product_cat-produits-de-boulangerie","7":"product_tag-euphoria-fr-ca","8":"product_tag-sativa-fr-ca","10":"first","11":"outofstock","12":"shipping-taxable","13":"purchasable","14":"product-type-simple"},"acf":[],"_links":{"self":[{"href":"https:\/\/420now.co\/fr-ca\/wp-json\/wp\/v2\/product\/19225","targetHints":{"allow":["GET"]}}],"collection":[{"href":"https:\/\/420now.co\/fr-ca\/wp-json\/wp\/v2\/product"}],"about":[{"href":"https:\/\/420now.co\/fr-ca\/wp-json\/wp\/v2\/types\/product"}],"replies":[{"embeddable":true,"href":"https:\/\/420now.co\/fr-ca\/wp-json\/wp\/v2\/comments?post=19225"}],"wp:attachment":[{"href":"https:\/\/420now.co\/fr-ca\/wp-json\/wp\/v2\/media?parent=19225"}],"wp:term":[{"taxonomy":"product_brand","embeddable":true,"href":"https:\/\/420now.co\/fr-ca\/wp-json\/wp\/v2\/product_brand?post=19225"},{"taxonomy":"product_cat","embeddable":true,"href":"https:\/\/420now.co\/fr-ca\/wp-json\/wp\/v2\/product_cat?post=19225"},{"taxonomy":"product_tag","embeddable":true,"href":"https:\/\/420now.co\/fr-ca\/wp-json\/wp\/v2\/product_tag?post=19225"}],"curies":[{"name":"wp","href":"https:\/\/api.w.org\/{rel}","templated":true}]}}