{"id":19226,"date":"2020-04-26T21:00:11","date_gmt":"2020-04-27T01:00:11","guid":{"rendered":"https:\/\/420now.co\/product\/teinture-purlic-pet-30ml-300mg-cbd\/"},"modified":"2026-02-08T20:00:34","modified_gmt":"2026-02-09T01:00:34","slug":"teinture-purlic-pet-30ml-300mg-cbd","status":"publish","type":"product","link":"https:\/\/420now.co\/fr-ca\/product\/teinture-purlic-pet-30ml-300mg-cbd\/","title":{"rendered":"Purlic Pet Tincture 30 ml 300 mg de CBD"},"content":{"rendered":"<h2>L\u2019huile de CBD est aussi pour les animaux de compagnie<\/h2>\n<p>Une gamme holistique de produits CBD destin\u00e9s sp\u00e9cifiquement \u00e0 nos amis \u00e0 quatre pattes. Il a \u00e9t\u00e9 scientifiquement prouv\u00e9 que l\u2019huile de CBD aide les animaux souffrant de d\u00e9pression et d\u2019anxi\u00e9t\u00e9. Votre animal souffre-t-il d\u2019anxi\u00e9t\u00e9 de s\u00e9paration? L\u2019huile de CBD peut \u00eatre la bonne m\u00e9thode holistique pour soulager leur anxi\u00e9t\u00e9 et les tensions qu\u2019ils ressentent. Les animaux de compagnie peuvent parfois souffrir d\u2019une anxi\u00e9t\u00e9 extr\u00eame &#8211; et souvent, nous ne pouvons pas faire grand-chose \u00e0 ce sujet. Parfois, vous ne pouvez tout simplement pas emmener votre animal partout et \u00eatre avec lui 24 heures sur 24, 7 jours sur 7.     <\/p>\n<p>L\u2019huile de CBD n\u2019est pas toxique pour les chiens et les chats, il est donc s\u00e9curitaire de la donner \u00e0 votre \u00ab meilleur ami \u00bb pour l\u2019aider lorsque vous ne pouvez tout simplement pas lui donner une \u00e9gratignure derri\u00e8re les oreilles.<\/p>\n<p>Vous partez en voyage quelque part? Peut-\u00eatre que votre chien voyage dans la zone de chargement de l\u2019avion et que vous savez qu\u2019il va y avoir de l\u2019anxi\u00e9t\u00e9! Essayez notre huile de CBD! Il n\u2019a pas de propri\u00e9t\u00e9s psychoactives et vous pouvez \u00eatre assur\u00e9 que vous donnez \u00e0 votre animal quelque chose de s\u00fbr et cela s\u2019est av\u00e9r\u00e9 utile.     <\/p>\n","protected":false},"excerpt":{"rendered":"<p>Le CBD est d\u00e9riv\u00e9 de la plante de marijuana et est utilis\u00e9 comme compl\u00e9ment alimentaire pour r\u00e9duire la douleur et l\u2019inflammation neuropathiques. Contrairement au THC, le CBD ne contient aucune propri\u00e9t\u00e9 psychoactive, et des \u00e9tudes ont prouv\u00e9 sa capacit\u00e9 \u00e0 soulager l\u2019anxi\u00e9t\u00e9 et \u00e0 am\u00e9liorer les sympt\u00f4mes associ\u00e9s \u00e0 la d\u00e9pression chez les animaux et les humains. Contrairement aux opiac\u00e9s et autres analg\u00e9siques, le CBD pr\u00e9sente une toxicit\u00e9 minime ou nulle et peut \u00eatre utilis\u00e9 en toute s\u00e9curit\u00e9 r\u00e9guli\u00e8rement, sans risque de surdose.  <\/p>\n<p>1 oz liq. (30 ml)300<br \/>\n mg de CBD  <\/p>\n","protected":false},"featured_media":16615,"comment_status":"open","ping_status":"closed","template":"","meta":{"_acf_changed":false},"product_brand":[379],"product_cat":[234],"product_tag":[],"class_list":{"0":"post-19226","1":"product","2":"type-product","3":"status-publish","4":"has-post-thumbnail","6":"product_brand-purlic","7":"product_cat-pour-les-animaux-domestiques","9":"first","10":"instock","11":"shipping-taxable","12":"purchasable","13":"product-type-simple"},"acf":[],"_links":{"self":[{"href":"https:\/\/420now.co\/fr-ca\/wp-json\/wp\/v2\/product\/19226","targetHints":{"allow":["GET"]}}],"collection":[{"href":"https:\/\/420now.co\/fr-ca\/wp-json\/wp\/v2\/product"}],"about":[{"href":"https:\/\/420now.co\/fr-ca\/wp-json\/wp\/v2\/types\/product"}],"replies":[{"embeddable":true,"href":"https:\/\/420now.co\/fr-ca\/wp-json\/wp\/v2\/comments?post=19226"}],"wp:featuredmedia":[{"embeddable":true,"href":"https:\/\/420now.co\/fr-ca\/wp-json\/wp\/v2\/media\/16615"}],"wp:attachment":[{"href":"https:\/\/420now.co\/fr-ca\/wp-json\/wp\/v2\/media?parent=19226"}],"wp:term":[{"taxonomy":"product_brand","embeddable":true,"href":"https:\/\/420now.co\/fr-ca\/wp-json\/wp\/v2\/product_brand?post=19226"},{"taxonomy":"product_cat","embeddable":true,"href":"https:\/\/420now.co\/fr-ca\/wp-json\/wp\/v2\/product_cat?post=19226"},{"taxonomy":"product_tag","embeddable":true,"href":"https:\/\/420now.co\/fr-ca\/wp-json\/wp\/v2\/product_tag?post=19226"}],"curies":[{"name":"wp","href":"https:\/\/api.w.org\/{rel}","templated":true}]}}