{"id":19227,"date":"2020-04-26T20:57:47","date_gmt":"2020-04-27T00:57:47","guid":{"rendered":"https:\/\/420now.co\/product\/balance-teinture-de-cbd-a-spectre-complet-600mg\/"},"modified":"2026-02-08T14:14:51","modified_gmt":"2026-02-08T19:14:51","slug":"balance-teinture-de-cbd-a-spectre-complet-600mg","status":"publish","type":"product","link":"https:\/\/420now.co\/fr-ca\/product\/balance-teinture-de-cbd-a-spectre-complet-600mg\/","title":{"rendered":"Balance Teinture de CBD \u00e0 spectre complet 600mg"},"content":{"rendered":"<h2>Teinture de CBD de marque Balance<\/h2>\n<p>Vous ne connaissez pas toutes les diff\u00e9rentes teintures de CBD qui sont sur le march\u00e9? Vous ne savez pas quoi essayer en premier? De nombreux experts croient absolument que Balance est la meilleure marque en Am\u00e9rique du Nord pour un certain nombre de raisons : il s\u2019agit d\u2019une entreprise de semences \u00e0 la vente, ce qui nous dit que Balance fait partie de l\u2019ensemble du processus &#8211; de la plantation des cultures \u00e0 la collaboration avec les agriculteurs pour assurer des cultures de chanvre de haute qualit\u00e9.  <\/p>\n<p>Non seulement ils ont des normes \u00e9lev\u00e9es dans leurs propres laboratoires, mais ils exigent des normes \u00e9lev\u00e9es des agriculteurs avec lesquels ils travaillent, notamment en assurant un bon sol, une bonne gestion des cultures et une agriculture biologique. Cela garantit qu\u2019il n\u2019y a pas d\u2019OGM utilis\u00e9s, ni de pesticides et d\u2019herbicides nocifs dans le chanvre que Balance utilise pour cr\u00e9er ses produits. <\/p>\n<p>Tout, de la s\u00e9lection de la qualit\u00e9 des semences \u00e0 la r\u00e9colte en passant par la transformation, est fait selon des normes tr\u00e8s strictes et signifie que les produits Balance sont :<\/p>\n<ul>\n<li>Fabriqu\u00e9 aux \u00c9tats-Unis et non \u00e0 l\u2019\u00e9tranger o\u00f9 les normes pourraient ne pas \u00eatre aussi rigides<\/li>\n<li>Moins de 0,3% de THC<\/li>\n<li>Tous les ingr\u00e9dients biologiques<\/li>\n<li>Qualit\u00e9 BPF<\/li>\n<li>Sans cruaut\u00e9<\/li>\n<li>Sans allerg\u00e8nes<\/li>\n<li>Sans gluten<\/li>\n<li>V\u00e9g\u00e9talien<\/li>\n<li>Casher<\/li>\n<li>Test\u00e9 par la NSF<\/li>\n<\/ul>\n<p>Il n\u2019y a pas de remplissage dans les produits Balance, ce qui garantit un produit vraiment insipide et inodore &#8211; vous pouvez l\u2019ajouter \u00e0 votre boisson ou \u00e0 votre aliment pr\u00e9f\u00e9r\u00e9 sans aucune interf\u00e9rence gustative.<\/p>\n<p>Balance est l\u2019une des marques de CBD les plus prim\u00e9es aux \u00c9tats-Unis, test\u00e9e en laboratoire par des laboratoires tiers, et est une entreprise avec des valeurs fortes en mati\u00e8re de responsabilit\u00e9 sociale.<\/p>\n<h2>Livraison gratuite en 2 heures &#8211; Greater Toronto Area Balance CBD<\/h2>\n<p>Vous n\u2019avez pas besoin de quitter votre maison pour obtenir votre teinture de CBD Balance. Commandez avant 20 h et nous vous obtiendrons une livraison gratuite en 2 heures dans la r\u00e9gion du Grand Toronto avec une commande minimale de 100,00 $ dans notre boutique. Vous pouvez profiter des avantages de Balance et l\u2019essayer par vous-m\u00eame &#8211; bien s\u00fbr, si vous l\u2019avez d\u00e9j\u00e0 utilis\u00e9, vous connaissez d\u00e9j\u00e0 les avantages.  <\/p>\n<p>Nous recommandons vivement la teinture de CBD \u00e0 spectre complet pour son pouvoir de gu\u00e9rison et nous sommes impatients de vous aider avec notre service de livraison gratuit.<\/p>\n<p style=\"text-align: center\"><strong>La livraison gratuite dans la r\u00e9gion du Grand Toronto comprend Toronto, Vaughan, Richmond Hill, Thornhill, Markham, Newmarket, Aurora, Caledon, Bolton, Unionville, North York, Scarborough, Etobicoke, Mississauga, Brampton, King (City) <a href=\"https:\/\/420now.co\/fr-ca\/region-du-grand-toronto-rgt-livraison-gratuite\/\">Township \u2013 voir notre couverture compl\u00e8te ici<\/a>.<\/strong><\/p>\n<p>&nbsp;<\/p>\n","protected":false},"excerpt":{"rendered":"<p>Reconnue par beaucoup comme la meilleure marque de teintures d\u2019huile de CBD, Balance est synonyme de puret\u00e9 et de haute qualit\u00e9. Le spectre complet signifie que vous obtenez du CBD plus du THC, CBN, CBC et bien plus encore &#8211; un compos\u00e9 synergique d\u2019ingr\u00e9dients qui, ensemble, pourraient fournir plus de puissance de gu\u00e9rison. <\/p>\n<p>Les teintures d\u2019huile de CBD ont \u00e9t\u00e9 reconnues pour aider les personnes souffrant de douleurs chroniques et ont aid\u00e9 \u00e0 traiter des probl\u00e8mes m\u00e9dicaux graves comme l\u2019anxi\u00e9t\u00e9, la d\u00e9pression, les douleurs musculaires, les migraines et d\u2019autres conditions m\u00e9dicales ind\u00e9sirables.<\/p>\n<p>Distillat de CBD test\u00e9 en laboratoire de teinture de CBD \u00e0 spectre complet (&lt;10% de THC) avec huile MCT 600 mg \/ 30 ml 20 mg \/ 1 ml<\/p>\n","protected":false},"featured_media":17182,"comment_status":"open","ping_status":"closed","template":"","meta":{"_acf_changed":false},"product_brand":[],"product_cat":[208,269],"product_tag":[],"class_list":{"0":"post-19227","1":"product","2":"type-product","3":"status-publish","4":"has-post-thumbnail","6":"product_cat-cbd-fr-ca","7":"product_cat-teintures","9":"first","10":"instock","11":"shipping-taxable","12":"purchasable","13":"product-type-simple"},"acf":[],"_links":{"self":[{"href":"https:\/\/420now.co\/fr-ca\/wp-json\/wp\/v2\/product\/19227","targetHints":{"allow":["GET"]}}],"collection":[{"href":"https:\/\/420now.co\/fr-ca\/wp-json\/wp\/v2\/product"}],"about":[{"href":"https:\/\/420now.co\/fr-ca\/wp-json\/wp\/v2\/types\/product"}],"replies":[{"embeddable":true,"href":"https:\/\/420now.co\/fr-ca\/wp-json\/wp\/v2\/comments?post=19227"}],"wp:featuredmedia":[{"embeddable":true,"href":"https:\/\/420now.co\/fr-ca\/wp-json\/wp\/v2\/media\/17182"}],"wp:attachment":[{"href":"https:\/\/420now.co\/fr-ca\/wp-json\/wp\/v2\/media?parent=19227"}],"wp:term":[{"taxonomy":"product_brand","embeddable":true,"href":"https:\/\/420now.co\/fr-ca\/wp-json\/wp\/v2\/product_brand?post=19227"},{"taxonomy":"product_cat","embeddable":true,"href":"https:\/\/420now.co\/fr-ca\/wp-json\/wp\/v2\/product_cat?post=19227"},{"taxonomy":"product_tag","embeddable":true,"href":"https:\/\/420now.co\/fr-ca\/wp-json\/wp\/v2\/product_tag?post=19227"}],"curies":[{"name":"wp","href":"https:\/\/api.w.org\/{rel}","templated":true}]}}