{"id":19257,"date":"2023-07-07T09:07:37","date_gmt":"2023-07-07T13:07:37","guid":{"rendered":"https:\/\/420now.co\/product\/moonrock-canada-creme-glacee-a-la-vanille\/"},"modified":"2025-10-09T11:33:19","modified_gmt":"2025-10-09T15:33:19","slug":"moonrock-canada-creme-glacee-a-la-vanille","status":"publish","type":"product","link":"https:\/\/420now.co\/fr-ca\/product\/moonrock-canada-creme-glacee-a-la-vanille\/","title":{"rendered":"Moonrock Canada &#8211; Vanilla Ice Cream"},"content":{"rendered":"<p>Quand vous voulez vraiment aller sur la lune, vous adorerez la roche lunaire de Moonrock Canada \u2013 les <em>Ma\u00eetres du Moonrock<\/em>. Les utilisateurs m\u00e9dicaux adorent ces agents de d\u00e9livrance de THC concentr\u00e9s et ultra puissants. <\/p>\n<p>Vous obtenez 1,1 gramme de bourgeon hybride roul\u00e9 dans de l\u2019huile de CO2, puis un keif dor\u00e9 suppl\u00e9mentaire en poudre dor\u00e9e &#8211; alias cristaux de cannabis, qui se compose de trichomes.<\/p>\n<p>Tr\u00e8s puissant \u2013 si vous \u00eates nouveau dans le cannabis, soyez prudent. Les v\u00e9t\u00e9rans du cannabis adoreront ces moonrocks pour un effet long et durant qui frappe rapidement votre t\u00eate puis se propage rapidement dans tout votre corps. <\/p>\n<h3>\u00c0 propos de Moonrock Canada<\/h3>\n<p>Connus comme les <em>Ma\u00eetres du Moonrock<\/em>, Moonrock Canada produit des roches lunaires depuis 2016.<\/p>\n<p>Si vous cherchez la livraison gratuite des roches lunaires de Moonrock Canada, vous \u00eates au bon endroit! Livraison gratuite en deux heures avec des commandes de plus de 100,00 $ dans tous les secteurs de Toronto, Markham, Richmond Hill, Aurora, Vaughan, Newmarket, King Township et Bradford. <\/p>\n","protected":false},"excerpt":{"rendered":"<p>Quand vous voulez vraiment aller sur la lune, vous adorerez la roche lunaire de Moonrock Canada \u2013 les <em>Ma\u00eetres du Moonrock<\/em>. Les utilisateurs m\u00e9dicaux adorent ces agents de d\u00e9livrance de THC concentr\u00e9s et ultra puissants. <\/p>\n<p>Vous obtenez 1,1 gramme de bourgeon hybride roul\u00e9 dans de l\u2019huile de CO2, puis un keif dor\u00e9 suppl\u00e9mentaire en poudre dor\u00e9e &#8211; alias cristaux de cannabis, qui se compose de trichomes.<\/p>\n<p>Tr\u00e8s puissant \u2013 si vous \u00eates nouveau dans le cannabis, soyez prudent. Les v\u00e9t\u00e9rans du cannabis adoreront ces moonrocks pour un effet long et durant qui frappe rapidement votre t\u00eate puis se propage rapidement dans tout votre corps. <\/p>\n<p>Cr\u00e8me glac\u00e9e \u00e0 la vanille.<\/p>\n","protected":false},"featured_media":17574,"comment_status":"open","ping_status":"closed","template":"","meta":{"_acf_changed":false},"product_brand":[],"product_cat":[251],"product_tag":[],"class_list":{"0":"post-19257","1":"product","2":"type-product","3":"status-publish","4":"has-post-thumbnail","6":"product_cat-moon-rocks-fr-ca","8":"first","9":"instock","10":"shipping-taxable","11":"purchasable","12":"product-type-simple"},"acf":[],"_links":{"self":[{"href":"https:\/\/420now.co\/fr-ca\/wp-json\/wp\/v2\/product\/19257","targetHints":{"allow":["GET"]}}],"collection":[{"href":"https:\/\/420now.co\/fr-ca\/wp-json\/wp\/v2\/product"}],"about":[{"href":"https:\/\/420now.co\/fr-ca\/wp-json\/wp\/v2\/types\/product"}],"replies":[{"embeddable":true,"href":"https:\/\/420now.co\/fr-ca\/wp-json\/wp\/v2\/comments?post=19257"}],"wp:featuredmedia":[{"embeddable":true,"href":"https:\/\/420now.co\/fr-ca\/wp-json\/wp\/v2\/media\/17574"}],"wp:attachment":[{"href":"https:\/\/420now.co\/fr-ca\/wp-json\/wp\/v2\/media?parent=19257"}],"wp:term":[{"taxonomy":"product_brand","embeddable":true,"href":"https:\/\/420now.co\/fr-ca\/wp-json\/wp\/v2\/product_brand?post=19257"},{"taxonomy":"product_cat","embeddable":true,"href":"https:\/\/420now.co\/fr-ca\/wp-json\/wp\/v2\/product_cat?post=19257"},{"taxonomy":"product_tag","embeddable":true,"href":"https:\/\/420now.co\/fr-ca\/wp-json\/wp\/v2\/product_tag?post=19257"}],"curies":[{"name":"wp","href":"https:\/\/api.w.org\/{rel}","templated":true}]}}