{"id":19274,"date":"2021-02-09T13:46:22","date_gmt":"2021-02-09T18:46:22","guid":{"rendered":"https:\/\/420now.co\/product\/cones-en-or-24-carats\/"},"modified":"2026-03-25T12:50:36","modified_gmt":"2026-03-25T16:50:36","slug":"cones-en-or-24-carats","status":"publish","type":"product","link":"https:\/\/420now.co\/fr-ca\/product\/cones-en-or-24-carats\/","title":{"rendered":"C\u00f4nes en or 24 carats"},"content":{"rendered":"<ul>\n<li>Papiers \u00e0 rouler en or 24 carats fabriqu\u00e9s \u00e0 la main avec le meilleur or comestible.<\/li>\n<li>1 C\u00f4ne pr\u00e9-roul\u00e9, il ne vous reste plus qu\u2019\u00e0 le remplir et \u00e0 le fumer.<\/li>\n<li>Base en papier de m\u00e9lange de chanvre pour une combustion plus douce.<\/li>\n<\/ul>\n<p>Le luxe \u00e0 port\u00e9e de main. Ne soyez pas \u00e0 la f\u00eate. Soyez la f\u00eate. Les c\u00f4nes pr\u00e9-roul\u00e9s en or 24 carats de Shine se marient parfaitement avec certains arbres de haut niveau.   <\/p>\n","protected":false},"excerpt":{"rendered":"<ul>\n<li>Papiers \u00e0 rouler en or 24 carats fabriqu\u00e9s \u00e0 la main avec le meilleur or comestible.<\/li>\n<li>1 C\u00f4ne pr\u00e9-roul\u00e9, il ne vous reste plus qu\u2019\u00e0 le remplir et \u00e0 le fumer.<\/li>\n<li>Base en papier de m\u00e9lange de chanvre pour une combustion plus douce.<\/li>\n<\/ul>\n<p>Le luxe \u00e0 port\u00e9e de main. Ne soyez pas \u00e0 la f\u00eate. Soyez la f\u00eate. Les c\u00f4nes pr\u00e9-roul\u00e9s en or 24 carats de Shine se marient parfaitement avec certains arbres de haut niveau.   <\/p>\n","protected":false},"featured_media":16773,"comment_status":"open","ping_status":"closed","template":"","meta":{"_acf_changed":false},"product_brand":[],"product_cat":[261,329],"product_tag":[],"class_list":{"0":"post-19274","1":"product","2":"type-product","3":"status-publish","4":"has-post-thumbnail","6":"product_cat-papier-a-rouler","7":"product_cat-cones-roulants","9":"first","10":"instock","11":"shipping-taxable","12":"purchasable","13":"product-type-simple"},"acf":[],"_links":{"self":[{"href":"https:\/\/420now.co\/fr-ca\/wp-json\/wp\/v2\/product\/19274","targetHints":{"allow":["GET"]}}],"collection":[{"href":"https:\/\/420now.co\/fr-ca\/wp-json\/wp\/v2\/product"}],"about":[{"href":"https:\/\/420now.co\/fr-ca\/wp-json\/wp\/v2\/types\/product"}],"replies":[{"embeddable":true,"href":"https:\/\/420now.co\/fr-ca\/wp-json\/wp\/v2\/comments?post=19274"}],"wp:featuredmedia":[{"embeddable":true,"href":"https:\/\/420now.co\/fr-ca\/wp-json\/wp\/v2\/media\/16773"}],"wp:attachment":[{"href":"https:\/\/420now.co\/fr-ca\/wp-json\/wp\/v2\/media?parent=19274"}],"wp:term":[{"taxonomy":"product_brand","embeddable":true,"href":"https:\/\/420now.co\/fr-ca\/wp-json\/wp\/v2\/product_brand?post=19274"},{"taxonomy":"product_cat","embeddable":true,"href":"https:\/\/420now.co\/fr-ca\/wp-json\/wp\/v2\/product_cat?post=19274"},{"taxonomy":"product_tag","embeddable":true,"href":"https:\/\/420now.co\/fr-ca\/wp-json\/wp\/v2\/product_tag?post=19274"}],"curies":[{"name":"wp","href":"https:\/\/api.w.org\/{rel}","templated":true}]}}