{"id":19280,"date":"2021-02-10T19:20:58","date_gmt":"2021-02-11T00:20:58","guid":{"rendered":"https:\/\/420now.co\/product\/krav-lollipops-pm-indica-raisin\/"},"modified":"2026-03-22T23:03:16","modified_gmt":"2026-03-23T03:03:16","slug":"krav-lollipops-pm-indica-raisin","status":"publish","type":"product","link":"https:\/\/420now.co\/fr-ca\/product\/krav-lollipops-pm-indica-raisin\/","title":{"rendered":"KRAV LOLLIPOPS PM Indica (raisin)"},"content":{"rendered":"<p>Les sucettes\/ventouses Krav contiennent 90 mg de THC Indica (PM &#8211; Evening Use) dans chaque ventouse. Chaque commande contient 2 sucettes aromatis\u00e9es. Commande totale = 180 mg de THC.   Ces ventouses m\u00e9dicamenteuses sont une fa\u00e7on pratique et discr\u00e8te de consommer vos m\u00e9dicaments.<\/p>\n<ul>\n<li>2 ventouses par paquet<\/li>\n<li>90 mg de THC cha. <\/li>\n<li>180 mg de THC par paquet<\/li>\n<\/ul>\n","protected":false},"excerpt":{"rendered":"<p>Les sucettes\/ventouses Krav contiennent 90 mg de THC Indica (PM &#8211; Evening Use) dans chaque ventouse. Chaque commande contient 2 sucettes aromatis\u00e9es. Commande totale = 180 mg de THC.   Ces ventouses m\u00e9dicamenteuses sont une fa\u00e7on pratique et discr\u00e8te de consommer vos m\u00e9dicaments.<\/p>\n<ul>\n<li>2 ventouses par paquet<\/li>\n<li>90 mg de THC cha. <\/li>\n<li>180 mg de THC par paquet<\/li>\n<\/ul>\n<p>EN RUPTURE DE STOCK<\/p>\n","protected":false},"featured_media":16786,"comment_status":"open","ping_status":"closed","template":"","meta":{"_acf_changed":false},"product_brand":[],"product_cat":[225,219],"product_tag":[307],"class_list":{"0":"post-19280","1":"product","2":"type-product","3":"status-publish","4":"has-post-thumbnail","6":"product_cat-bonbons","7":"product_cat-comestibles","8":"product_tag-lollipops-fr-ca","10":"first","11":"outofstock","12":"shipping-taxable","13":"purchasable","14":"product-type-simple"},"acf":[],"_links":{"self":[{"href":"https:\/\/420now.co\/fr-ca\/wp-json\/wp\/v2\/product\/19280","targetHints":{"allow":["GET"]}}],"collection":[{"href":"https:\/\/420now.co\/fr-ca\/wp-json\/wp\/v2\/product"}],"about":[{"href":"https:\/\/420now.co\/fr-ca\/wp-json\/wp\/v2\/types\/product"}],"replies":[{"embeddable":true,"href":"https:\/\/420now.co\/fr-ca\/wp-json\/wp\/v2\/comments?post=19280"}],"wp:featuredmedia":[{"embeddable":true,"href":"https:\/\/420now.co\/fr-ca\/wp-json\/wp\/v2\/media\/16786"}],"wp:attachment":[{"href":"https:\/\/420now.co\/fr-ca\/wp-json\/wp\/v2\/media?parent=19280"}],"wp:term":[{"taxonomy":"product_brand","embeddable":true,"href":"https:\/\/420now.co\/fr-ca\/wp-json\/wp\/v2\/product_brand?post=19280"},{"taxonomy":"product_cat","embeddable":true,"href":"https:\/\/420now.co\/fr-ca\/wp-json\/wp\/v2\/product_cat?post=19280"},{"taxonomy":"product_tag","embeddable":true,"href":"https:\/\/420now.co\/fr-ca\/wp-json\/wp\/v2\/product_tag?post=19280"}],"curies":[{"name":"wp","href":"https:\/\/api.w.org\/{rel}","templated":true}]}}