{"id":19282,"date":"2021-02-10T19:23:22","date_gmt":"2021-02-11T00:23:22","guid":{"rendered":"https:\/\/420now.co\/product\/krav-lollipops-pm-indica-fraise-banane\/"},"modified":"2026-03-22T23:03:16","modified_gmt":"2026-03-23T03:03:16","slug":"krav-lollipops-pm-indica-fraise-banane","status":"publish","type":"product","link":"https:\/\/420now.co\/fr-ca\/product\/krav-lollipops-pm-indica-fraise-banane\/","title":{"rendered":"KRAV LOLLIPOPS PM Indica (fraise\/banane)"},"content":{"rendered":"<p>Ces sucettes\/ventouses Krav contiennent 90 mg de THC Indica (PM \u2013 Evening Use) dans chaque ventouse. Chaque paquet contient 2 sucettes aromatis\u00e9es pour un total de 180 mg dans chaque emballage. <\/p>\n<p>Ces ventouses m\u00e9dicamenteuses sont un moyen pratique et discret de consommer votre m\u00e9dicament contre le THC.<\/p>\n<p>2 ventouses par paquet<br \/>\n90 mg de THC chac. ventouse<br \/>\n180 mg de THC par paquet <\/p>\n<p>Saveur fraise\/banane. Indica.<\/p>\n<h2>Avantage des sucettes Krav<\/h2>\n<p>Krav a mis au point un excellent syst\u00e8me pour offrir des sucettes au go\u00fbt merveilleux (ou des ventouses, si vous pr\u00e9f\u00e9rez les appeler ainsi), avec le choix de vari\u00e9t\u00e9s Sativa ou Indica . Cela signifie que vous pouvez vous m\u00e9dicamenter avec votre choix Indica ou Sativa selon l\u2019heure de la journ\u00e9e. <\/p>\n<p>En g\u00e9n\u00e9ral, Sativa est pr\u00e9f\u00e9rable pour une utilisation matinale ou diurne, tandis que Indica est pr\u00e9f\u00e9r\u00e9e par la plupart pour le soir.<\/p>\n<p>Ils sont parfaits pour ceux qui pr\u00e9f\u00e8rent ne pas fumer, ou pour ceux qui fument mais qui se retrouvent dans une situation o\u00f9 le tabagisme ne fonctionnera pas.<\/p>\n<p>Un dosage pr\u00e9cis est \u00e9galement un gros avantage \u2013 sachant qu\u2019il y a 90 mg dans chaque ventouse.<\/p>\n<h2>Krav Suckers\/Lollipops Sativa Livraison R\u00e9gion du Grand Toronto<\/h2>\n<p><strong>Livraison gratuite de 2 heures<\/strong> avec une commande minimale de 100,00 $ de n\u2019importe lequel de nos produits, y compris les suceurs de Krav, de 420Now Weed Delivery. Veuillez commander avant 20 h pour une livraison de deux heures le jour m\u00eame. Notre zone de livraison gratuite de 2 heures \u00e0 domicile comprend : Toronto, Mississauga, Brampton, Caledon, King, Vaughan, Richmond Hill, Aurora, Newmarket, East Gwillimbury, Whitchurch-Stouffville, Markham, Uxbridge, Pickering, Ajax, Whitby, Oshawa, Scugog, Clarington, Brock, Georgina.<\/p>\n<p>\u00c9galement disponible pour exp\u00e9dition partout au Canada.<\/p>\n","protected":false},"excerpt":{"rendered":"<div class=\"woocommerce-product-details__short-description\">\n<p>Ces sucettes\/ventouses Krav contiennent 90 mg de THC Indica (PM \u2013 Evening Use) dans chaque ventouse. Chaque paquet contient 2 sucettes aromatis\u00e9es pour un total de 180 mg dans chaque emballage. <\/p>\n<p>Ces ventouses m\u00e9dicamenteuses sont un moyen pratique et discret de consommer votre m\u00e9dicament contre le THC.<\/p>\n<ul>\n<li>2 ventouses par paquet<\/li>\n<li>90 mg de THC cha. <\/li>\n<li>180 mg de THC par paquet<\/li>\n<\/ul>\n<p>Saveur fraise\/banane. Indica.<\/p>\n<\/div>\n<p>EN RUPTURE DE STOCK<\/p>\n","protected":false},"featured_media":16787,"comment_status":"open","ping_status":"closed","template":"","meta":{"_acf_changed":false},"product_brand":[],"product_cat":[225,219],"product_tag":[307],"class_list":{"0":"post-19282","1":"product","2":"type-product","3":"status-publish","4":"has-post-thumbnail","6":"product_cat-bonbons","7":"product_cat-comestibles","8":"product_tag-lollipops-fr-ca","10":"first","11":"outofstock","12":"shipping-taxable","13":"purchasable","14":"product-type-simple"},"acf":[],"_links":{"self":[{"href":"https:\/\/420now.co\/fr-ca\/wp-json\/wp\/v2\/product\/19282","targetHints":{"allow":["GET"]}}],"collection":[{"href":"https:\/\/420now.co\/fr-ca\/wp-json\/wp\/v2\/product"}],"about":[{"href":"https:\/\/420now.co\/fr-ca\/wp-json\/wp\/v2\/types\/product"}],"replies":[{"embeddable":true,"href":"https:\/\/420now.co\/fr-ca\/wp-json\/wp\/v2\/comments?post=19282"}],"wp:featuredmedia":[{"embeddable":true,"href":"https:\/\/420now.co\/fr-ca\/wp-json\/wp\/v2\/media\/16787"}],"wp:attachment":[{"href":"https:\/\/420now.co\/fr-ca\/wp-json\/wp\/v2\/media?parent=19282"}],"wp:term":[{"taxonomy":"product_brand","embeddable":true,"href":"https:\/\/420now.co\/fr-ca\/wp-json\/wp\/v2\/product_brand?post=19282"},{"taxonomy":"product_cat","embeddable":true,"href":"https:\/\/420now.co\/fr-ca\/wp-json\/wp\/v2\/product_cat?post=19282"},{"taxonomy":"product_tag","embeddable":true,"href":"https:\/\/420now.co\/fr-ca\/wp-json\/wp\/v2\/product_tag?post=19282"}],"curies":[{"name":"wp","href":"https:\/\/api.w.org\/{rel}","templated":true}]}}