{"id":19283,"date":"2021-02-09T15:41:10","date_gmt":"2021-02-09T20:41:10","guid":{"rendered":"https:\/\/420now.co\/product\/the-calmant-au-cbd-hightea\/"},"modified":"2026-02-08T16:33:43","modified_gmt":"2026-02-08T21:33:43","slug":"the-calmant-au-cbd-hightea","status":"publish","type":"product","link":"https:\/\/420now.co\/fr-ca\/product\/the-calmant-au-cbd-hightea\/","title":{"rendered":"HIGHTEA CBD Calming Tea"},"content":{"rendered":"<p>M\u00e9lange de tisanes infus\u00e9es au CBD. D\u00e9stressez, d\u00e9tendez-vous et apaisez la douleur! 10 portions de CBDTea \u00e0 spectre complet (sachets de th\u00e9 inclus).  <\/p>\n<p>Contient 100 mg de CBD\/5 mg de THC<\/p>\n","protected":false},"excerpt":{"rendered":"<p>M\u00e9lange de tisanes infus\u00e9es au CBD. D\u00e9stressez, d\u00e9tendez-vous et apaisez la douleur! 10 portions de CBDTea \u00e0 spectre complet (sachets de th\u00e9 inclus).  <\/p>\n<p>Contient 100 mg de CBD\/5 mg de THC<\/p>\n","protected":false},"featured_media":16834,"comment_status":"open","ping_status":"closed","template":"","meta":{"_acf_changed":false},"product_brand":[],"product_cat":[208,224],"product_tag":[],"class_list":{"0":"post-19283","1":"product","2":"type-product","3":"status-publish","4":"has-post-thumbnail","6":"product_cat-cbd-fr-ca","7":"product_cat-the","9":"first","10":"instock","11":"shipping-taxable","12":"purchasable","13":"product-type-simple"},"acf":[],"_links":{"self":[{"href":"https:\/\/420now.co\/fr-ca\/wp-json\/wp\/v2\/product\/19283","targetHints":{"allow":["GET"]}}],"collection":[{"href":"https:\/\/420now.co\/fr-ca\/wp-json\/wp\/v2\/product"}],"about":[{"href":"https:\/\/420now.co\/fr-ca\/wp-json\/wp\/v2\/types\/product"}],"replies":[{"embeddable":true,"href":"https:\/\/420now.co\/fr-ca\/wp-json\/wp\/v2\/comments?post=19283"}],"wp:featuredmedia":[{"embeddable":true,"href":"https:\/\/420now.co\/fr-ca\/wp-json\/wp\/v2\/media\/16834"}],"wp:attachment":[{"href":"https:\/\/420now.co\/fr-ca\/wp-json\/wp\/v2\/media?parent=19283"}],"wp:term":[{"taxonomy":"product_brand","embeddable":true,"href":"https:\/\/420now.co\/fr-ca\/wp-json\/wp\/v2\/product_brand?post=19283"},{"taxonomy":"product_cat","embeddable":true,"href":"https:\/\/420now.co\/fr-ca\/wp-json\/wp\/v2\/product_cat?post=19283"},{"taxonomy":"product_tag","embeddable":true,"href":"https:\/\/420now.co\/fr-ca\/wp-json\/wp\/v2\/product_tag?post=19283"}],"curies":[{"name":"wp","href":"https:\/\/api.w.org\/{rel}","templated":true}]}}