{"id":19286,"date":"2021-02-10T19:39:43","date_gmt":"2021-02-11T00:39:43","guid":{"rendered":"https:\/\/420now.co\/product\/krav-lollipops-am-sativa-root-beer\/"},"modified":"2026-03-22T23:01:40","modified_gmt":"2026-03-23T03:01:40","slug":"krav-lollipops-am-sativa-root-beer","status":"publish","type":"product","link":"https:\/\/420now.co\/fr-ca\/product\/krav-lollipops-am-sativa-root-beer\/","title":{"rendered":"KRAV LOLLIPOPS AM Sativa (Root Beer)"},"content":{"rendered":"<p>Les sucettes\/sucettes krav contiennent 90 mg de THC Sativa (AM &#8211; Morning Use) dans chaque ventouse. Chaque commande contient 2 sucettes aromatis\u00e9es. Commande totale = 180 mg de THC.   Ces ventouses m\u00e9dicamenteuses sont une fa\u00e7on pratique et discr\u00e8te de consommer vos m\u00e9dicaments.<\/p>\n<ul>\n<li>2 ventouses par paquet<\/li>\n<li>90 mg de THC cha. <\/li>\n<li>180 mg de THC par paquet<\/li>\n<\/ul>\n","protected":false},"excerpt":{"rendered":"<p>Les sucettes\/sucettes krav contiennent 90 mg de THC Sativa (AM &#8211; Morning Use) dans chaque ventouse. Chaque commande contient 2 sucettes aromatis\u00e9es. Commande totale = 180 mg de THC.   Ces ventouses m\u00e9dicamenteuses sont une fa\u00e7on pratique et discr\u00e8te de consommer vos m\u00e9dicaments.<\/p>\n<ul>\n<li>2 ventouses par paquet<\/li>\n<li>90 mg de THC cha. <\/li>\n<li>180 mg de THC par paquet<\/li>\n<\/ul>\n<p>EN RUPTURE DE STOCK<\/p>\n","protected":false},"featured_media":16791,"comment_status":"open","ping_status":"closed","template":"","meta":{"_acf_changed":false},"product_brand":[],"product_cat":[225,219],"product_tag":[307],"class_list":{"0":"post-19286","1":"product","2":"type-product","3":"status-publish","4":"has-post-thumbnail","6":"product_cat-bonbons","7":"product_cat-comestibles","8":"product_tag-lollipops-fr-ca","10":"first","11":"outofstock","12":"shipping-taxable","13":"purchasable","14":"product-type-simple"},"acf":[],"_links":{"self":[{"href":"https:\/\/420now.co\/fr-ca\/wp-json\/wp\/v2\/product\/19286","targetHints":{"allow":["GET"]}}],"collection":[{"href":"https:\/\/420now.co\/fr-ca\/wp-json\/wp\/v2\/product"}],"about":[{"href":"https:\/\/420now.co\/fr-ca\/wp-json\/wp\/v2\/types\/product"}],"replies":[{"embeddable":true,"href":"https:\/\/420now.co\/fr-ca\/wp-json\/wp\/v2\/comments?post=19286"}],"wp:featuredmedia":[{"embeddable":true,"href":"https:\/\/420now.co\/fr-ca\/wp-json\/wp\/v2\/media\/16791"}],"wp:attachment":[{"href":"https:\/\/420now.co\/fr-ca\/wp-json\/wp\/v2\/media?parent=19286"}],"wp:term":[{"taxonomy":"product_brand","embeddable":true,"href":"https:\/\/420now.co\/fr-ca\/wp-json\/wp\/v2\/product_brand?post=19286"},{"taxonomy":"product_cat","embeddable":true,"href":"https:\/\/420now.co\/fr-ca\/wp-json\/wp\/v2\/product_cat?post=19286"},{"taxonomy":"product_tag","embeddable":true,"href":"https:\/\/420now.co\/fr-ca\/wp-json\/wp\/v2\/product_tag?post=19286"}],"curies":[{"name":"wp","href":"https:\/\/api.w.org\/{rel}","templated":true}]}}