{"id":19288,"date":"2021-02-15T19:53:44","date_gmt":"2021-02-16T00:53:44","guid":{"rendered":"https:\/\/420now.co\/product\/doweedos-flamas-600mg-thc\/"},"modified":"2025-04-11T09:52:23","modified_gmt":"2025-04-11T13:52:23","slug":"doweedos-flamas-600mg-thc","status":"publish","type":"product","link":"https:\/\/420now.co\/fr-ca\/product\/doweedos-flamas-600mg-thc\/","title":{"rendered":"DOWEEDOS (Flamas) 600mg THC"},"content":{"rendered":"<p>600 mg de THC<\/p>\n","protected":false},"excerpt":{"rendered":"<p>Si vous aimez les \u00e9pic\u00e9s, vous allez adorer les Doweedos Flamas! Flamboyant. Mais avec une dose m\u00e9dicamenteuse de THC dans chaque puce.  <\/p>\n<p>600 mg de THC dans chaque emballage.<\/p>\n<p>Poids net : 28,3 grammes<\/p>\n","protected":false},"featured_media":17423,"comment_status":"open","ping_status":"closed","template":"","meta":{"_acf_changed":false},"product_brand":[],"product_cat":[219],"product_tag":[294],"class_list":{"0":"post-19288","1":"product","2":"type-product","3":"status-publish","4":"has-post-thumbnail","6":"product_cat-comestibles","7":"product_tag-croustilles","9":"first","10":"instock","11":"shipping-taxable","12":"purchasable","13":"product-type-simple"},"acf":[],"_links":{"self":[{"href":"https:\/\/420now.co\/fr-ca\/wp-json\/wp\/v2\/product\/19288","targetHints":{"allow":["GET"]}}],"collection":[{"href":"https:\/\/420now.co\/fr-ca\/wp-json\/wp\/v2\/product"}],"about":[{"href":"https:\/\/420now.co\/fr-ca\/wp-json\/wp\/v2\/types\/product"}],"replies":[{"embeddable":true,"href":"https:\/\/420now.co\/fr-ca\/wp-json\/wp\/v2\/comments?post=19288"}],"wp:featuredmedia":[{"embeddable":true,"href":"https:\/\/420now.co\/fr-ca\/wp-json\/wp\/v2\/media\/17423"}],"wp:attachment":[{"href":"https:\/\/420now.co\/fr-ca\/wp-json\/wp\/v2\/media?parent=19288"}],"wp:term":[{"taxonomy":"product_brand","embeddable":true,"href":"https:\/\/420now.co\/fr-ca\/wp-json\/wp\/v2\/product_brand?post=19288"},{"taxonomy":"product_cat","embeddable":true,"href":"https:\/\/420now.co\/fr-ca\/wp-json\/wp\/v2\/product_cat?post=19288"},{"taxonomy":"product_tag","embeddable":true,"href":"https:\/\/420now.co\/fr-ca\/wp-json\/wp\/v2\/product_tag?post=19288"}],"curies":[{"name":"wp","href":"https:\/\/api.w.org\/{rel}","templated":true}]}}