{"id":19291,"date":"2021-02-15T19:55:23","date_gmt":"2021-02-16T00:55:23","guid":{"rendered":"https:\/\/420now.co\/product\/doweedos-flamin-hot-nacho-600mg-thc\/"},"modified":"2026-03-10T09:19:37","modified_gmt":"2026-03-10T13:19:37","slug":"doweedos-flamin-hot-nacho-600mg-thc","status":"publish","type":"product","link":"https:\/\/420now.co\/fr-ca\/product\/doweedos-flamin-hot-nacho-600mg-thc\/","title":{"rendered":"DOWEEDOS (Flamin&#8217; Hot) Nacho 600mg THC"},"content":{"rendered":"<p>Vous les aimez piquants et \u00e9pic\u00e9s? Et vous voulez une \u00e9norme quantit\u00e9 de THC avec vos produits comestibles chauds? Les croustilles \u00e0 saveur de Nacho chaud Flamin de Doweedos sont faites pour vous! Vous pouvez obtenir vos m\u00e9dicaments comestibles au THC dans une collation savoureuse &#8211; parfaite pour les occasions o\u00f9 vous ne pouvez pas fumer, ou encore plus parfaite pour ceux qui ne veulent pas fumer du tout et pr\u00e9f\u00e8rent ing\u00e9rer du THC comme comestible.   <\/p>\n<p>600 mg de THC<\/p>\n<h2>Avantages de Doweedos THC Flamin Hot Nacho Avantages<\/h2>\n<p>Ces croustilles comestibles (parfois appel\u00e9es \u00ab croustilles de cannabis \u00bb) sont un excellent moyen pour vous d\u2019acqu\u00e9rir votre exp\u00e9rience du THC sans fumer. Ils sont pratiques \u00e0 jeter dans la voiture, dans l\u2019armoire ou si vous transportez un sac \u00e0 main &#8211; l\u00e0-dedans, et donc tr\u00e8s discrets.   <\/p>\n<p>Vous adorerez \u00e9galement la saveur \u00e9pic\u00e9e.<\/p>\n<p>Chaque paquet de croustilles Flamin Hot Nacho de Doweedo contient 600 mg de THC.  <\/p>\n<p>Lorsque vous les essayez pour la premi\u00e8re fois, prenez simplement 1 ou 2 chips au d\u00e9but pour voir comment elles vous affectent. Attendez de 20 \u00e0 30 minutes. Il est probablement pr\u00e9f\u00e9rable de ne pas manger tout l\u2019emballage de ces croustilles de cannabis en une seule fois! Bien s\u00fbr, vos amis vous aimeront encore plus si vous partagez! Mais ils sont si savoureux que vous ne voudrez peut-\u00eatre pas le faire.    <\/p>\n<h2>Livraison de croustilles Flamin Hot THC 600 MG de Doweedo &#8211; R\u00e9gion du Grand Toronto<\/h2>\n<p><strong>Livraison gratuite en 2 heures<\/strong> avec une commande minimale de 100,00 $ de l\u2019un de nos produits, y compris les croustilles de THC de Doweedo de 420Now Weed Delivery. Veuillez commander avant 20 h pour une livraison en deux heures le jour m\u00eame.   <\/p>\n<p>*Livraison en deux heures \u00e0 Toronto (Scarborough, North York, Etobicoke, DownTown, York &#8211; toutes les r\u00e9gions \u00e0 l\u2019int\u00e9rieur des fronti\u00e8res de la ville de Toronto), Richmond Hill, King, Aurora, Newmarket, Woodbridge, Vaughan et Markham.<\/p>\n<p>\u00c9galement disponible pour exp\u00e9dition partout au Canada.<\/p>\n<p><em>REMARQUE : Les informations sur ce site sont fournies \u00e0 des fins \u00e9ducatives seulement et ne remplacent pas un avis m\u00e9dical professionnel.  <\/em><br \/>\n<strong><br \/>\nReste hors de port\u00e9e des enfants.<\/strong><\/p>\n","protected":false},"excerpt":{"rendered":"<p>Vous les aimez piquants et \u00e9pic\u00e9s? Et vous voulez une \u00e9norme quantit\u00e9 de THC avec vos produits comestibles chauds? Les croustilles \u00e0 saveur de Nacho chaud Flamin de Doweedos sont faites pour vous! Vous pouvez obtenir vos m\u00e9dicaments comestibles au THC dans une collation savoureuse &#8211; parfaite pour les occasions o\u00f9 vous ne pouvez pas fumer, ou encore plus parfaite pour ceux qui ne veulent pas fumer du tout et pr\u00e9f\u00e8rent ing\u00e9rer du THC comme comestible.   <\/p>\n<p>600 mg de THC<\/p>\n","protected":false},"featured_media":17422,"comment_status":"open","ping_status":"closed","template":"","meta":{"_acf_changed":false},"product_brand":[],"product_cat":[219],"product_tag":[294],"class_list":{"0":"post-19291","1":"product","2":"type-product","3":"status-publish","4":"has-post-thumbnail","6":"product_cat-comestibles","7":"product_tag-croustilles","9":"first","10":"instock","11":"shipping-taxable","12":"purchasable","13":"product-type-simple"},"acf":[],"_links":{"self":[{"href":"https:\/\/420now.co\/fr-ca\/wp-json\/wp\/v2\/product\/19291","targetHints":{"allow":["GET"]}}],"collection":[{"href":"https:\/\/420now.co\/fr-ca\/wp-json\/wp\/v2\/product"}],"about":[{"href":"https:\/\/420now.co\/fr-ca\/wp-json\/wp\/v2\/types\/product"}],"replies":[{"embeddable":true,"href":"https:\/\/420now.co\/fr-ca\/wp-json\/wp\/v2\/comments?post=19291"}],"wp:featuredmedia":[{"embeddable":true,"href":"https:\/\/420now.co\/fr-ca\/wp-json\/wp\/v2\/media\/17422"}],"wp:attachment":[{"href":"https:\/\/420now.co\/fr-ca\/wp-json\/wp\/v2\/media?parent=19291"}],"wp:term":[{"taxonomy":"product_brand","embeddable":true,"href":"https:\/\/420now.co\/fr-ca\/wp-json\/wp\/v2\/product_brand?post=19291"},{"taxonomy":"product_cat","embeddable":true,"href":"https:\/\/420now.co\/fr-ca\/wp-json\/wp\/v2\/product_cat?post=19291"},{"taxonomy":"product_tag","embeddable":true,"href":"https:\/\/420now.co\/fr-ca\/wp-json\/wp\/v2\/product_tag?post=19291"}],"curies":[{"name":"wp","href":"https:\/\/api.w.org\/{rel}","templated":true}]}}