{"id":19292,"date":"2021-02-15T15:14:33","date_gmt":"2021-02-15T20:14:33","guid":{"rendered":"https:\/\/420now.co\/product\/hulkberry\/"},"modified":"2026-03-12T20:25:21","modified_gmt":"2026-03-13T00:25:21","slug":"hulkberry","status":"publish","type":"product","link":"https:\/\/420now.co\/fr-ca\/product\/hulkberry\/","title":{"rendered":"Hulkberry"},"content":{"rendered":"<p>Hulkberry est une vari\u00e9t\u00e9 hybride \u00e0 dominante l\u00e9g\u00e8rement sativa (65% sativa\/35% indica) cr\u00e9\u00e9e par le croisement des vari\u00e9t\u00e9s classiques Strawberry Diesel X OG Kush . Ce bourgeon tire son nom de ses bourgeons super lourds et de sa d\u00e9licieuse saveur de baies. Les bourgeons Hulkberry ont des t\u00eates vertes menthol\u00e9es en forme de ma\u00efs souffl\u00e9 super surdimensionn\u00e9es avec des nuances d\u2019olive fonc\u00e9e, de longs poils orange minces et une couche de minuscules trichomes de cristal blanc brillant. Au fur et \u00e0 mesure que vous tirez chaque petite p\u00e9pite givr\u00e9e, des ar\u00f4mes d\u2019agrumes aigre-doux se lib\u00e8rent avec une nuance piquante de diesel qui s\u2019intensifie au fur et \u00e0 mesure que les p\u00e9pites sont br\u00fbl\u00e9es. La saveur est tr\u00e8s similaire, avec une forte nuance de citron aigre accentu\u00e9e par du diesel \u00e9pic\u00e9 et de la terre piquante \u00e0 l\u2019expiration. L\u2019effet de Hulkberry est assez puissant par nature, avec des effets lourds qui peuvent facilement vous assommer gr\u00e2ce \u00e0 un taux de THC moyen super puissant de 27%. L\u2019effet se produit rapidement et durement avec une pouss\u00e9e d\u2019effets \u00e9nergisants qui vous insufflent cr\u00e9ativit\u00e9 et motivation. Au fur et \u00e0 mesure que votre esprit se transforme en pure euphorie, votre corps restera calme et l\u00e9ger qui n\u2019affectera pas le moins du monde votre niveau d\u2019\u00e9nergie. Combin\u00e9s \u00e0 son haut niveau de puissance, ces effets donnent \u00e0 Hulkberry un avantage dans le traitement de maladies telles que la fatigue chronique, les migraines ou les maux de t\u00eate, le TDA ou le TDAH, la d\u00e9pression et les sautes d\u2019humeur.        <\/p>\n<p>EN RUPTURE DE STOCK<\/p>\n<p>&nbsp;<\/p>\n","protected":false},"excerpt":{"rendered":"<p>Hulkberry est une vari\u00e9t\u00e9 hybride \u00e0 dominante l\u00e9g\u00e8rement sativa (65% sativa\/35% indica) cr\u00e9\u00e9e par le croisement des vari\u00e9t\u00e9s classiques Strawberry Diesel X OG Kush . Ce bourgeon tire son nom de ses bourgeons super lourds et de sa d\u00e9licieuse saveur de baies. Les bourgeons Hulkberry ont des t\u00eates vertes menthol\u00e9es en forme de ma\u00efs souffl\u00e9 super surdimensionn\u00e9es avec des nuances d\u2019olive fonc\u00e9e, de longs poils orange minces et une couche de minuscules trichomes de cristal blanc brillant. Au fur et \u00e0 mesure que vous tirez chaque petite p\u00e9pite givr\u00e9e, des ar\u00f4mes d\u2019agrumes aigre-doux se lib\u00e8rent avec une nuance piquante de diesel qui s\u2019intensifie au fur et \u00e0 mesure que les p\u00e9pites sont br\u00fbl\u00e9es. La saveur est tr\u00e8s similaire, avec une forte nuance de citron aigre accentu\u00e9e par du diesel \u00e9pic\u00e9 et de la terre piquante \u00e0 l\u2019expiration. L\u2019effet de Hulkberry est assez puissant par nature, avec des effets lourds qui peuvent facilement vous assommer gr\u00e2ce \u00e0 un taux de THC moyen super puissant de 27%. L\u2019effet se produit rapidement et durement avec une pouss\u00e9e d\u2019effets \u00e9nergisants qui vous insufflent cr\u00e9ativit\u00e9 et motivation. Au fur et \u00e0 mesure que votre esprit se transforme en pure euphorie, votre corps restera calme et l\u00e9ger qui n\u2019affectera pas le moins du monde votre niveau d\u2019\u00e9nergie. Combin\u00e9s \u00e0 son haut niveau de puissance, ces effets donnent \u00e0 Hulkberry un avantage dans le traitement de maladies telles que la fatigue chronique, les migraines ou les maux de t\u00eate, le TDA ou le TDAH, la d\u00e9pression et les sautes d\u2019humeur.        <\/p>\n<p>EN RUPTURE DE STOCK<\/p>\n","protected":false},"featured_media":16823,"comment_status":"open","ping_status":"closed","template":"","meta":{"_acf_changed":false},"product_brand":[],"product_cat":[249],"product_tag":[],"class_list":{"0":"post-19292","1":"product","2":"type-product","3":"status-publish","4":"has-post-thumbnail","6":"product_cat-hybride-pot","7":"pa_weight-1-oz-fr-ca","8":"pa_weight-1-2-oz-fr-ca","9":"pa_weight-1-4-oz-fr-ca-2","11":"first","12":"outofstock","13":"shipping-taxable","14":"purchasable","15":"product-type-variable"},"acf":[],"_links":{"self":[{"href":"https:\/\/420now.co\/fr-ca\/wp-json\/wp\/v2\/product\/19292","targetHints":{"allow":["GET"]}}],"collection":[{"href":"https:\/\/420now.co\/fr-ca\/wp-json\/wp\/v2\/product"}],"about":[{"href":"https:\/\/420now.co\/fr-ca\/wp-json\/wp\/v2\/types\/product"}],"replies":[{"embeddable":true,"href":"https:\/\/420now.co\/fr-ca\/wp-json\/wp\/v2\/comments?post=19292"}],"wp:featuredmedia":[{"embeddable":true,"href":"https:\/\/420now.co\/fr-ca\/wp-json\/wp\/v2\/media\/16823"}],"wp:attachment":[{"href":"https:\/\/420now.co\/fr-ca\/wp-json\/wp\/v2\/media?parent=19292"}],"wp:term":[{"taxonomy":"product_brand","embeddable":true,"href":"https:\/\/420now.co\/fr-ca\/wp-json\/wp\/v2\/product_brand?post=19292"},{"taxonomy":"product_cat","embeddable":true,"href":"https:\/\/420now.co\/fr-ca\/wp-json\/wp\/v2\/product_cat?post=19292"},{"taxonomy":"product_tag","embeddable":true,"href":"https:\/\/420now.co\/fr-ca\/wp-json\/wp\/v2\/product_tag?post=19292"}],"curies":[{"name":"wp","href":"https:\/\/api.w.org\/{rel}","templated":true}]}}