{"id":19293,"date":"2021-02-10T19:25:37","date_gmt":"2021-02-11T00:25:37","guid":{"rendered":"https:\/\/420now.co\/product\/krav-lollipops-am-sativa-raisin\/"},"modified":"2026-03-22T23:03:17","modified_gmt":"2026-03-23T03:03:17","slug":"krav-lollipops-am-sativa-raisin","status":"publish","type":"product","link":"https:\/\/420now.co\/fr-ca\/product\/krav-lollipops-am-sativa-raisin\/","title":{"rendered":"KRAV LOLLIPOPS AM Sativa (Raisin)"},"content":{"rendered":"<p>Les sucettes\/ventouses Krav contiennent 90 mg de THC Sativa (AM &#8211; Utilisation matinale) dans chaque ventouse. Chaque paquet contient 2 sucettes aromatis\u00e9es pour un total de 180 mg dans chaque emballage. <\/p>\n<p>Ces ventouses m\u00e9dicamenteuses sont un moyen pratique et discret de consommer votre m\u00e9dicament contre le THC.<\/p>\n<ul>\n<li>2 ventouses par paquet<\/li>\n<li>90 mg de THC cha. <\/li>\n<li>180 mg de THC par paquet<\/li>\n<\/ul>\n<h2>Avantage des sucettes Krav<\/h2>\n<p>Krav a mis au point un excellent syst\u00e8me pour offrir des sucettes merveilleusement aromatis\u00e9es (ou suckers, si on pr\u00e9f\u00e8re les appeler ainsi), avec le choix de vari\u00e9t\u00e9s Sativa ou Indica. Cela signifie que vous pouvez prendre des m\u00e9dicaments selon votre choix entre Indica ou Sativa selon l\u2019heure de la journ\u00e9e.  <\/p>\n<p>En g\u00e9n\u00e9ral, Sativa est pr\u00e9f\u00e9rable pour une utilisation matinale ou diurne, tandis que Indica est pr\u00e9f\u00e9r\u00e9e par la plupart pour le soir.  <\/p>\n<p>Ils sont parfaits pour ceux qui pr\u00e9f\u00e8rent ne pas fumer, ou pour ceux qui fument mais qui se retrouvent dans une situation o\u00f9 le tabagisme ne fonctionnera pas.<\/p>\n<p>Un dosage pr\u00e9cis est \u00e9galement un grand avantage &#8211; sachant qu\u2019il y a 90 mg dans chaque ventouse.<\/p>\n<h2>Krav Suckers\/Lollipops Sativa Livraison R\u00e9gion du Grand Toronto<\/h2>\n<p><strong>Livraison gratuite de 2 heures<\/strong> avec une commande minimale de 100,00 $ de n\u2019importe lequel de nos produits, y compris les suceurs de Krav, de 420Now Weed Delivery. Veuillez commander avant 20 h pour une livraison de deux heures le jour m\u00eame. Notre zone de livraison gratuite en 2 heures \u00e0 votre domicile comprend : Toronto, Richmond Hill, Newmarket, Aurora, Markham, Thornhill, Vaughan, Woodbridge.<\/p>\n<p>Autres zones &#8211; veuillez nous contacter pour conna\u00eetre le d\u00e9lai de livraison.<\/p>\n<p>\u00c9galement disponible pour exp\u00e9dition partout au Canada.<\/p>\n","protected":false},"excerpt":{"rendered":"<p>Les sucettes\/ventouses Krav contiennent 90 mg de THC Sativa (AM &#8211; Utilisation matinale) dans chaque ventouse. Chaque paquet contient 2 sucettes aromatis\u00e9es pour un total de 180 mg dans chaque emballage. <\/p>\n<p>Ces ventouses m\u00e9dicamenteuses sont un moyen pratique et discret de consommer votre m\u00e9dicament contre le THC.<\/p>\n<ul>\n<li>2 ventouses par paquet<\/li>\n<li>90 mg de THC cha. <\/li>\n<li>180 mg de THC par paquet<\/li>\n<\/ul>\n<p>Aromatis\u00e9 au raisin. Sativa.<\/p>\n<p>EN RUPTURE DE STOCK<\/p>\n","protected":false},"featured_media":16788,"comment_status":"open","ping_status":"closed","template":"","meta":{"_acf_changed":false},"product_brand":[],"product_cat":[225],"product_tag":[307],"class_list":{"0":"post-19293","1":"product","2":"type-product","3":"status-publish","4":"has-post-thumbnail","6":"product_cat-bonbons","7":"product_tag-lollipops-fr-ca","9":"first","10":"outofstock","11":"shipping-taxable","12":"purchasable","13":"product-type-simple"},"acf":[],"_links":{"self":[{"href":"https:\/\/420now.co\/fr-ca\/wp-json\/wp\/v2\/product\/19293","targetHints":{"allow":["GET"]}}],"collection":[{"href":"https:\/\/420now.co\/fr-ca\/wp-json\/wp\/v2\/product"}],"about":[{"href":"https:\/\/420now.co\/fr-ca\/wp-json\/wp\/v2\/types\/product"}],"replies":[{"embeddable":true,"href":"https:\/\/420now.co\/fr-ca\/wp-json\/wp\/v2\/comments?post=19293"}],"wp:featuredmedia":[{"embeddable":true,"href":"https:\/\/420now.co\/fr-ca\/wp-json\/wp\/v2\/media\/16788"}],"wp:attachment":[{"href":"https:\/\/420now.co\/fr-ca\/wp-json\/wp\/v2\/media?parent=19293"}],"wp:term":[{"taxonomy":"product_brand","embeddable":true,"href":"https:\/\/420now.co\/fr-ca\/wp-json\/wp\/v2\/product_brand?post=19293"},{"taxonomy":"product_cat","embeddable":true,"href":"https:\/\/420now.co\/fr-ca\/wp-json\/wp\/v2\/product_cat?post=19293"},{"taxonomy":"product_tag","embeddable":true,"href":"https:\/\/420now.co\/fr-ca\/wp-json\/wp\/v2\/product_tag?post=19293"}],"curies":[{"name":"wp","href":"https:\/\/api.w.org\/{rel}","templated":true}]}}