{"id":19295,"date":"2021-02-15T19:58:30","date_gmt":"2021-02-16T00:58:30","guid":{"rendered":"https:\/\/420now.co\/product\/doweedos-salsa-picante-600-mg-thc\/"},"modified":"2025-04-11T09:52:28","modified_gmt":"2025-04-11T13:52:28","slug":"doweedos-salsa-picante-600-mg-thc","status":"publish","type":"product","link":"https:\/\/420now.co\/fr-ca\/product\/doweedos-salsa-picante-600-mg-thc\/","title":{"rendered":"DOWEEDOS (Salsa Picante) 600 mg THC"},"content":{"rendered":"<p>Croustilles de THC avec la saveur de la salsa picante. Ajoutez le bonus de 600 mg de THC dans chaque paquet et vous adorerez les croustilles de cannabis Doweedos &#8211; parfaites comme collation lorsque vous voulez un comestible \/ m\u00e9dible avec un gros boost de THC. <\/p>\n<p>Pour ceux qui aiment leur exp\u00e9rience du THC en tant que comestible, ou pour ceux qui ne peuvent pas fumer. Doweedos Salsa Picante avec un coup de fouet de 600 mg de THC. <\/p>\n<p>Il est pr\u00e9f\u00e9rable d\u2019essayer seulement une ou deux de ces \u00ab croustilles de cannabis \u00bb et d\u2019attendre 20 \u00e0 30 minutes pour voir comment vous vous sentez avant de continuer avec le paquet \u2013 bien que vos amis l\u2019adoreront si vous partagez.<\/p>\n<p>600 mg de THC<br \/>\nsaveur Salsa Picante.<\/p>\n<p>Gardez les produits comestibles hors de la port\u00e9e des enfants.<\/p>\n<h2>Avantages des croustilles aromatis\u00e9es \u00e0 la salsa picante au THC de Doweedos<\/h2>\n<p>Ces croustilles comestibles (parfois appel\u00e9es \u00ab croustilles de cannabis \u00bb) sont un excellent moyen pour vous d\u2019acqu\u00e9rir votre exp\u00e9rience du THC sans fumer. Ils sont pratiques \u00e0 jeter dans la voiture, dans l\u2019armoire ou si vous transportez un sac \u00e0 main \u2013 l\u00e0-dedans, et donc tr\u00e8s discrets. <\/p>\n<p>Vous adorerez aussi la d\u00e9licieuse saveur mexicaine de salsa picante!<\/p>\n<p>Chaque paquet de croustilles de cannabis Salsa Picante de Doweedo contient 600 mg de THC.<\/p>\n<p>Lorsque vous les essayez pour la premi\u00e8re fois, prenez simplement 1 ou 2 chips au d\u00e9but pour voir comment elles vous affectent. Attendez de 20 \u00e0 30 minutes. Il est probablement pr\u00e9f\u00e9rable de ne pas manger tout l\u2019emballage de ces croustilles de cannabis en une seule fois! Bien s\u00fbr, vos amis vous aimeront encore plus si vous partagez! Mais ils sont si savoureux que vous ne voudrez peut-\u00eatre pas le faire.    <\/p>\n<h2>Livraison de croustilles de cannabis Doweedos Salsa Picante 600 MG THC \u2013 R\u00e9gion du Grand Toronto<\/h2>\n<p>Livraison gratuite de 2 heures* avec une commande minimale de 100,00 $ de n\u2019importe lequel de nos produits, y compris les croustilles de THC de Doweedo de 420Now Weed Delivery. Veuillez commander avant 20 h pour une livraison en deux heures le jour m\u00eame.   <\/p>\n<p>*Livraison en deux heures \u00e0 Toronto (Scarborough, North York, Etobicoke, DownTown, York &#8211; toutes les r\u00e9gions \u00e0 l\u2019int\u00e9rieur des fronti\u00e8res de la ville de Toronto), Richmond Hill, King, Aurora, Newmarket, Woodbridge, Vaughan et Markham.<\/p>\n<p>Pour les r\u00e9gions p\u00e9riph\u00e9riques telles que Brampton, Caledon, Mississauga, Pickering, Ajax, Whitby, Oshawa, Clarington, Scugog, Uxbridge, East Gwillimbury, Georgina et Brock, nous visons deux heures, mais veuillez vous attendre \u00e0 la possibilit\u00e9 de 3 heures pour la livraison. Si votre adresse se trouve dans ces r\u00e9gions p\u00e9riph\u00e9riques, vous pouvez nous contacter pour conna\u00eetre les d\u00e9lais de livraison pr\u00e9vus ce jour-l\u00e0.<br \/>\n\u00c9galement disponible pour exp\u00e9dition partout au Canada. <\/p>\n","protected":false},"excerpt":{"rendered":"<p>Croustilles de THC avec la saveur de la salsa picante. Ajoutez le bonus de 600 mg de THC dans chaque paquet et vous adorerez les croustilles de cannabis Doweedos &#8211; parfaites comme collation lorsque vous voulez un comestible \/ m\u00e9dible avec un gros boost de THC. <\/p>\n<p>Pour ceux qui aiment leur exp\u00e9rience du THC en tant que comestible, ou pour ceux qui ne peuvent pas fumer. Doweedos Salsa Picante avec un coup de fouet de 600 mg de THC. Il est pr\u00e9f\u00e9rable d\u2019essayer seulement une ou deux de ces \u00ab croustilles de cannabis \u00bb et d\u2019attendre 20 \u00e0 30 minutes pour voir comment vous vous sentez avant de continuer avec le paquet \u2013 bien que vos amis l\u2019adoreront si vous partagez.  <\/p>\n<p>600 mg de THC<br \/>\nsaveur Salsa Picante.<\/p>\n<p>Gardez les produits comestibles hors de la port\u00e9e des enfants.<\/p>\n","protected":false},"featured_media":17421,"comment_status":"open","ping_status":"closed","template":"","meta":{"_acf_changed":false},"product_brand":[],"product_cat":[219],"product_tag":[294],"class_list":{"0":"post-19295","1":"product","2":"type-product","3":"status-publish","4":"has-post-thumbnail","6":"product_cat-comestibles","7":"product_tag-croustilles","9":"first","10":"instock","11":"shipping-taxable","12":"purchasable","13":"product-type-simple"},"acf":[],"_links":{"self":[{"href":"https:\/\/420now.co\/fr-ca\/wp-json\/wp\/v2\/product\/19295","targetHints":{"allow":["GET"]}}],"collection":[{"href":"https:\/\/420now.co\/fr-ca\/wp-json\/wp\/v2\/product"}],"about":[{"href":"https:\/\/420now.co\/fr-ca\/wp-json\/wp\/v2\/types\/product"}],"replies":[{"embeddable":true,"href":"https:\/\/420now.co\/fr-ca\/wp-json\/wp\/v2\/comments?post=19295"}],"wp:featuredmedia":[{"embeddable":true,"href":"https:\/\/420now.co\/fr-ca\/wp-json\/wp\/v2\/media\/17421"}],"wp:attachment":[{"href":"https:\/\/420now.co\/fr-ca\/wp-json\/wp\/v2\/media?parent=19295"}],"wp:term":[{"taxonomy":"product_brand","embeddable":true,"href":"https:\/\/420now.co\/fr-ca\/wp-json\/wp\/v2\/product_brand?post=19295"},{"taxonomy":"product_cat","embeddable":true,"href":"https:\/\/420now.co\/fr-ca\/wp-json\/wp\/v2\/product_cat?post=19295"},{"taxonomy":"product_tag","embeddable":true,"href":"https:\/\/420now.co\/fr-ca\/wp-json\/wp\/v2\/product_tag?post=19295"}],"curies":[{"name":"wp","href":"https:\/\/api.w.org\/{rel}","templated":true}]}}