{"id":19302,"date":"2021-02-15T15:28:59","date_gmt":"2021-02-15T20:28:59","guid":{"rendered":"https:\/\/420now.co\/product\/chemo\/"},"modified":"2026-03-12T20:24:01","modified_gmt":"2026-03-13T00:24:01","slug":"chemo","status":"publish","type":"product","link":"https:\/\/420now.co\/fr-ca\/product\/chemo\/","title":{"rendered":"Chemo"},"content":{"rendered":"<p>Chemo, \u00e9galement connu sous le nom de \u00ab UBC Chemo \u00bb par les consommateurs de cannabis, est un hybride 100% indica pur \u00e0 la g\u00e9n\u00e9tique inconnue qui a \u00e9t\u00e9 cr\u00e9\u00e9 sp\u00e9cifiquement pour traiter les patients qui suivent des traitements de chimioth\u00e9rapie. Ce puissant bourgeon offre des effets indica lourds extr\u00eamement puissants caract\u00e9ris\u00e9s par un haut niveau de soulagement de la douleur dans l\u2019esprit et le corps. L\u2019effet est d\u00e9finitivement consid\u00e9r\u00e9 comme une rampante \u2013 vous serez soudainement frapp\u00e9 par une sensation de lourdeur derri\u00e8re les yeux et dans la nuque avant de tomber dans une stupeur s\u00e9dative compl\u00e8te avec un puissant blocage du canap\u00e9 et un cas fort de fringales. En raison de ces effets puissants et de son taux de THC insens\u00e9 qui se situe en moyenne entre 18 et 21%, Chemo est id\u00e9ale pour traiter les patients souffrant de naus\u00e9es, de d\u00e9pression, d\u2019insomnie, de cauchemars et de douleurs chroniques dues \u00e0 la chimio, au cancer et \u00e0 d\u2019autres conditions. Ces p\u00e9pites ont un ar\u00f4me de pin terreux et piquant et un go\u00fbt de pin floral sucr\u00e9 qui devient piquant et dur \u00e0 l\u2019expiration. Les bourgeons Chemo ont des t\u00eates r\u00e9sineuses dures en forme de b\u00eache violet fonc\u00e9 qui sont recouvertes de poils boucl\u00e9s orange fonc\u00e9 riche. Chaque p\u00e9pite est recouverte d\u2019une couche de trichomes de cristal blanc \u00e9pais et d\u2019une fine couche de r\u00e9sine sucr\u00e9e collante.      <\/p>\n<p><em>REMARQUE : Les informations sur ce site sont fournies \u00e0 des fins \u00e9ducatives seulement et ne remplacent pas un avis m\u00e9dical professionnel. Consultez un professionnel de la sant\u00e9 avant utilisation.  Pour les adultes \u00e2g\u00e9s de 19 ans ou plus seulement.<\/em><\/p>\n","protected":false},"excerpt":{"rendered":"<p>Chemo, \u00e9galement connu sous le nom de \u00ab UBC Chemo \u00bb par les consommateurs de cannabis, est un hybride 100% indica pur \u00e0 la g\u00e9n\u00e9tique inconnue qui a \u00e9t\u00e9 cr\u00e9\u00e9 sp\u00e9cifiquement pour traiter les patients qui suivent des traitements de chimioth\u00e9rapie. Ce puissant bourgeon offre des effets indica lourds extr\u00eamement puissants caract\u00e9ris\u00e9s par un haut niveau de soulagement de la douleur dans l\u2019esprit et le corps. L\u2019effet est d\u00e9finitivement consid\u00e9r\u00e9 comme une rampante \u2013 vous serez soudainement frapp\u00e9 par une sensation de lourdeur derri\u00e8re les yeux et dans la nuque avant de tomber dans une stupeur s\u00e9dative compl\u00e8te avec un puissant blocage du canap\u00e9 et un cas fort de fringales. En raison de ces effets puissants et de son taux de THC insens\u00e9 qui se situe en moyenne entre 18 et 21%, Chemo est id\u00e9ale pour traiter les patients souffrant de naus\u00e9es, de d\u00e9pression, d\u2019insomnie, de cauchemars et de douleurs chroniques dues \u00e0 la chimio, au cancer et \u00e0 d\u2019autres conditions. Ces p\u00e9pites ont un ar\u00f4me de pin terreux et piquant et un go\u00fbt de pin floral sucr\u00e9 qui devient piquant et dur \u00e0 l\u2019expiration. Les bourgeons Chemo ont des t\u00eates r\u00e9sineuses dures en forme de b\u00eache violet fonc\u00e9 qui sont recouvertes de poils boucl\u00e9s orange fonc\u00e9 riche. Chaque p\u00e9pite est recouverte d\u2019une couche de trichomes de cristal blanc \u00e9pais et d\u2019une fine couche de r\u00e9sine sucr\u00e9e collante.      <\/p>\n<p>EN RUPTURE DE STOCK<\/p>\n","protected":false},"featured_media":16803,"comment_status":"open","ping_status":"closed","template":"","meta":{"_acf_changed":false},"product_brand":[],"product_cat":[250],"product_tag":[],"class_list":{"0":"post-19302","1":"product","2":"type-product","3":"status-publish","4":"has-post-thumbnail","6":"product_cat-pot-indica","7":"pa_weight-1-oz-fr-ca","8":"pa_weight-1-2-oz-fr-ca","9":"pa_weight-1-4-oz-fr-ca-2","11":"first","12":"outofstock","13":"shipping-taxable","14":"purchasable","15":"product-type-variable"},"acf":[],"_links":{"self":[{"href":"https:\/\/420now.co\/fr-ca\/wp-json\/wp\/v2\/product\/19302","targetHints":{"allow":["GET"]}}],"collection":[{"href":"https:\/\/420now.co\/fr-ca\/wp-json\/wp\/v2\/product"}],"about":[{"href":"https:\/\/420now.co\/fr-ca\/wp-json\/wp\/v2\/types\/product"}],"replies":[{"embeddable":true,"href":"https:\/\/420now.co\/fr-ca\/wp-json\/wp\/v2\/comments?post=19302"}],"wp:featuredmedia":[{"embeddable":true,"href":"https:\/\/420now.co\/fr-ca\/wp-json\/wp\/v2\/media\/16803"}],"wp:attachment":[{"href":"https:\/\/420now.co\/fr-ca\/wp-json\/wp\/v2\/media?parent=19302"}],"wp:term":[{"taxonomy":"product_brand","embeddable":true,"href":"https:\/\/420now.co\/fr-ca\/wp-json\/wp\/v2\/product_brand?post=19302"},{"taxonomy":"product_cat","embeddable":true,"href":"https:\/\/420now.co\/fr-ca\/wp-json\/wp\/v2\/product_cat?post=19302"},{"taxonomy":"product_tag","embeddable":true,"href":"https:\/\/420now.co\/fr-ca\/wp-json\/wp\/v2\/product_tag?post=19302"}],"curies":[{"name":"wp","href":"https:\/\/api.w.org\/{rel}","templated":true}]}}