{"id":19310,"date":"2021-02-15T15:59:50","date_gmt":"2021-02-15T20:59:50","guid":{"rendered":"https:\/\/420now.co\/product\/the-wesley-nightea-60mg-thc-nuit\/"},"modified":"2026-02-08T18:52:26","modified_gmt":"2026-02-08T23:52:26","slug":"the-wesley-nightea-60mg-thc-nuit","status":"publish","type":"product","link":"https:\/\/420now.co\/fr-ca\/product\/the-wesley-nightea-60mg-thc-nuit\/","title":{"rendered":"Th\u00e9 Wesley NIGHTEA 60mg THC (Nuit)"},"content":{"rendered":"<p>Un m\u00e9lange apaisant de camomille biologique, d\u2019hibiscus, de p\u00e9tales de rose et de citronnelle qui am\u00e9liore l\u2019humeur et soulage le stress.<\/p>\n<p>C\u2019est le th\u00e9 parfait pour se d\u00e9tendre avant le coucher!<\/p>\n<h2>Comment infuser Wesley NIGHTEA<\/h2>\n<p>Apportez de l\u2019eau fra\u00eeche filtr\u00e9e et versez sur le sac filtrant dans votre tasse. Pour le th\u00e9 glac\u00e9, utilisez 2 sachets pour chaque 8 oz liq. <\/p>\n<h2>Ingr\u00e9dients<\/h2>\n<ul>\n<li>Th\u00e9 vert<\/li>\n<li>Riz brun<\/li>\n<li>Feuille de cannabis<\/li>\n<li>Huile MCT<\/li>\n<li>Distillat de THC<\/li>\n<li>Capsule v\u00e9g\u00e9talienne<\/li>\n<\/ul>\n","protected":false},"excerpt":{"rendered":"<p>Un m\u00e9lange apaisant de camomille biologique, d\u2019hibiscus, de p\u00e9tales de rose et de citronnelle qui am\u00e9liore l\u2019humeur et soulage le stress.<\/p>\n<p>C\u2019est le th\u00e9 parfait pour se d\u00e9tendre avant le coucher!<\/p>\n","protected":false},"featured_media":17164,"comment_status":"open","ping_status":"closed","template":"","meta":{"_acf_changed":false},"product_brand":[375],"product_cat":[224],"product_tag":[],"class_list":{"0":"post-19310","1":"product","2":"type-product","3":"status-publish","4":"has-post-thumbnail","6":"product_brand-wesley-tea","7":"product_cat-the","9":"first","10":"instock","11":"shipping-taxable","12":"purchasable","13":"product-type-simple"},"acf":[],"_links":{"self":[{"href":"https:\/\/420now.co\/fr-ca\/wp-json\/wp\/v2\/product\/19310","targetHints":{"allow":["GET"]}}],"collection":[{"href":"https:\/\/420now.co\/fr-ca\/wp-json\/wp\/v2\/product"}],"about":[{"href":"https:\/\/420now.co\/fr-ca\/wp-json\/wp\/v2\/types\/product"}],"replies":[{"embeddable":true,"href":"https:\/\/420now.co\/fr-ca\/wp-json\/wp\/v2\/comments?post=19310"}],"wp:featuredmedia":[{"embeddable":true,"href":"https:\/\/420now.co\/fr-ca\/wp-json\/wp\/v2\/media\/17164"}],"wp:attachment":[{"href":"https:\/\/420now.co\/fr-ca\/wp-json\/wp\/v2\/media?parent=19310"}],"wp:term":[{"taxonomy":"product_brand","embeddable":true,"href":"https:\/\/420now.co\/fr-ca\/wp-json\/wp\/v2\/product_brand?post=19310"},{"taxonomy":"product_cat","embeddable":true,"href":"https:\/\/420now.co\/fr-ca\/wp-json\/wp\/v2\/product_cat?post=19310"},{"taxonomy":"product_tag","embeddable":true,"href":"https:\/\/420now.co\/fr-ca\/wp-json\/wp\/v2\/product_tag?post=19310"}],"curies":[{"name":"wp","href":"https:\/\/api.w.org\/{rel}","templated":true}]}}