{"id":19316,"date":"2021-02-16T13:45:12","date_gmt":"2021-02-16T18:45:12","guid":{"rendered":"https:\/\/420now.co\/product\/doctor-canna-cola-soda-a-la-creme\/"},"modified":"2026-02-08T16:18:41","modified_gmt":"2026-02-08T21:18:41","slug":"doctor-canna-cola-soda-a-la-creme","status":"publish","type":"product","link":"https:\/\/420now.co\/fr-ca\/product\/doctor-canna-cola-soda-a-la-creme\/","title":{"rendered":"Doctor Canna Cola (soda \u00e0 la cr\u00e8me)"},"content":{"rendered":"<p>Doctor Canna Cola (soda \u00e0 la cr\u00e8me)<\/p>\n","protected":false},"excerpt":{"rendered":"<p>Doctor Canna Cola (soda \u00e0 la cr\u00e8me)<\/p>\n","protected":false},"featured_media":17670,"comment_status":"open","ping_status":"closed","template":"","meta":{"_acf_changed":false},"product_brand":[],"product_cat":[223],"product_tag":[295],"class_list":{"0":"post-19316","1":"product","2":"type-product","3":"status-publish","4":"has-post-thumbnail","6":"product_cat-boissons-gazeuses","7":"product_tag-doctor-fr-ca","9":"first","10":"instock","11":"shipping-taxable","12":"purchasable","13":"product-type-simple"},"acf":[],"_links":{"self":[{"href":"https:\/\/420now.co\/fr-ca\/wp-json\/wp\/v2\/product\/19316","targetHints":{"allow":["GET"]}}],"collection":[{"href":"https:\/\/420now.co\/fr-ca\/wp-json\/wp\/v2\/product"}],"about":[{"href":"https:\/\/420now.co\/fr-ca\/wp-json\/wp\/v2\/types\/product"}],"replies":[{"embeddable":true,"href":"https:\/\/420now.co\/fr-ca\/wp-json\/wp\/v2\/comments?post=19316"}],"wp:featuredmedia":[{"embeddable":true,"href":"https:\/\/420now.co\/fr-ca\/wp-json\/wp\/v2\/media\/17670"}],"wp:attachment":[{"href":"https:\/\/420now.co\/fr-ca\/wp-json\/wp\/v2\/media?parent=19316"}],"wp:term":[{"taxonomy":"product_brand","embeddable":true,"href":"https:\/\/420now.co\/fr-ca\/wp-json\/wp\/v2\/product_brand?post=19316"},{"taxonomy":"product_cat","embeddable":true,"href":"https:\/\/420now.co\/fr-ca\/wp-json\/wp\/v2\/product_cat?post=19316"},{"taxonomy":"product_tag","embeddable":true,"href":"https:\/\/420now.co\/fr-ca\/wp-json\/wp\/v2\/product_tag?post=19316"}],"curies":[{"name":"wp","href":"https:\/\/api.w.org\/{rel}","templated":true}]}}