{"id":19318,"date":"2021-02-15T19:51:57","date_gmt":"2021-02-16T00:51:57","guid":{"rendered":"https:\/\/420now.co\/product\/doweedos-piment-doux-epice-600-mg-thc\/"},"modified":"2026-03-23T01:57:50","modified_gmt":"2026-03-23T05:57:50","slug":"doweedos-piment-doux-epice-600-mg-thc","status":"publish","type":"product","link":"https:\/\/420now.co\/fr-ca\/product\/doweedos-piment-doux-epice-600-mg-thc\/","title":{"rendered":"DOWEEDOS (piment doux \u00e9pic\u00e9) 600 mg THC"},"content":{"rendered":"<p>Vous aimez vos croustilles piquantes au go\u00fbt de piment doux? Ajoutez \u00e0 cela le bonus de 600 mg de THC dans chaque paquet et vous adorerez les croustilles de cannabis Doweedos &#8211; parfaites comme collation lorsque vous voulez un comestible \/ m\u00e9dible avec une grande dose de THC. <\/p>\n<p>Pour ceux qui aiment leur exp\u00e9rience du THC en tant que comestible, ou pour ceux qui ne peuvent pas fumer. Piment doux \u00e9pic\u00e9 Doweedos avec un coup de fouet de 600 mg de THC. <\/p>\n<p>Il est pr\u00e9f\u00e9rable d\u2019essayer seulement une ou deux de ces \u00ab croustilles de cannabis \u00bb et d\u2019attendre 20 \u00e0 30 minutes pour voir comment vous vous sentez avant de continuer avec le paquet &#8211; bien que vos amis l\u2019adoreront si vous partagez.<\/p>\n<h2>Avantages du piment doux \u00e9pic\u00e9 Doweedos THC<\/h2>\n<p>Ces croustilles comestibles (parfois appel\u00e9es \u00ab croustilles de cannabis \u00bb) sont un excellent moyen pour vous d\u2019acqu\u00e9rir votre exp\u00e9rience du THC sans fumer. Ils sont pratiques \u00e0 jeter dans la voiture, dans l\u2019armoire ou si vous transportez un sac \u00e0 main \u2013 l\u00e0-dedans, et donc tr\u00e8s discrets. <\/p>\n<p>Vous adorerez aussi le piment doux \u00e0 saveur d\u2019\u00e9pices!<\/p>\n<p>Chaque paquet de croustilles de piment doux \u00e9pic\u00e9 de Doweedo contient 600 mg de THC.<\/p>\n<p>Lorsque vous les essayez pour la premi\u00e8re fois, prenez simplement 1 ou 2 chips au d\u00e9but pour voir comment elles vous affectent. Attendez de 20 \u00e0 30 minutes. Il est probablement pr\u00e9f\u00e9rable de ne pas manger tout l\u2019emballage de ces croustilles de cannabis en une seule fois! Bien s\u00fbr, vos amis vous aimeront encore plus si vous partagez! Mais ils sont si savoureux que vous ne voudrez peut-\u00eatre pas le faire.    <\/p>\n<h2>Livraison de croustilles Doweedos THC Spicy Sweet Chilli THC 600 MG \u2013 R\u00e9gion du Grand Toronto<\/h2>\n<p>Livraison gratuite en 2 heures avec une commande minimale de 100,00 $ de l\u2019un de nos produits, y compris les croustilles de THC de Doweedo de 420Now Weed Delivery. Veuillez commander avant 20 h pour une livraison en deux heures le jour m\u00eame.   <\/p>\n<p>*Livraison en deux heures \u00e0 Toronto (Scarborough, North York, Etobicoke, DownTown, York &#8211; toutes les r\u00e9gions \u00e0 l\u2019int\u00e9rieur des fronti\u00e8res de la ville de Toronto), Richmond Hill, King, Aurora, Newmarket, Woodbridge, Vaughan et Markham.<\/p>\n<p>\u00c9galement disponible pour exp\u00e9dition partout au Canada.<\/p>\n","protected":false},"excerpt":{"rendered":"<p>Vous aimez vos croustilles piquantes au go\u00fbt de piment doux? Ajoutez \u00e0 cela le bonus de 600 mg de THC dans chaque paquet et vous adorerez les croustilles de cannabis Doweedos &#8211; parfaites comme collation lorsque vous voulez un comestible \/ m\u00e9dible avec une grande dose de THC. <\/p>\n<p>Pour ceux qui aiment leur exp\u00e9rience du THC en tant que comestible, ou pour ceux qui ne peuvent pas fumer. Piment doux \u00e9pic\u00e9 Doweedos avec un coup de fouet de 600 mg de THC. <\/p>\n<p>Il est pr\u00e9f\u00e9rable d\u2019essayer seulement une ou deux de ces \u00ab croustilles de cannabis \u00bb et d\u2019attendre 20 \u00e0 30 minutes pour voir comment vous vous sentez avant de continuer avec le paquet &#8211; bien que vos amis l\u2019adoreront si vous partagez.<\/p>\n<p>600 mg de THC<br \/>\n\u00e0 saveur de piment doux \u00e9pic\u00e9.<\/p>\n<p>Livraison gratuite de 2 heures \u00e0 Toronto, Richmond Hill, Markham, Vaughan, Aurora, Newmarket, Bradford (commande minimale de 100,00 de n\u2019importe quel produit sur notre site web).  <\/p>\n<p>Exp\u00e9dition \u00e0 travers le Canada<br \/>\n<strong><br \/>\nGardez les produits comestibles hors de la port\u00e9e des enfants.<\/strong><\/p>\n","protected":false},"featured_media":17424,"comment_status":"open","ping_status":"closed","template":"","meta":{"_acf_changed":false},"product_brand":[],"product_cat":[219],"product_tag":[294],"class_list":{"0":"post-19318","1":"product","2":"type-product","3":"status-publish","4":"has-post-thumbnail","6":"product_cat-comestibles","7":"product_tag-croustilles","9":"first","10":"instock","11":"shipping-taxable","12":"purchasable","13":"product-type-simple"},"acf":[],"_links":{"self":[{"href":"https:\/\/420now.co\/fr-ca\/wp-json\/wp\/v2\/product\/19318","targetHints":{"allow":["GET"]}}],"collection":[{"href":"https:\/\/420now.co\/fr-ca\/wp-json\/wp\/v2\/product"}],"about":[{"href":"https:\/\/420now.co\/fr-ca\/wp-json\/wp\/v2\/types\/product"}],"replies":[{"embeddable":true,"href":"https:\/\/420now.co\/fr-ca\/wp-json\/wp\/v2\/comments?post=19318"}],"wp:featuredmedia":[{"embeddable":true,"href":"https:\/\/420now.co\/fr-ca\/wp-json\/wp\/v2\/media\/17424"}],"wp:attachment":[{"href":"https:\/\/420now.co\/fr-ca\/wp-json\/wp\/v2\/media?parent=19318"}],"wp:term":[{"taxonomy":"product_brand","embeddable":true,"href":"https:\/\/420now.co\/fr-ca\/wp-json\/wp\/v2\/product_brand?post=19318"},{"taxonomy":"product_cat","embeddable":true,"href":"https:\/\/420now.co\/fr-ca\/wp-json\/wp\/v2\/product_cat?post=19318"},{"taxonomy":"product_tag","embeddable":true,"href":"https:\/\/420now.co\/fr-ca\/wp-json\/wp\/v2\/product_tag?post=19318"}],"curies":[{"name":"wp","href":"https:\/\/api.w.org\/{rel}","templated":true}]}}