{"id":19319,"date":"2021-02-15T20:58:10","date_gmt":"2021-02-16T01:58:10","guid":{"rendered":"https:\/\/420now.co\/product\/wesley-green-activitea-60mg-thc\/"},"modified":"2026-02-08T18:42:39","modified_gmt":"2026-02-08T23:42:39","slug":"wesley-green-activitea-60mg-thc","status":"publish","type":"product","link":"https:\/\/420now.co\/fr-ca\/product\/wesley-green-activitea-60mg-thc\/","title":{"rendered":"Wesley Green Activitea 60mg THC"},"content":{"rendered":"<div class=\"woocommerce-product-details__short-description\">\n<p>Th\u00e9 infus\u00e9 au THC 60 mg de Green Activitea Maximum Strength \u2013 riche en antioxydants et en caf\u00e9ine naturelle, notre th\u00e9 vert \u00e0 poudre \u00e0 canon biologique est m\u00e9lang\u00e9 \u00e0 des tiges de cannabis et enrichi de THC.<\/p>\n<p>Un go\u00fbt doux et stratifi\u00e9 qui rajeunit instantan\u00e9ment l\u2019esprit et le corps. Utile pour l\u2019app\u00e9tit et la cr\u00e9ativit\u00e9. <\/p>\n<\/div>\n<h2>Brassage Wesley Green Activitea<\/h2>\n<p>Apportez de l\u2019eau fra\u00eeche filtr\u00e9e et versez sur le sac filtre dans votre tasse. Pour le th\u00e9 glac\u00e9, utilisez 1 sachet par 8 fl oz. Si vous souhaitez faire du th\u00e9 glac\u00e9, il est recommand\u00e9 d\u2019utiliser 2 sachets par 8 fl. Oz.<\/p>\n<h2>Ingr\u00e9dients du th\u00e9<\/h2>\n<ul>\n<li>Th\u00e9 vert<\/li>\n<li>Riz brun<\/li>\n<li>Feuille de cannabis<\/li>\n<li>Huile MCT<\/li>\n<li>Distillat de THC<\/li>\n<li>Capsule v\u00e9g\u00e9talienne<\/li>\n<\/ul>\n","protected":false},"excerpt":{"rendered":"<p>Th\u00e9 infus\u00e9 au THC 60 mg de Green Activitea Maximum Strength \u2013 riche en antioxydants et en caf\u00e9ine naturelle, notre th\u00e9 vert \u00e0 poudre \u00e0 canon biologique est m\u00e9lang\u00e9 \u00e0 des tiges de cannabis et enrichi de THC.<\/p>\n<p>Un go\u00fbt doux et stratifi\u00e9 qui rajeunit instantan\u00e9ment l\u2019esprit et le corps. Utile pour l\u2019app\u00e9tit et la cr\u00e9ativit\u00e9. <\/p>\n","protected":false},"featured_media":17166,"comment_status":"open","ping_status":"closed","template":"","meta":{"_acf_changed":false},"product_brand":[375],"product_cat":[224],"product_tag":[319],"class_list":{"0":"post-19319","1":"product","2":"type-product","3":"status-publish","4":"has-post-thumbnail","6":"product_brand-wesley-tea","7":"product_cat-the","8":"product_tag-wesley-fr-ca","10":"first","11":"instock","12":"shipping-taxable","13":"purchasable","14":"product-type-simple"},"acf":[],"_links":{"self":[{"href":"https:\/\/420now.co\/fr-ca\/wp-json\/wp\/v2\/product\/19319","targetHints":{"allow":["GET"]}}],"collection":[{"href":"https:\/\/420now.co\/fr-ca\/wp-json\/wp\/v2\/product"}],"about":[{"href":"https:\/\/420now.co\/fr-ca\/wp-json\/wp\/v2\/types\/product"}],"replies":[{"embeddable":true,"href":"https:\/\/420now.co\/fr-ca\/wp-json\/wp\/v2\/comments?post=19319"}],"wp:featuredmedia":[{"embeddable":true,"href":"https:\/\/420now.co\/fr-ca\/wp-json\/wp\/v2\/media\/17166"}],"wp:attachment":[{"href":"https:\/\/420now.co\/fr-ca\/wp-json\/wp\/v2\/media?parent=19319"}],"wp:term":[{"taxonomy":"product_brand","embeddable":true,"href":"https:\/\/420now.co\/fr-ca\/wp-json\/wp\/v2\/product_brand?post=19319"},{"taxonomy":"product_cat","embeddable":true,"href":"https:\/\/420now.co\/fr-ca\/wp-json\/wp\/v2\/product_cat?post=19319"},{"taxonomy":"product_tag","embeddable":true,"href":"https:\/\/420now.co\/fr-ca\/wp-json\/wp\/v2\/product_tag?post=19319"}],"curies":[{"name":"wp","href":"https:\/\/api.w.org\/{rel}","templated":true}]}}