{"id":19322,"date":"2021-02-09T15:14:58","date_gmt":"2021-02-09T20:14:58","guid":{"rendered":"https:\/\/420now.co\/product\/hightea-majestic-mint-thc\/"},"modified":"2026-02-08T16:41:27","modified_gmt":"2026-02-08T21:41:27","slug":"hightea-majestic-mint-thc","status":"publish","type":"product","link":"https:\/\/420now.co\/fr-ca\/product\/hightea-majestic-mint-thc\/","title":{"rendered":"HIGHTEA Majestic Mint THC"},"content":{"rendered":"<p>M\u00e9lange de tisanes infus\u00e9es au cannabis. D\u00e9stressez, d\u00e9tendez-vous et apaisez la douleur! 10 portions de th\u00e9 au THC biodisponible (sachets de th\u00e9 inclus).  <\/p>\n<p>Contient 100 mg de THC.<\/p>\n","protected":false},"excerpt":{"rendered":"<p>M\u00e9lange de tisanes infus\u00e9es au cannabis. D\u00e9stressez, d\u00e9tendez-vous et apaisez la douleur! 10 portions de th\u00e9 au THC biodisponible (sachets de th\u00e9 inclus).  <\/p>\n<p>Contient 100 mg de THC.<\/p>\n","protected":false},"featured_media":16833,"comment_status":"open","ping_status":"closed","template":"","meta":{"_acf_changed":false},"product_brand":[372],"product_cat":[224],"product_tag":[],"class_list":{"0":"post-19322","1":"product","2":"type-product","3":"status-publish","4":"has-post-thumbnail","6":"product_brand-hightea","7":"product_cat-the","9":"first","10":"instock","11":"shipping-taxable","12":"purchasable","13":"product-type-simple"},"acf":[],"_links":{"self":[{"href":"https:\/\/420now.co\/fr-ca\/wp-json\/wp\/v2\/product\/19322","targetHints":{"allow":["GET"]}}],"collection":[{"href":"https:\/\/420now.co\/fr-ca\/wp-json\/wp\/v2\/product"}],"about":[{"href":"https:\/\/420now.co\/fr-ca\/wp-json\/wp\/v2\/types\/product"}],"replies":[{"embeddable":true,"href":"https:\/\/420now.co\/fr-ca\/wp-json\/wp\/v2\/comments?post=19322"}],"wp:featuredmedia":[{"embeddable":true,"href":"https:\/\/420now.co\/fr-ca\/wp-json\/wp\/v2\/media\/16833"}],"wp:attachment":[{"href":"https:\/\/420now.co\/fr-ca\/wp-json\/wp\/v2\/media?parent=19322"}],"wp:term":[{"taxonomy":"product_brand","embeddable":true,"href":"https:\/\/420now.co\/fr-ca\/wp-json\/wp\/v2\/product_brand?post=19322"},{"taxonomy":"product_cat","embeddable":true,"href":"https:\/\/420now.co\/fr-ca\/wp-json\/wp\/v2\/product_cat?post=19322"},{"taxonomy":"product_tag","embeddable":true,"href":"https:\/\/420now.co\/fr-ca\/wp-json\/wp\/v2\/product_tag?post=19322"}],"curies":[{"name":"wp","href":"https:\/\/api.w.org\/{rel}","templated":true}]}}