{"id":19323,"date":"2021-02-15T15:35:19","date_gmt":"2021-02-15T20:35:19","guid":{"rendered":"https:\/\/420now.co\/product\/girl-scout-cookies\/"},"modified":"2026-03-12T20:22:56","modified_gmt":"2026-03-13T00:22:56","slug":"girl-scout-cookies","status":"publish","type":"product","link":"https:\/\/420now.co\/fr-ca\/product\/girl-scout-cookies\/","title":{"rendered":"Girl Scout Cookies"},"content":{"rendered":"<p>Cookies, \u00e9galement connue sous le nom de \u00ab Girl Scout Cookie \u00bb, est une vari\u00e9t\u00e9 hybride \u00e0 dominante indica (60% indica\/40% sativa) cr\u00e9\u00e9e gr\u00e2ce \u00e0 un croisement \u00e0 trois voies des puissantes vari\u00e9t\u00e9s OG Kush X Durban Poison X Cherry Kush. Ce savoureux bourgeon est culte en raison de ses saveurs de biscuits et de ses effets hybrides super sucr\u00e9s. Cookies a un go\u00fbt de kush terreux avec des accents de cerises douces et de citron noisette. L\u2019ar\u00f4me est tr\u00e8s similaire, avec un go\u00fbt de noisette terreux accentu\u00e9 par un l\u00e9ger piquant et une douce vanille douce et des \u00e9pices. Ce bourgeon a des t\u00eates vert olive fonc\u00e9 surdimensionn\u00e9es en forme de b\u00eache avec des poils orange ardent vif, des trichomes cristallins de couleur ambr\u00e9e et des gouttelettes visibles de r\u00e9sine sucr\u00e9e collante. Le high de Cookies est tout aussi sucr\u00e9 que la saveur, avec des effets bien \u00e9quilibr\u00e9s qui plairaient aux connaisseurs les plus difficiles. Cela commence par un high c\u00e9r\u00e9bral euphorisant qui am\u00e9liore instantan\u00e9ment votre humeur et remplace les pens\u00e9es n\u00e9gatives par une \u00e9nergie introspective. Cela s\u2019accompagne d\u2019un high corporel de longue dur\u00e9e qui vous fond partout o\u00f9 vous \u00eates assis et vous insuffle une sensation de faim inextinguible. Ces effets et son taux moyen de THC de 24% rendent Cookies parfait pour traiter des conditions telles que le stress chronique ou l\u2019anxi\u00e9t\u00e9, la perte d\u2019app\u00e9tit, la d\u00e9pression, les naus\u00e9es et les douleurs chroniques.        <\/p>\n","protected":false},"excerpt":{"rendered":"<p>Cookies, \u00e9galement connue sous le nom de \u00ab Girl Scout Cookie \u00bb, est une vari\u00e9t\u00e9 hybride \u00e0 dominante indica (60% indica\/40% sativa) cr\u00e9\u00e9e gr\u00e2ce \u00e0 un croisement \u00e0 trois voies des puissantes vari\u00e9t\u00e9s OG Kush X Durban Poison X Cherry Kush. Ce savoureux bourgeon est culte en raison de ses saveurs de biscuits et de ses effets hybrides super sucr\u00e9s. Cookies a un go\u00fbt de kush terreux avec des accents de cerises douces et de citron noisette. L\u2019ar\u00f4me est tr\u00e8s similaire, avec un go\u00fbt de noisette terreux accentu\u00e9 par un l\u00e9ger piquant et une douce vanille douce et des \u00e9pices. Ce bourgeon a des t\u00eates vert olive fonc\u00e9 surdimensionn\u00e9es en forme de b\u00eache avec des poils orange ardent vif, des trichomes cristallins de couleur ambr\u00e9e et des gouttelettes visibles de r\u00e9sine sucr\u00e9e collante. Le high de Cookies est tout aussi sucr\u00e9 que la saveur, avec des effets bien \u00e9quilibr\u00e9s qui plairaient aux connaisseurs les plus difficiles. Cela commence par un high c\u00e9r\u00e9bral euphorisant qui am\u00e9liore instantan\u00e9ment votre humeur et remplace les pens\u00e9es n\u00e9gatives par une \u00e9nergie introspective. Cela s\u2019accompagne d\u2019un high corporel de longue dur\u00e9e qui vous fond partout o\u00f9 vous \u00eates assis et vous insuffle une sensation de faim inextinguible. Ces effets et son taux moyen de THC de 24% rendent Cookies parfait pour traiter des conditions telles que le stress chronique ou l\u2019anxi\u00e9t\u00e9, la perte d\u2019app\u00e9tit, la d\u00e9pression, les naus\u00e9es et les douleurs chroniques.        <\/p>\n<p>Indica Hybride dominant<\/p>\n","protected":false},"featured_media":16804,"comment_status":"open","ping_status":"closed","template":"","meta":{"_acf_changed":false},"product_brand":[],"product_cat":[250],"product_tag":[],"class_list":{"0":"post-19323","1":"product","2":"type-product","3":"status-publish","4":"has-post-thumbnail","6":"product_cat-pot-indica","7":"pa_weight-1-oz-fr-ca","8":"pa_weight-1-2-oz-fr-ca","9":"pa_weight-1-4-oz-fr-ca-2","11":"first","12":"instock","13":"shipping-taxable","14":"purchasable","15":"product-type-variable"},"acf":[],"_links":{"self":[{"href":"https:\/\/420now.co\/fr-ca\/wp-json\/wp\/v2\/product\/19323","targetHints":{"allow":["GET"]}}],"collection":[{"href":"https:\/\/420now.co\/fr-ca\/wp-json\/wp\/v2\/product"}],"about":[{"href":"https:\/\/420now.co\/fr-ca\/wp-json\/wp\/v2\/types\/product"}],"replies":[{"embeddable":true,"href":"https:\/\/420now.co\/fr-ca\/wp-json\/wp\/v2\/comments?post=19323"}],"wp:featuredmedia":[{"embeddable":true,"href":"https:\/\/420now.co\/fr-ca\/wp-json\/wp\/v2\/media\/16804"}],"wp:attachment":[{"href":"https:\/\/420now.co\/fr-ca\/wp-json\/wp\/v2\/media?parent=19323"}],"wp:term":[{"taxonomy":"product_brand","embeddable":true,"href":"https:\/\/420now.co\/fr-ca\/wp-json\/wp\/v2\/product_brand?post=19323"},{"taxonomy":"product_cat","embeddable":true,"href":"https:\/\/420now.co\/fr-ca\/wp-json\/wp\/v2\/product_cat?post=19323"},{"taxonomy":"product_tag","embeddable":true,"href":"https:\/\/420now.co\/fr-ca\/wp-json\/wp\/v2\/product_tag?post=19323"}],"curies":[{"name":"wp","href":"https:\/\/api.w.org\/{rel}","templated":true}]}}