{"id":19330,"date":"2022-11-02T16:01:46","date_gmt":"2022-11-02T20:01:46","guid":{"rendered":"https:\/\/420now.co\/product\/twisted-extracts-cbd-jelly-bombs-peche\/"},"modified":"2026-04-06T23:32:34","modified_gmt":"2026-04-07T03:32:34","slug":"twisted-extracts-cbd-jelly-bombs-peche","status":"publish","type":"product","link":"https:\/\/420now.co\/fr-ca\/product\/twisted-extracts-cbd-jelly-bombs-peche\/","title":{"rendered":"Twisted Extracts CBD Jelly Bombs &#8211; P\u00eache"},"content":{"rendered":"<p>Des bombes de gel\u00e9e \u00e0 saveur de p\u00eache qui vous feront vous sentir paisible et serein. Le go\u00fbt de ceux-ci vous fera revenir pour plus de saveur, m\u00eame si c\u2019est le CBD que vous voulez. <\/p>\n<p>Chaque bombe de gel\u00e9e est infus\u00e9e de 80 mg de THC et peut \u00eatre facilement cass\u00e9e en 8 morceaux pour un dosage pr\u00e9cis de 10 mg de CBD chacun. Lorsque vous vous sentez anxieux ou stress\u00e9, prenez un morceau d\u2019une bombe \u00e0 gel\u00e9e de CBD Twisted Extracts. Le CBD est \u00e9galement utile pour traiter la douleur et l\u2019inflammation et de nombreux autres probl\u00e8mes et plaintes m\u00e9dicales.  <\/p>\n<p>Ne vous exposez pas \u00e0 des temp\u00e9ratures \u00e9lev\u00e9es. Gardez vos bombes \u00e0 gel\u00e9e \u00e0 l\u2019extrait torsad\u00e9 au r\u00e9frig\u00e9rateur pour pr\u00e9server leur texture savoureuse.   <\/p>\n<p>Fabriqu\u00e9 au Canada. Approuv\u00e9 par Sant\u00e9 Canada Test\u00e9 en laboratoire. <\/p>\n<p>Tenir hors de la port\u00e9e des enfants.<\/p>\n<h2>Pourquoi faire confiance \u00e0 Twisted Extracts?<\/h2>\n<p>Nous faisons confiance \u00e0 Twisted Extracts pour produire des produits de haute qualit\u00e9, sinon nous ne les stockerions pas et ne les vendrions pas. Donc, vous pouvez aussi faire confiance \u00e0 cette marque. D\u2019une part, ils existent depuis presque dix ans et ont \u00e9t\u00e9 un leader canadien dans le domaine des comestibles au cannabis. Des milliers et des milliers de personnes ont appr\u00e9ci\u00e9 les produits Twisted Extracts, y compris les bombes de gel\u00e9e au CBD. Le mod\u00e8le d\u2019affaires de Twisted Extracts inclut beaucoup de plaidoyer en votre faveur \u2013 et de votre utilisation des produits \u00e0 base de cannabis \u00e0 des fins r\u00e9cr\u00e9atives et m\u00e9dicales.  <\/p>\n<p>Tous leurs produits sont test\u00e9s en laboratoire dans un laboratoire d\u2019analyse approuv\u00e9 par Sant\u00e9 Canada.  <\/p>\n<h2>\u00c0 quoi les bombes de gel\u00e9e de CBD Twisted Extracts peuvent-elles aider?<\/h2>\n<p>Avec 80 mg par Jelly Bomb que vous pouvez diviser en 8 doses \u00e9gales de 10 mg chacune de CBD, vous obtenez un excellent m\u00e9dicament pour une vari\u00e9t\u00e9 de maux qui incluent le fait d\u2019\u00eatre utile pour :<\/p>\n<ul>\n<li>D\u00e9pression\n<li>Anxi\u00e9t\u00e9\n<li>R\u00e9duction du stress\n<li>Inflammation\n<li>Douleur chronique et aigu\u00eb\n<\/ul>\n<p>Il existe \u00e9galement des preuves que le CBD peut aider les personnes souffrant de divers cancers.  <\/p>\n<h2>Ingr\u00e9dients &#8211; Extraits torsad\u00e9s de p\u00eache<\/h2>\n<ul>\n<li>Sucres (sirop de ma\u00efs, sucre de betterave)\n<li>Eau\n<li>G\u00e9latine\n<li>Acide citrique\n<li>Ar\u00f4mes artificiels\n<li>Pectine\n<li>Huile de noix de coco\n<li>Huile de canola\n<li>CBD\n<li>Cire de carnauba\n<li>FD&amp;C Jaune #6\n<\/ul>\n<h2>Livraison gratuite de bombes \u00e0 gel\u00e9e Twisted Extracts dans la r\u00e9gion du Grand Toronto (RGT)<\/h2>\n<p>Si vous \u00eates dans la r\u00e9gion du Grand Toronto (RGT), vous pouvez obtenir les produits Twisted Extracts dans les 2 heures* \u00e0 votre porte! Commandez avant 20 h et l\u2019un de nos chauffeurs vous livrera le jour m\u00eame, 2 heures gratuitement, lorsque vous commandez un minimum de 100,00 $ de l\u2019un des produits sur notre site Web.<\/p>\n<p>*Livraison en deux heures \u00e0 Toronto (Scarborough, North York, Etobicoke, DownTown, York \u2013 toutes les r\u00e9gions \u00e0 l\u2019int\u00e9rieur des fronti\u00e8res de la ville de Toronto), Richmond Hill, King, Aurora, Newmarket, Woodbridge, Vaughan et Markham.<\/p>\n<p>Pour les r\u00e9gions p\u00e9riph\u00e9riques telles que Brampton, Caledon, Mississauga, Pickering, Ajax, Whitby, Oshawa, Clarington, Scugog, Uxbridge, East Gwillimbury, Georgina et Brock, veuillez nous appeler avant de commander pour d\u00e9terminer la disponibilit\u00e9 des chauffeurs.<\/p>\n<p>Nous exp\u00e9dions \u00e9galement partout au Canada et dans des r\u00e9gions \u00e9loign\u00e9es en dehors de notre zone de livraison gratuite habituelle.<\/p>\n","protected":false},"excerpt":{"rendered":"<p>Des bombes de gel\u00e9e \u00e0 saveur de p\u00eache qui vous feront vous sentir paisible et serein. Le go\u00fbt de ceux-ci vous fera revenir pour plus de saveur, m\u00eame si c\u2019est le CBD que vous voulez. <\/p>\n<p>Chaque bombe de gel\u00e9e est infus\u00e9e de 80 mg de THC et peut \u00eatre facilement cass\u00e9e en 8 morceaux pour un dosage pr\u00e9cis de 10 mg de CBD chacun. Lorsque vous vous sentez anxieux ou stress\u00e9, prenez un morceau d\u2019une bombe \u00e0 gel\u00e9e de CBD Twisted Extracts. Le CBD est \u00e9galement utile pour traiter la douleur et l\u2019inflammation et de nombreux autres probl\u00e8mes et plaintes m\u00e9dicales.  <\/p>\n<p>Ne vous exposez pas \u00e0 des temp\u00e9ratures \u00e9lev\u00e9es. Gardez vos bombes \u00e0 gel\u00e9e \u00e0 l\u2019extrait torsad\u00e9 au r\u00e9frig\u00e9rateur pour pr\u00e9server leur texture savoureuse.   <\/p>\n<p>Fabriqu\u00e9 au Canada. Approuv\u00e9 par Sant\u00e9 Canada Test\u00e9 en laboratoire. <\/p>\n<p>Tenir hors de la port\u00e9e des enfants.<\/p>\n","protected":false},"featured_media":17305,"comment_status":"closed","ping_status":"closed","template":"","meta":{"_acf_changed":false},"product_brand":[],"product_cat":[423],"product_tag":[318],"class_list":{"0":"post-19330","1":"product","2":"type-product","3":"status-publish","4":"has-post-thumbnail","6":"product_cat-bonbons-gelifies-au-cbd","7":"product_tag-twisted-fr-ca","9":"first","10":"instock","11":"shipping-taxable","12":"purchasable","13":"product-type-simple"},"acf":[],"_links":{"self":[{"href":"https:\/\/420now.co\/fr-ca\/wp-json\/wp\/v2\/product\/19330","targetHints":{"allow":["GET"]}}],"collection":[{"href":"https:\/\/420now.co\/fr-ca\/wp-json\/wp\/v2\/product"}],"about":[{"href":"https:\/\/420now.co\/fr-ca\/wp-json\/wp\/v2\/types\/product"}],"replies":[{"embeddable":true,"href":"https:\/\/420now.co\/fr-ca\/wp-json\/wp\/v2\/comments?post=19330"}],"wp:featuredmedia":[{"embeddable":true,"href":"https:\/\/420now.co\/fr-ca\/wp-json\/wp\/v2\/media\/17305"}],"wp:attachment":[{"href":"https:\/\/420now.co\/fr-ca\/wp-json\/wp\/v2\/media?parent=19330"}],"wp:term":[{"taxonomy":"product_brand","embeddable":true,"href":"https:\/\/420now.co\/fr-ca\/wp-json\/wp\/v2\/product_brand?post=19330"},{"taxonomy":"product_cat","embeddable":true,"href":"https:\/\/420now.co\/fr-ca\/wp-json\/wp\/v2\/product_cat?post=19330"},{"taxonomy":"product_tag","embeddable":true,"href":"https:\/\/420now.co\/fr-ca\/wp-json\/wp\/v2\/product_tag?post=19330"}],"curies":[{"name":"wp","href":"https:\/\/api.w.org\/{rel}","templated":true}]}}