{"id":19331,"date":"2022-11-24T17:30:40","date_gmt":"2022-11-24T22:30:40","guid":{"rendered":"https:\/\/420now.co\/product\/faded-edibles-blocs-de-gelee-de-thc-360mg-pomme-verte\/"},"modified":"2026-03-13T14:36:44","modified_gmt":"2026-03-13T18:36:44","slug":"faded-edibles-blocs-de-gelee-de-thc-360mg-pomme-verte","status":"publish","type":"product","link":"https:\/\/420now.co\/fr-ca\/product\/faded-edibles-blocs-de-gelee-de-thc-360mg-pomme-verte\/","title":{"rendered":"Faded Edibles Blocs de Gel\u00e9e de THC 360mg POMME VERTE"},"content":{"rendered":"<p>Ces blocs de gel\u00e9e de 360 mg de THC au go\u00fbt de pomme verte sont infus\u00e9s d\u2019un total de 360 mg de THC. Ils sont livr\u00e9s dans un emballage de 24 pi\u00e8ces, chaque pi\u00e8ce contenant 15 mg.  D\u00e9tendez-vous apr\u00e8s une longue et stressante journ\u00e9e apr\u00e8s en avoir mang\u00e9 quelques-uns.<\/p>\n<p>Les produits comestibles d\u00e9lav\u00e9s sont connus pour leur excellente saveur et leur dosage pr\u00e9cis.<\/p>\n<h2>Avantages des bombes \u00e0 gel\u00e9e comestibles Canabis d\u00e9color\u00e9es<\/h2>\n<p>Avec une dose pr\u00e9cise de 15 mg par pi\u00e8ce, ces Jelly Blocks saveur Pomme Verte sont parfaits quand vous voulez la meilleure saveur et un dosage pr\u00e9cis. Tous les <a href=\"https:\/\/420now.co\/fr-ca\/faded-cannabis-co\/gommes-delavees\/\">bonbons g\u00e9lifi\u00e9s au cannabis d\u00e9lav\u00e9s<\/a> sont test\u00e9s en laboratoire, fabriqu\u00e9s au Canada et utilisent uniquement du cannabis de haute qualit\u00e9 pour leurs produits.  Pr\u00e9server le go\u00fbt et la puissance est un objectif majeur de Faded et leur consistance au fil du temps en a fait un grand favori aupr\u00e8s des amateurs de produits comestibles et m\u00e9dicinales.  <\/p>\n<p>La teneur en THC de ces blocs de gel\u00e9e est parfaite lorsque vous voulez vous d\u00e9tendre et vous d\u00e9tendre sans fumer. C\u2019est un excellent moyen discret d\u2019obtenir votre dose de THC! <\/p>\n<p>Jetez un coup d\u2019\u0153il \u00e0 toutes les <a href=\"https:\/\/420now.co\/fr-ca\/faded-cannabis-co\/gommes-delavees\/\">gommes Faded Edibles<\/a>. D\u00e9couvrez toutes leurs saveurs disponibles! <\/p>\n<h2>Livraison de gommes m\u00e9ga-dos\u00e9es Faded Edibles dans la r\u00e9gion du Grand Toronto (RGT)<\/h2>\n<p>Si vous \u00eates dans la r\u00e9gion du Grand Toronto (RGT), vous pouvez vous procurer Buudabomb THC Gummies en 2 heures* \u00e0 votre porte! Commandez avant 20 h et l\u2019un de nos chauffeurs vous livrera le jour m\u00eame, 2 heures gratuitement, lorsque vous commandez un minimum de 100,00 $ de l\u2019un des produits sur notre site Web.<\/p>\n<p>*Livraison en deux heures \u00e0 Toronto (Scarborough, North York, Etobicoke, DownTown, York \u2013 toutes les r\u00e9gions \u00e0 l\u2019int\u00e9rieur des fronti\u00e8res de la ville de Toronto), Richmond Hill, King, Aurora, Newmarket, Woodbridge, Vaughan et Markham.<\/p>\n<p>Pour les zones situ\u00e9es en dehors de notre zone de livraison, nous pouvons organiser une livraison par la poste \u00e0 votre adresse avec une commande minimale de 100,00 $. Le paiement doit \u00eatre re\u00e7u par courriel Interac (Virement \u00e9lectronique). Nous exp\u00e9dions \u00e0 travers le Canada!  <\/p>\n","protected":false},"excerpt":{"rendered":"<p>Ces blocs de gel\u00e9e de 360 mg de THC au go\u00fbt de pomme verte sont infus\u00e9s d\u2019un total de 360 mg de THC. Ils sont livr\u00e9s dans un emballage de 24 pi\u00e8ces, chaque pi\u00e8ce contenant 15 mg.  D\u00e9tendez-vous apr\u00e8s une longue et stressante journ\u00e9e apr\u00e8s en avoir mang\u00e9 quelques-uns.<\/p>\n<p>Les produits comestibles d\u00e9lav\u00e9s sont connus pour leur excellente saveur et leur dosage pr\u00e9cis.<\/p>\n","protected":false},"featured_media":23440,"comment_status":"open","ping_status":"closed","template":"","meta":{"_acf_changed":false},"product_brand":[352],"product_cat":[231],"product_tag":[298],"class_list":{"0":"post-19331","1":"product","2":"type-product","3":"status-publish","4":"has-post-thumbnail","6":"product_brand-faded-cannabis-co","7":"product_cat-gummies-fr-ca","8":"product_tag-faded-gummy-fr-ca","10":"first","11":"instock","12":"shipping-taxable","13":"purchasable","14":"product-type-simple"},"acf":[],"_links":{"self":[{"href":"https:\/\/420now.co\/fr-ca\/wp-json\/wp\/v2\/product\/19331","targetHints":{"allow":["GET"]}}],"collection":[{"href":"https:\/\/420now.co\/fr-ca\/wp-json\/wp\/v2\/product"}],"about":[{"href":"https:\/\/420now.co\/fr-ca\/wp-json\/wp\/v2\/types\/product"}],"replies":[{"embeddable":true,"href":"https:\/\/420now.co\/fr-ca\/wp-json\/wp\/v2\/comments?post=19331"}],"wp:featuredmedia":[{"embeddable":true,"href":"https:\/\/420now.co\/fr-ca\/wp-json\/wp\/v2\/media\/23440"}],"wp:attachment":[{"href":"https:\/\/420now.co\/fr-ca\/wp-json\/wp\/v2\/media?parent=19331"}],"wp:term":[{"taxonomy":"product_brand","embeddable":true,"href":"https:\/\/420now.co\/fr-ca\/wp-json\/wp\/v2\/product_brand?post=19331"},{"taxonomy":"product_cat","embeddable":true,"href":"https:\/\/420now.co\/fr-ca\/wp-json\/wp\/v2\/product_cat?post=19331"},{"taxonomy":"product_tag","embeddable":true,"href":"https:\/\/420now.co\/fr-ca\/wp-json\/wp\/v2\/product_tag?post=19331"}],"curies":[{"name":"wp","href":"https:\/\/api.w.org\/{rel}","templated":true}]}}