{"id":19336,"date":"2022-11-02T17:49:31","date_gmt":"2022-11-02T21:49:31","guid":{"rendered":"https:\/\/420now.co\/product\/twisted-extracts-jelly-bites-melange-de-baies-indica-500mg-thc\/"},"modified":"2026-04-06T21:56:43","modified_gmt":"2026-04-07T01:56:43","slug":"twisted-extracts-jelly-bites-melange-de-baies-indica-500mg-thc","status":"publish","type":"product","link":"https:\/\/420now.co\/fr-ca\/product\/twisted-extracts-jelly-bites-melange-de-baies-indica-500mg-thc\/","title":{"rendered":"Twisted Extracts Jelly Bites &#8211; M\u00e9lange de baies Indica 500mg THC"},"content":{"rendered":"<p>Quatre d\u00e9licieuses saveurs de punch aux fruits dans chaque emballage, y compris la framboise bleue, le raisin, la canneberge et la cerise noire. Mais le plus important, ce sont les 500 mg de THC Indica dans l\u2019emballage &#8211; chaque Jelly Bite contient 50 mg de THC Indica . Mais croquez dans ces bouch\u00e9es de gel\u00e9e; Vous allez adorer les saveurs!  <\/p>\n<p>Cependant, ils sont mieux utilis\u00e9s par ceux qui savent ce qu\u2019ils peuvent tol\u00e9rer en ce qui concerne les niveaux \u00e9lev\u00e9s de THC. Pour les utilisateurs m\u00e9dicaux, ces bouch\u00e9es de gel\u00e9e sont un excellent produit pour soulager la douleur. <\/p>\n<p>Les utilisateurs r\u00e9cr\u00e9atifs appr\u00e9cieront la force du THC dans chaque bouch\u00e9e de gel\u00e9e et appr\u00e9cieront la discr\u00e9tion qu\u2019ils apportent lorsqu\u2019ils veulent se d\u00e9foncer. Il suffit d\u2019en mettre un dans votre bouche et vous commencerez \u00e0 ressentir les effets en 45 \u00e0 60 minutes. Certaines personnes peuvent le ressentir plus t\u00f4t, tandis que d\u2019autres peuvent prendre un peu plus de temps, jusqu\u2019\u00e0 90 minutes. Mais vous devriez absolument attendre un certain temps avant de penser que vous pourriez en vouloir un autre.   <\/p>\n<p><strong>Utilisations principales :<\/strong> Sommeil |D\u00e9tente |Soulagement de la douleur |Anxi\u00e9t\u00e9 |Plaisir<\/p>\n<p>Fabriqu\u00e9 au Canada. Approuv\u00e9 par Sant\u00e9 Canada Test\u00e9 en laboratoire. <\/p>\n<p>Tenir hors de la port\u00e9e des enfants.<\/p>\n<h2>Pourquoi faire confiance aux bouch\u00e9es de gel\u00e9e Twisted Extracts?<\/h2>\n<p>Nous faisons confiance \u00e0 Twisted Extracts pour produire des produits de haute qualit\u00e9, sinon nous ne les stockerions pas et ne les vendrions pas. Donc, vous pouvez aussi faire confiance \u00e0 cette marque. D\u2019une part, ils existent depuis presque dix ans et ont \u00e9t\u00e9 un leader canadien dans le domaine des comestibles au cannabis. Des milliers et des milliers de personnes ont appr\u00e9ci\u00e9 les produits Twisted Extracts, y compris les bouch\u00e9es de gel\u00e9e au CBD. Le mod\u00e8le d\u2019affaires de Twisted Extracts inclut beaucoup de plaidoyer en votre faveur \u2013 et de votre utilisation des produits \u00e0 base de cannabis \u00e0 des fins r\u00e9cr\u00e9atives et m\u00e9dicales.  <\/p>\n<p>Tous leurs produits sont test\u00e9s en laboratoire dans un laboratoire d\u2019analyse approuv\u00e9 par Sant\u00e9 Canada.  <\/p>\n<h2>Qu\u2019est-ce que Twisted Extracts Jelly Bites Extra Sativa peut aider?<\/h2>\n<p>Avec 50 mg dans chaque bouch\u00e9e de gel\u00e9e, vous obtenez un excellent m\u00e9dicament pour une vari\u00e9t\u00e9 de maux, notamment pour :<\/p>\n<ul>\n<li>D\u00e9pression\n<li>Anxi\u00e9t\u00e9\n<li>R\u00e9duction du stress\n<li>Inflammation\n<li>Douleur chronique et aigu\u00eb\n<li>Insomnie\n<\/ul>\n<h2>Ingr\u00e9dients &#8211; Jelly Bites<\/h2>\n<ul>\n<li>Sucres (sirop de ma\u00efs, sucre de betterave)\n<li>Eau\n<li>G\u00e9latine\n<li>Acide citrique\n<li>Ar\u00f4mes artificiels\n<li>Pectine de fruits\n<li>Huile de noix de coco\n<li>Extrait de cannabis\n<li>Cire d\u2019abeille\n<li>FD&amp;C Rouge #40, FD&amp;C Jaune #5, FD&amp;C Bleu #1\n<\/ul>\n<h2>Livraison gratuite de bouch\u00e9es de gel\u00e9e Twisted Extracts dans la r\u00e9gion du Grand Toronto (RGT)<\/h2>\n<p>Si vous \u00eates dans la r\u00e9gion du Grand Toronto (RGT), vous pouvez obtenir les produits Twisted Extracts dans les 2 heures* \u00e0 votre porte! Commandez avant 20 h et l\u2019un de nos chauffeurs vous livrera le jour m\u00eame, 2 heures gratuitement, lorsque vous commandez un minimum de 100,00 $ de l\u2019un des produits sur notre site Web.<\/p>\n<p>*Livraison en deux heures \u00e0 Toronto (Scarborough, North York, Etobicoke, DownTown, York \u2013 toutes les r\u00e9gions \u00e0 l\u2019int\u00e9rieur des fronti\u00e8res de la ville de Toronto), Richmond Hill, King, Aurora, Newmarket, Woodbridge, Vaughan et Markham.<\/p>\n<p>Pour les r\u00e9gions p\u00e9riph\u00e9riques, notamment Brampton, Caledon, Mississauga, Pickering, Ajax, Whitby, Oshawa, Clarington, Scugog, Uxbridge, East Gwillimbury, Georgina et Brock, veuillez nous appeler avant de commander pour d\u00e9terminer la disponibilit\u00e9 des chauffeurs.<\/p>\n<p>Nous exp\u00e9dions \u00e9galement partout au Canada et dans des r\u00e9gions \u00e9loign\u00e9es en dehors de notre zone de livraison gratuite habituelle.<\/p>\n","protected":false},"excerpt":{"rendered":"<p>Quatre d\u00e9licieuses saveurs de punch aux fruits dans chaque emballage, y compris la framboise bleue, le raisin, la canneberge et la cerise noire. Mais le plus important, ce sont les 500 mg de THC Indica dans l\u2019emballage &#8211; chaque Jelly Bite contient 50 mg de THC Indica . Mais croquez dans ces bouch\u00e9es de gel\u00e9e; Vous allez adorer les saveurs!  <\/p>\n<p>Cependant, ils sont mieux utilis\u00e9s par ceux qui savent ce qu\u2019ils peuvent tol\u00e9rer en ce qui concerne les niveaux \u00e9lev\u00e9s de THC. Pour les utilisateurs m\u00e9dicaux, ces bouch\u00e9es de gel\u00e9e sont un excellent produit pour soulager la douleur. <\/p>\n<p>Les utilisateurs r\u00e9cr\u00e9atifs appr\u00e9cieront la force du THC dans chaque bouch\u00e9e de gel\u00e9e et appr\u00e9cieront la discr\u00e9tion qu\u2019ils apportent lorsqu\u2019ils veulent se d\u00e9foncer. Il suffit d\u2019en mettre un dans votre bouche et vous commencerez \u00e0 ressentir les effets en 45 \u00e0 60 minutes. Certaines personnes peuvent le ressentir plus t\u00f4t, tandis que d\u2019autres peuvent prendre un peu plus de temps, jusqu\u2019\u00e0 90 minutes. Mais vous devriez absolument attendre un certain temps avant de penser que vous pourriez en vouloir un autre.   <\/p>\n<p><strong>Utilisations principales :<\/strong> Sommeil |D\u00e9tente |Soulagement de la douleur |Anxi\u00e9t\u00e9 |Plaisir<\/p>\n<p>Fabriqu\u00e9 au Canada. Approuv\u00e9 par Sant\u00e9 Canada Test\u00e9 en laboratoire. <\/p>\n<p>Tenir hors de la port\u00e9e des enfants.<\/p>\n","protected":false},"featured_media":17309,"comment_status":"open","ping_status":"closed","template":"","meta":{"_acf_changed":false},"product_brand":[],"product_cat":[231],"product_tag":[318],"class_list":{"0":"post-19336","1":"product","2":"type-product","3":"status-publish","4":"has-post-thumbnail","6":"product_cat-gummies-fr-ca","7":"product_tag-twisted-fr-ca","9":"first","10":"instock","11":"shipping-taxable","12":"purchasable","13":"product-type-simple"},"acf":[],"_links":{"self":[{"href":"https:\/\/420now.co\/fr-ca\/wp-json\/wp\/v2\/product\/19336","targetHints":{"allow":["GET"]}}],"collection":[{"href":"https:\/\/420now.co\/fr-ca\/wp-json\/wp\/v2\/product"}],"about":[{"href":"https:\/\/420now.co\/fr-ca\/wp-json\/wp\/v2\/types\/product"}],"replies":[{"embeddable":true,"href":"https:\/\/420now.co\/fr-ca\/wp-json\/wp\/v2\/comments?post=19336"}],"wp:featuredmedia":[{"embeddable":true,"href":"https:\/\/420now.co\/fr-ca\/wp-json\/wp\/v2\/media\/17309"}],"wp:attachment":[{"href":"https:\/\/420now.co\/fr-ca\/wp-json\/wp\/v2\/media?parent=19336"}],"wp:term":[{"taxonomy":"product_brand","embeddable":true,"href":"https:\/\/420now.co\/fr-ca\/wp-json\/wp\/v2\/product_brand?post=19336"},{"taxonomy":"product_cat","embeddable":true,"href":"https:\/\/420now.co\/fr-ca\/wp-json\/wp\/v2\/product_cat?post=19336"},{"taxonomy":"product_tag","embeddable":true,"href":"https:\/\/420now.co\/fr-ca\/wp-json\/wp\/v2\/product_tag?post=19336"}],"curies":[{"name":"wp","href":"https:\/\/api.w.org\/{rel}","templated":true}]}}